{"id":8405,"date":"2023-08-11T17:43:05","date_gmt":"2023-08-12T00:43:05","guid":{"rendered":"https:\/\/www.discovergilbert.com\/pagina-de-ejemplo\/"},"modified":"2026-02-24T13:40:40","modified_gmt":"2026-02-24T20:40:40","slug":"pagina-de-ejemplo","status":"publish","type":"page","link":"https:\/\/www.discovergilbert.com\/es\/pagina-de-ejemplo\/","title":{"rendered":"P\u00e1gina de ejemplo"},"content":{"rendered":"\n<p>Esta es una p\u00e1gina de ejemplo. Es diferente de una entrada de blog porque permanecer\u00e1 en un lugar fijo y aparecer\u00e1 en la navegaci\u00f3n de tu sitio (en la mayor\u00eda de los temas). La mayor\u00eda de la gente empieza con una p\u00e1gina de Acerca de que les presenta a los posibles visitantes del sitio. Podr\u00eda decir algo como esto:   <\/p>\n\n<blockquote class=\"wp-block-quote is-layout-flow wp-block-quote-is-layout-flow\"><p>\u00a1Hola! Soy mensajero en bicicleta de d\u00eda, aspirante a actor de noche, y esta es mi p\u00e1gina web. Vivo en Los \u00c1ngeles, tengo un perro genial llamado Jack y me gustan las pi\u00f1as coladas. (Y que me pille la lluvia.)   <\/p><\/blockquote>\n\n<p>&#8230;o algo como esto:<\/p>\n\n<blockquote class=\"wp-block-quote is-layout-flow wp-block-quote-is-layout-flow\"><p>La empresa XYZ Doohickey fue fundada en 1971 y desde entonces ha estado proporcionando doohickeys de calidad al p\u00fablico. Ubicada en Gotham City, XYZ emplea a m\u00e1s de 2.000 personas y hace todo tipo de cosas incre\u00edbles por la comunidad de Gotham. <\/p><\/blockquote>\n\n<p>Como nuevo usuario de WordPress, deber\u00edas ir a <a href=\"https:\/\/www.discovergilbert.com\/wp-admin\/\">tu escritorio<\/a> para eliminar esta p\u00e1gina y crear nuevas p\u00e1ginas para tu contenido. \u00a1Divi\u00e9rtete! <\/p>\n","protected":false},"excerpt":{"rendered":"<p>Esta es una p\u00e1gina de ejemplo. Es diferente de una entrada de blog porque permanecer\u00e1 en un lugar fijo y aparecer\u00e1 en la navegaci\u00f3n de tu sitio (en la mayor\u00eda de los temas). La mayor\u00eda de la gente empieza con una p\u00e1gina de Acerca de que les presenta a los posibles visitantes del sitio. Podr\u00eda [&hellip;]<\/p>\n","protected":false},"author":1,"featured_media":0,"parent":0,"menu_order":0,"comment_status":"closed","ping_status":"open","template":"","meta":{"_acf_changed":false,"_et_pb_use_builder":"","_et_pb_old_content":"","_et_gb_content_width":"","footnotes":""},"class_list":["post-8405","page","type-page","status-publish","hentry"],"acf":[],"yoast_head":"<!-- This site is optimized with the Yoast SEO plugin v26.6 - https:\/\/yoast.com\/wordpress\/plugins\/seo\/ -->\n<title>P\u00e1gina de ejemplo - Discover Gilbert<\/title>\n<meta name=\"robots\" content=\"index, follow, max-snippet:-1, max-image-preview:large, max-video-preview:-1\" \/>\n<link rel=\"canonical\" href=\"https:\/\/www.discovergilbert.com\/es\/pagina-de-ejemplo\/\" \/>\n<meta property=\"og:locale\" content=\"es_MX\" \/>\n<meta property=\"og:type\" content=\"article\" \/>\n<meta property=\"og:title\" content=\"P\u00e1gina de ejemplo - Discover Gilbert\" \/>\n<meta property=\"og:description\" content=\"Esta es una p\u00e1gina de ejemplo. Es diferente de una entrada de blog porque permanecer\u00e1 en un lugar fijo y aparecer\u00e1 en la navegaci\u00f3n de tu sitio (en la mayor\u00eda de los temas). La mayor\u00eda de la gente empieza con una p\u00e1gina de Acerca de que les presenta a los posibles visitantes del sitio. Podr\u00eda [&hellip;]\" \/>\n<meta property=\"og:site_name\" content=\"Discover Gilbert\" \/>\n<meta property=\"article:publisher\" content=\"https:\/\/www.facebook.com\/DiscoverGilbertAZ\" \/>\n<meta property=\"article:modified_time\" content=\"2026-02-24T20:40:40+00:00\" \/>\n<meta name=\"twitter:card\" content=\"summary_large_image\" \/>\n<meta name=\"twitter:label1\" content=\"Tiempo de lectura\" \/>\n\t<meta name=\"twitter:data1\" content=\"1 minuto\" \/>\n<script type=\"application\/ld+json\" class=\"yoast-schema-graph\">{\"@context\":\"https:\/\/schema.org\",\"@graph\":[{\"@type\":\"WebPage\",\"@id\":\"https:\/\/www.discovergilbert.com\/es\/pagina-de-ejemplo\/\",\"url\":\"https:\/\/www.discovergilbert.com\/es\/pagina-de-ejemplo\/\",\"name\":\"P\u00e1gina de ejemplo - Discover Gilbert\",\"isPartOf\":{\"@id\":\"https:\/\/www.discovergilbert.com\/es\/#website\"},\"datePublished\":\"2023-08-12T00:43:05+00:00\",\"dateModified\":\"2026-02-24T20:40:40+00:00\",\"breadcrumb\":{\"@id\":\"https:\/\/www.discovergilbert.com\/es\/pagina-de-ejemplo\/#breadcrumb\"},\"inLanguage\":\"es\",\"potentialAction\":[{\"@type\":\"ReadAction\",\"target\":[\"https:\/\/www.discovergilbert.com\/es\/pagina-de-ejemplo\/\"]}]},{\"@type\":\"BreadcrumbList\",\"@id\":\"https:\/\/www.discovergilbert.com\/es\/pagina-de-ejemplo\/#breadcrumb\",\"itemListElement\":[{\"@type\":\"ListItem\",\"position\":1,\"name\":\"Home\",\"item\":\"https:\/\/www.discovergilbert.com\/es\/inicio\/\"},{\"@type\":\"ListItem\",\"position\":2,\"name\":\"P\u00e1gina de ejemplo\"}]},{\"@type\":\"WebSite\",\"@id\":\"https:\/\/www.discovergilbert.com\/es\/#website\",\"url\":\"https:\/\/www.discovergilbert.com\/es\/\",\"name\":\"Discover Gilbert\",\"description\":\"Let us be your local guide\",\"publisher\":{\"@id\":\"https:\/\/www.discovergilbert.com\/es\/#organization\"},\"potentialAction\":[{\"@type\":\"SearchAction\",\"target\":{\"@type\":\"EntryPoint\",\"urlTemplate\":\"https:\/\/www.discovergilbert.com\/es\/?s={search_term_string}\"},\"query-input\":{\"@type\":\"PropertyValueSpecification\",\"valueRequired\":true,\"valueName\":\"search_term_string\"}}],\"inLanguage\":\"es\"},{\"@type\":\"Organization\",\"@id\":\"https:\/\/www.discovergilbert.com\/es\/#organization\",\"name\":\"Discover Gilbert\",\"url\":\"https:\/\/www.discovergilbert.com\/es\/\",\"logo\":{\"@type\":\"ImageObject\",\"inLanguage\":\"es\",\"@id\":\"https:\/\/www.discovergilbert.com\/es\/#\/schema\/logo\/image\/\",\"url\":\"https:\/\/www.discovergilbert.com\/wp-content\/uploads\/2025\/10\/discover-gilbert-logo-full-color-rgb-900px-w-72ppi.png\",\"contentUrl\":\"https:\/\/www.discovergilbert.com\/wp-content\/uploads\/2025\/10\/discover-gilbert-logo-full-color-rgb-900px-w-72ppi.png\",\"width\":600,\"height\":200,\"caption\":\"Discover Gilbert\"},\"image\":{\"@id\":\"https:\/\/www.discovergilbert.com\/es\/#\/schema\/logo\/image\/\"},\"sameAs\":[\"https:\/\/www.facebook.com\/DiscoverGilbertAZ\",\"https:\/\/www.instagram.com\/discovergilbert\"]}]}<\/script>\n<!-- \/ Yoast SEO plugin. -->","yoast_head_json":{"title":"P\u00e1gina de ejemplo - Discover Gilbert","robots":{"index":"index","follow":"follow","max-snippet":"max-snippet:-1","max-image-preview":"max-image-preview:large","max-video-preview":"max-video-preview:-1"},"canonical":"https:\/\/www.discovergilbert.com\/es\/pagina-de-ejemplo\/","og_locale":"es_MX","og_type":"article","og_title":"P\u00e1gina de ejemplo - Discover Gilbert","og_description":"Esta es una p\u00e1gina de ejemplo. Es diferente de una entrada de blog porque permanecer\u00e1 en un lugar fijo y aparecer\u00e1 en la navegaci\u00f3n de tu sitio (en la mayor\u00eda de los temas). La mayor\u00eda de la gente empieza con una p\u00e1gina de Acerca de que les presenta a los posibles visitantes del sitio. Podr\u00eda [&hellip;]","og_site_name":"Discover Gilbert","article_publisher":"https:\/\/www.facebook.com\/DiscoverGilbertAZ","article_modified_time":"2026-02-24T20:40:40+00:00","twitter_card":"summary_large_image","twitter_misc":{"Tiempo de lectura":"1 minuto"},"schema":{"@context":"https:\/\/schema.org","@graph":[{"@type":"WebPage","@id":"https:\/\/www.discovergilbert.com\/es\/pagina-de-ejemplo\/","url":"https:\/\/www.discovergilbert.com\/es\/pagina-de-ejemplo\/","name":"P\u00e1gina de ejemplo - Discover Gilbert","isPartOf":{"@id":"https:\/\/www.discovergilbert.com\/es\/#website"},"datePublished":"2023-08-12T00:43:05+00:00","dateModified":"2026-02-24T20:40:40+00:00","breadcrumb":{"@id":"https:\/\/www.discovergilbert.com\/es\/pagina-de-ejemplo\/#breadcrumb"},"inLanguage":"es","potentialAction":[{"@type":"ReadAction","target":["https:\/\/www.discovergilbert.com\/es\/pagina-de-ejemplo\/"]}]},{"@type":"BreadcrumbList","@id":"https:\/\/www.discovergilbert.com\/es\/pagina-de-ejemplo\/#breadcrumb","itemListElement":[{"@type":"ListItem","position":1,"name":"Home","item":"https:\/\/www.discovergilbert.com\/es\/inicio\/"},{"@type":"ListItem","position":2,"name":"P\u00e1gina de ejemplo"}]},{"@type":"WebSite","@id":"https:\/\/www.discovergilbert.com\/es\/#website","url":"https:\/\/www.discovergilbert.com\/es\/","name":"Discover Gilbert","description":"Let us be your local guide","publisher":{"@id":"https:\/\/www.discovergilbert.com\/es\/#organization"},"potentialAction":[{"@type":"SearchAction","target":{"@type":"EntryPoint","urlTemplate":"https:\/\/www.discovergilbert.com\/es\/?s={search_term_string}"},"query-input":{"@type":"PropertyValueSpecification","valueRequired":true,"valueName":"search_term_string"}}],"inLanguage":"es"},{"@type":"Organization","@id":"https:\/\/www.discovergilbert.com\/es\/#organization","name":"Discover Gilbert","url":"https:\/\/www.discovergilbert.com\/es\/","logo":{"@type":"ImageObject","inLanguage":"es","@id":"https:\/\/www.discovergilbert.com\/es\/#\/schema\/logo\/image\/","url":"https:\/\/www.discovergilbert.com\/wp-content\/uploads\/2025\/10\/discover-gilbert-logo-full-color-rgb-900px-w-72ppi.png","contentUrl":"https:\/\/www.discovergilbert.com\/wp-content\/uploads\/2025\/10\/discover-gilbert-logo-full-color-rgb-900px-w-72ppi.png","width":600,"height":200,"caption":"Discover Gilbert"},"image":{"@id":"https:\/\/www.discovergilbert.com\/es\/#\/schema\/logo\/image\/"},"sameAs":["https:\/\/www.facebook.com\/DiscoverGilbertAZ","https:\/\/www.instagram.com\/discovergilbert"]}]}},"_links":{"self":[{"href":"https:\/\/www.discovergilbert.com\/es\/wp-json\/wp\/v2\/pages\/8405","targetHints":{"allow":["GET"]}}],"collection":[{"href":"https:\/\/www.discovergilbert.com\/es\/wp-json\/wp\/v2\/pages"}],"about":[{"href":"https:\/\/www.discovergilbert.com\/es\/wp-json\/wp\/v2\/types\/page"}],"author":[{"embeddable":true,"href":"https:\/\/www.discovergilbert.com\/es\/wp-json\/wp\/v2\/users\/1"}],"replies":[{"embeddable":true,"href":"https:\/\/www.discovergilbert.com\/es\/wp-json\/wp\/v2\/comments?post=8405"}],"version-history":[{"count":2,"href":"https:\/\/www.discovergilbert.com\/es\/wp-json\/wp\/v2\/pages\/8405\/revisions"}],"predecessor-version":[{"id":8407,"href":"https:\/\/www.discovergilbert.com\/es\/wp-json\/wp\/v2\/pages\/8405\/revisions\/8407"}],"wp:attachment":[{"href":"https:\/\/www.discovergilbert.com\/es\/wp-json\/wp\/v2\/media?parent=8405"}],"curies":[{"name":"wp","href":"https:\/\/api.w.org\/{rel}","templated":true}]}}