{"id":8335,"date":"2024-05-24T16:55:41","date_gmt":"2024-05-24T23:55:41","guid":{"rendered":"https:\/\/www.discovergilbert.com\/frankie-says-relax\/"},"modified":"2026-02-24T13:38:55","modified_gmt":"2026-02-24T20:38:55","slug":"frankie-says-relax","status":"publish","type":"page","link":"https:\/\/www.discovergilbert.com\/es\/planea\/itinerarios-de-gilbert\/frankie-says-relax\/","title":{"rendered":"Frankie Says Relax"},"content":{"rendered":"<p>[et_pb_section fb_built=&#8221;1&#8243; custom_padding_last_edited=&#8221;on|phone&#8221; _builder_version=&#8221;4.25.1&#8243; _module_preset=&#8221;default&#8221; use_background_color_gradient=&#8221;on&#8221; background_color_gradient_direction=&#8221;1deg&#8221; background_color_gradient_stops=&#8221;rgba(0,0,0,0.3) 0%|rgba(0,0,0,0.4) 100%&#8221; background_color_gradient_overlays_image=&#8221;on&#8221; background_image=&#8221;https:\/\/www.discovergilbert.com\/wp-content\/uploads\/2024\/05\/WaterTower-24-large.jpg&#8221; background_position=&#8221;top_center&#8221; custom_padding=&#8221;140px||140px||true|false&#8221; custom_padding_tablet=&#8221;80px||80px||true|false&#8221; custom_padding_phone=&#8221;80px||80px||true|false&#8221; global_colors_info=&#8221;{}&#8221;][et_pb_row _builder_version=&#8221;4.22.1&#8243; _module_preset=&#8221;default&#8221; global_colors_info=&#8221;{}&#8221;][et_pb_column type=&#8221;4_4&#8243; _builder_version=&#8221;4.22.1&#8243; _module_preset=&#8221;default&#8221; global_colors_info=&#8221;{}&#8221;][et_pb_text admin_label=&#8221;Frankie Says Relax&#8221; module_class=&#8221;gopher&#8221; _builder_version=&#8221;4.25.1&#8243; _module_preset=&#8221;default&#8221; header_text_align=&#8221;center&#8221; header_text_color=&#8221;#BFD730&#8243; header_font_size=&#8221;80px&#8221; header_line_height=&#8221;1.2em&#8221; text_orientation=&#8221;center&#8221; background_layout=&#8221;dark&#8221; custom_padding=&#8221;0px||||false|false&#8221; global_colors_info=&#8221;{}&#8221;]<\/p>\n<h1 class=\"et_pb_module_header\">Frankie Says Relax<\/h1>\n<p>[\/et_pb_text][\/et_pb_column][\/et_pb_row][\/et_pb_section][et_pb_section fb_built=&#8221;1&#8243; _builder_version=&#8221;4.16&#8243; global_colors_info=&#8221;{}&#8221;][et_pb_row _builder_version=&#8221;4.25.1&#8243; global_colors_info=&#8221;{}&#8221;][et_pb_column type=&#8221;4_4&#8243; _builder_version=&#8221;4.16&#8243; custom_padding=&#8221;|||&#8221; global_colors_info=&#8221;{}&#8221; custom_padding__hover=&#8221;|||&#8221;][et_pb_text _builder_version=&#8221;4.16&#8243; global_colors_info=&#8221;{}&#8221; module_id=&#8221;unforgettable&#8221; module_class=&#8221;gopher&#8221; text_font=&#8221;|300|||||||&#8221; header_2_font_size=&#8221;40px&#8221; text_orientation=&#8221;center&#8221;]<\/p>\n<h1>Frankie Says Relax<\/h1>\n<p>\u00a1Es hora de relajarte! Has trabajado duro para estas vacaciones y est\u00e1s listo para recargar energ\u00edas. Un d\u00eda perfecto de vacaciones incluye desayuno en la cama con servicio de habitaciones, dejarte mimar en el spa y tumbarte junto a la piscina.<br \/>\n[\/et_pb_text][\/et_pb_column][\/et_pb_row][et_pb_row column_structure=&#8221;2_3,1_3&#8243; _builder_version=&#8221;4.16&#8243; border_width_bottom=&#8221;1px&#8221; border_color_bottom=&#8221;#c4c4c4&#8243; global_colors_info=&#8221;{}&#8221; custom_margin=&#8221;||15px||false|false&#8221; custom_padding=&#8221;|25px||25px|false|true&#8221; border_radii=&#8221;on|20px|20px|20px|20px&#8221; border_width_all=&#8221;1px&#8221;][et_pb_column type=&#8221;2_3&#8243; _builder_version=&#8221;4.16&#8243; custom_padding=&#8221;|||&#8221; global_colors_info=&#8221;{}&#8221; custom_padding__hover=&#8221;|||&#8221;][et_pb_text _builder_version=&#8221;4.16&#8243; global_colors_info=&#8221;{}&#8221;]<\/p>\n<h2>Touch of Tranquility<\/h2>\n<p>Touch of Tranquility se enorgullece de ofrecer servicios de masajes y tratamientos faciales. Con un equipo de aut\u00e9nticos profesionales esperando para hacer que tu experiencia sea relajante y terap\u00e9utica, saldr\u00e1s despu\u00e9s de tu servicio m\u00e1s relajado y listo para enfrentarte a cualquier cosa que se te presente.  <a href=\"https:\/\/www.facebook.com\/touchoftranquility\" target=\"_blank\" rel=\"noopener\">https:\/\/www.facebook.com\/touchoftranquility<\/a><br \/>\n[\/et_pb_text][\/et_pb_column][et_pb_column type=&#8221;1_3&#8243; _builder_version=&#8221;4.16&#8243; custom_padding=&#8221;|||&#8221; global_colors_info=&#8221;{}&#8221; custom_padding__hover=&#8221;|||&#8221;][et_pb_image alt=&#8221;Travel touch&#8221; title_text=&#8221;Travel touch&#8221; src=&#8221;https:\/\/www.discovergilbert.com\/wp-content\/uploads\/2024\/05\/travel-touch.jpg&#8221; align_tablet=&#8221;center&#8221; align_phone=&#8221;&#8221; align_last_edited=&#8221;on|desktop&#8221; _builder_version=&#8221;4.16&#8243; always_center_on_mobile=&#8221;on&#8221; global_colors_info=&#8221;{}&#8221;][\/et_pb_image][\/et_pb_column][\/et_pb_row][et_pb_row column_structure=&#8221;2_3,1_3&#8243; _builder_version=&#8221;4.16&#8243; global_colors_info=&#8221;{}&#8221; custom_margin=&#8221;||15px||false|false&#8221; custom_padding=&#8221;|25px||25px|false|true&#8221; border_radii=&#8221;on|20px|20px|20px|20px&#8221; border_width_all=&#8221;1px&#8221;][et_pb_column type=&#8221;2_3&#8243; _builder_version=&#8221;4.16&#8243; custom_padding=&#8221;|||&#8221; global_colors_info=&#8221;{}&#8221; custom_padding__hover=&#8221;|||&#8221;][et_pb_text _builder_version=&#8221;4.16&#8243; global_colors_info=&#8221;{}&#8221;]<\/p>\n<h2>Luxe Salon &amp; Spa<\/h2>\n<p>Luxe Salon &amp; Spa podr\u00e1 ayudarte para cualquier ocasi\u00f3n; eventos especiales como el baile de graduaci\u00f3n o la fiesta de bienvenida, una boda o simplemente una escapada de chicas. Pueden hacerte sentir guapa de pies a cabeza con servicios para tu cabello, u\u00f1as, pies, bronceado, masajes, tratamientos faciales e incluso cambios de imagen.  <a href=\"http:\/\/luxesalonaz.com\/\" target=\"_blank\" rel=\"noopener\">http:\/\/luxesalonaz.com<\/a><br \/>\n[\/et_pb_text][\/et_pb_column][et_pb_column type=&#8221;1_3&#8243; _builder_version=&#8221;4.16&#8243; custom_padding=&#8221;|||&#8221; global_colors_info=&#8221;{}&#8221; custom_padding__hover=&#8221;|||&#8221;][et_pb_image alt=&#8221;Travel luxe&#8221; title_text=&#8221;Travel luxe&#8221; src=&#8221;https:\/\/www.discovergilbert.com\/wp-content\/uploads\/2024\/05\/travel-luxe.jpg&#8221; align_tablet=&#8221;center&#8221; align_phone=&#8221;&#8221; align_last_edited=&#8221;on|desktop&#8221; _builder_version=&#8221;4.16&#8243; always_center_on_mobile=&#8221;on&#8221; global_colors_info=&#8221;{}&#8221;][\/et_pb_image][\/et_pb_column][\/et_pb_row][et_pb_row column_structure=&#8221;2_3,1_3&#8243; _builder_version=&#8221;4.16&#8243; global_colors_info=&#8221;{}&#8221; custom_margin=&#8221;||15px||false|false&#8221; custom_padding=&#8221;|25px||25px|false|true&#8221; border_radii=&#8221;on|20px|20px|20px|20px&#8221; border_width_all=&#8221;1px&#8221;][et_pb_column type=&#8221;2_3&#8243; _builder_version=&#8221;4.16&#8243; custom_padding=&#8221;|||&#8221; global_colors_info=&#8221;{}&#8221; custom_padding__hover=&#8221;|||&#8221;][et_pb_text _builder_version=&#8221;4.16&#8243; global_colors_info=&#8221;{}&#8221;]<\/p>\n<h2>White Lotus Spa and Salon<\/h2>\n<p>White Lotus Spa and Salon cree que un ambiente c\u00f3modo y tranquilo hace que su clientela se relaje del estr\u00e9s de la vida cotidiana. \u00bfAcaso no necesitamos todos desacelerar del ritmo acelerado de la vida? Programa un masaje, un tratamiento facial o un nuevo peinado para mimarte hoy.   <a href=\"http:\/\/whitelotussalon.com\/\" target=\"_blank\" rel=\"noopener\">http:\/\/whitelotussalon.com<\/a><br \/>\n[\/et_pb_text][\/et_pb_column][et_pb_column type=&#8221;1_3&#8243; _builder_version=&#8221;4.16&#8243; custom_padding=&#8221;|||&#8221; global_colors_info=&#8221;{}&#8221; custom_padding__hover=&#8221;|||&#8221;][et_pb_image alt=&#8221;Travel lotus&#8221; title_text=&#8221;Travel lotus&#8221; src=&#8221;https:\/\/www.discovergilbert.com\/wp-content\/uploads\/2024\/05\/travel-lotus.jpg&#8221; align_tablet=&#8221;center&#8221; align_phone=&#8221;&#8221; align_last_edited=&#8221;on|desktop&#8221; _builder_version=&#8221;4.16&#8243; always_center_on_mobile=&#8221;on&#8221; global_colors_info=&#8221;{}&#8221;][\/et_pb_image][\/et_pb_column][\/et_pb_row][et_pb_row column_structure=&#8221;2_3,1_3&#8243; _builder_version=&#8221;4.16&#8243; global_colors_info=&#8221;{}&#8221; custom_margin=&#8221;||15px||false|false&#8221; custom_padding=&#8221;|25px||25px|false|true&#8221; border_radii=&#8221;on|20px|20px|20px|20px&#8221; border_width_all=&#8221;1px&#8221;][et_pb_column type=&#8221;2_3&#8243; _builder_version=&#8221;4.16&#8243; custom_padding=&#8221;|||&#8221; global_colors_info=&#8221;{}&#8221; custom_padding__hover=&#8221;|||&#8221;][et_pb_text _builder_version=&#8221;4.16&#8243; global_colors_info=&#8221;{}&#8221;]<\/p>\n<h2>AZ Goat Yoga<\/h2>\n<p>\u00a1AZ Goat Yoga es terap\u00e9utico y ayuda a aliviar el estr\u00e9s diario de la vida! \u00bfC\u00f3mo puedes estar triste cuando hay una cabra pasando? Goat Yoga despeja tu mente. \u00a1Goat Yoga te har\u00e1 FELIZ! \u00a1Goat Yoga es perfecto para una nueva foto de perfil! Piensa en Goat Yoga como una oportunidad para liberar endorfinas con el ejercicio y aumentar la oxitocina con la terapia con animales&#8230; \u00a1Hay investigaciones sobre esto, cr\u00e9enos!<br \/>\n[\/et_pb_text][\/et_pb_column][et_pb_column type=&#8221;1_3&#8243; _builder_version=&#8221;4.16&#8243; custom_padding=&#8221;|||&#8221; global_colors_info=&#8221;{}&#8221; custom_padding__hover=&#8221;|||&#8221;][et_pb_image alt=&#8221;Travel goat&#8221; title_text=&#8221;Travel goat&#8221; src=&#8221;https:\/\/www.discovergilbert.com\/wp-content\/uploads\/2024\/05\/travel-goat.jpg&#8221; align_tablet=&#8221;center&#8221; align_phone=&#8221;&#8221; align_last_edited=&#8221;on|desktop&#8221; _builder_version=&#8221;4.16&#8243; always_center_on_mobile=&#8221;on&#8221; global_colors_info=&#8221;{}&#8221;][\/et_pb_image][\/et_pb_column][\/et_pb_row][\/et_pb_section]<\/p>\n","protected":false},"excerpt":{"rendered":"<p>Frankie Says RelaxFrankie Says Relax \u00a1Es hora de relajarte! Has trabajado duro para estas vacaciones y est\u00e1s listo para recargar energ\u00edas. Un d\u00eda perfecto de vacaciones incluye desayuno en la cama con servicio de habitaciones, dejarte mimar en el spa y tumbarte junto a la piscina. Touch of Tranquility Touch of Tranquility se enorgullece de [&hellip;]<\/p>\n","protected":false},"author":1,"featured_media":0,"parent":8343,"menu_order":0,"comment_status":"closed","ping_status":"closed","template":"","meta":{"_acf_changed":false,"_et_pb_use_builder":"on","_et_pb_old_content":"","_et_gb_content_width":"","footnotes":""},"class_list":["post-8335","page","type-page","status-publish","hentry"],"acf":[],"yoast_head":"<!-- This site is optimized with the Yoast SEO plugin v26.6 - https:\/\/yoast.com\/wordpress\/plugins\/seo\/ -->\n<title>Frankie Says Relax - Discover Gilbert<\/title>\n<meta name=\"robots\" content=\"index, follow, max-snippet:-1, max-image-preview:large, max-video-preview:-1\" \/>\n<link rel=\"canonical\" href=\"https:\/\/www.discovergilbert.com\/es\/planea\/itinerarios-de-gilbert\/frankie-says-relax\/\" \/>\n<meta property=\"og:locale\" content=\"es_MX\" \/>\n<meta property=\"og:type\" content=\"article\" \/>\n<meta property=\"og:title\" content=\"Frankie Says Relax - Discover Gilbert\" \/>\n<meta property=\"og:description\" content=\"Frankie Says RelaxFrankie Says Relax \u00a1Es hora de relajarte! Has trabajado duro para estas vacaciones y est\u00e1s listo para recargar energ\u00edas. Un d\u00eda perfecto de vacaciones incluye desayuno en la cama con servicio de habitaciones, dejarte mimar en el spa y tumbarte junto a la piscina. Touch of Tranquility Touch of Tranquility se enorgullece de [&hellip;]\" \/>\n<meta property=\"og:site_name\" content=\"Discover Gilbert\" \/>\n<meta property=\"article:publisher\" content=\"https:\/\/www.facebook.com\/DiscoverGilbertAZ\" \/>\n<meta property=\"article:modified_time\" content=\"2026-02-24T20:38:55+00:00\" \/>\n<meta name=\"twitter:card\" content=\"summary_large_image\" \/>\n<meta name=\"twitter:label1\" content=\"Tiempo de lectura\" \/>\n\t<meta name=\"twitter:data1\" content=\"5 minutos\" \/>\n<script type=\"application\/ld+json\" class=\"yoast-schema-graph\">{\"@context\":\"https:\/\/schema.org\",\"@graph\":[{\"@type\":\"WebPage\",\"@id\":\"https:\/\/www.discovergilbert.com\/es\/planea\/itinerarios-de-gilbert\/frankie-says-relax\/\",\"url\":\"https:\/\/www.discovergilbert.com\/es\/planea\/itinerarios-de-gilbert\/frankie-says-relax\/\",\"name\":\"Frankie Says Relax - Discover Gilbert\",\"isPartOf\":{\"@id\":\"https:\/\/www.discovergilbert.com\/es\/#website\"},\"datePublished\":\"2024-05-24T23:55:41+00:00\",\"dateModified\":\"2026-02-24T20:38:55+00:00\",\"breadcrumb\":{\"@id\":\"https:\/\/www.discovergilbert.com\/es\/planea\/itinerarios-de-gilbert\/frankie-says-relax\/#breadcrumb\"},\"inLanguage\":\"es\",\"potentialAction\":[{\"@type\":\"ReadAction\",\"target\":[\"https:\/\/www.discovergilbert.com\/es\/planea\/itinerarios-de-gilbert\/frankie-says-relax\/\"]}]},{\"@type\":\"BreadcrumbList\",\"@id\":\"https:\/\/www.discovergilbert.com\/es\/planea\/itinerarios-de-gilbert\/frankie-says-relax\/#breadcrumb\",\"itemListElement\":[{\"@type\":\"ListItem\",\"position\":1,\"name\":\"Home\",\"item\":\"https:\/\/www.discovergilbert.com\/es\/\"},{\"@type\":\"ListItem\",\"position\":2,\"name\":\"Planea\",\"item\":\"https:\/\/www.discovergilbert.com\/es\/planea\/\"},{\"@type\":\"ListItem\",\"position\":3,\"name\":\"Itinerarios de Gilbert\",\"item\":\"https:\/\/www.discovergilbert.com\/es\/planea\/itinerarios-de-gilbert\/\"},{\"@type\":\"ListItem\",\"position\":4,\"name\":\"Frankie Says Relax\"}]},{\"@type\":\"WebSite\",\"@id\":\"https:\/\/www.discovergilbert.com\/es\/#website\",\"url\":\"https:\/\/www.discovergilbert.com\/es\/\",\"name\":\"Discover Gilbert\",\"description\":\"Let us be your local guide\",\"publisher\":{\"@id\":\"https:\/\/www.discovergilbert.com\/es\/#organization\"},\"potentialAction\":[{\"@type\":\"SearchAction\",\"target\":{\"@type\":\"EntryPoint\",\"urlTemplate\":\"https:\/\/www.discovergilbert.com\/es\/?s={search_term_string}\"},\"query-input\":{\"@type\":\"PropertyValueSpecification\",\"valueRequired\":true,\"valueName\":\"search_term_string\"}}],\"inLanguage\":\"es\"},{\"@type\":\"Organization\",\"@id\":\"https:\/\/www.discovergilbert.com\/es\/#organization\",\"name\":\"Discover Gilbert\",\"url\":\"https:\/\/www.discovergilbert.com\/es\/\",\"logo\":{\"@type\":\"ImageObject\",\"inLanguage\":\"es\",\"@id\":\"https:\/\/www.discovergilbert.com\/es\/#\/schema\/logo\/image\/\",\"url\":\"https:\/\/www.discovergilbert.com\/wp-content\/uploads\/2025\/10\/discover-gilbert-logo-full-color-rgb-900px-w-72ppi.png\",\"contentUrl\":\"https:\/\/www.discovergilbert.com\/wp-content\/uploads\/2025\/10\/discover-gilbert-logo-full-color-rgb-900px-w-72ppi.png\",\"width\":600,\"height\":200,\"caption\":\"Discover Gilbert\"},\"image\":{\"@id\":\"https:\/\/www.discovergilbert.com\/es\/#\/schema\/logo\/image\/\"},\"sameAs\":[\"https:\/\/www.facebook.com\/DiscoverGilbertAZ\",\"https:\/\/www.instagram.com\/discovergilbert\"]}]}<\/script>\n<!-- \/ Yoast SEO plugin. -->","yoast_head_json":{"title":"Frankie Says Relax - Discover Gilbert","robots":{"index":"index","follow":"follow","max-snippet":"max-snippet:-1","max-image-preview":"max-image-preview:large","max-video-preview":"max-video-preview:-1"},"canonical":"https:\/\/www.discovergilbert.com\/es\/planea\/itinerarios-de-gilbert\/frankie-says-relax\/","og_locale":"es_MX","og_type":"article","og_title":"Frankie Says Relax - Discover Gilbert","og_description":"Frankie Says RelaxFrankie Says Relax \u00a1Es hora de relajarte! Has trabajado duro para estas vacaciones y est\u00e1s listo para recargar energ\u00edas. Un d\u00eda perfecto de vacaciones incluye desayuno en la cama con servicio de habitaciones, dejarte mimar en el spa y tumbarte junto a la piscina. Touch of Tranquility Touch of Tranquility se enorgullece de [&hellip;]","og_site_name":"Discover Gilbert","article_publisher":"https:\/\/www.facebook.com\/DiscoverGilbertAZ","article_modified_time":"2026-02-24T20:38:55+00:00","twitter_card":"summary_large_image","twitter_misc":{"Tiempo de lectura":"5 minutos"},"schema":{"@context":"https:\/\/schema.org","@graph":[{"@type":"WebPage","@id":"https:\/\/www.discovergilbert.com\/es\/planea\/itinerarios-de-gilbert\/frankie-says-relax\/","url":"https:\/\/www.discovergilbert.com\/es\/planea\/itinerarios-de-gilbert\/frankie-says-relax\/","name":"Frankie Says Relax - Discover Gilbert","isPartOf":{"@id":"https:\/\/www.discovergilbert.com\/es\/#website"},"datePublished":"2024-05-24T23:55:41+00:00","dateModified":"2026-02-24T20:38:55+00:00","breadcrumb":{"@id":"https:\/\/www.discovergilbert.com\/es\/planea\/itinerarios-de-gilbert\/frankie-says-relax\/#breadcrumb"},"inLanguage":"es","potentialAction":[{"@type":"ReadAction","target":["https:\/\/www.discovergilbert.com\/es\/planea\/itinerarios-de-gilbert\/frankie-says-relax\/"]}]},{"@type":"BreadcrumbList","@id":"https:\/\/www.discovergilbert.com\/es\/planea\/itinerarios-de-gilbert\/frankie-says-relax\/#breadcrumb","itemListElement":[{"@type":"ListItem","position":1,"name":"Home","item":"https:\/\/www.discovergilbert.com\/es\/"},{"@type":"ListItem","position":2,"name":"Planea","item":"https:\/\/www.discovergilbert.com\/es\/planea\/"},{"@type":"ListItem","position":3,"name":"Itinerarios de Gilbert","item":"https:\/\/www.discovergilbert.com\/es\/planea\/itinerarios-de-gilbert\/"},{"@type":"ListItem","position":4,"name":"Frankie Says Relax"}]},{"@type":"WebSite","@id":"https:\/\/www.discovergilbert.com\/es\/#website","url":"https:\/\/www.discovergilbert.com\/es\/","name":"Discover Gilbert","description":"Let us be your local guide","publisher":{"@id":"https:\/\/www.discovergilbert.com\/es\/#organization"},"potentialAction":[{"@type":"SearchAction","target":{"@type":"EntryPoint","urlTemplate":"https:\/\/www.discovergilbert.com\/es\/?s={search_term_string}"},"query-input":{"@type":"PropertyValueSpecification","valueRequired":true,"valueName":"search_term_string"}}],"inLanguage":"es"},{"@type":"Organization","@id":"https:\/\/www.discovergilbert.com\/es\/#organization","name":"Discover Gilbert","url":"https:\/\/www.discovergilbert.com\/es\/","logo":{"@type":"ImageObject","inLanguage":"es","@id":"https:\/\/www.discovergilbert.com\/es\/#\/schema\/logo\/image\/","url":"https:\/\/www.discovergilbert.com\/wp-content\/uploads\/2025\/10\/discover-gilbert-logo-full-color-rgb-900px-w-72ppi.png","contentUrl":"https:\/\/www.discovergilbert.com\/wp-content\/uploads\/2025\/10\/discover-gilbert-logo-full-color-rgb-900px-w-72ppi.png","width":600,"height":200,"caption":"Discover Gilbert"},"image":{"@id":"https:\/\/www.discovergilbert.com\/es\/#\/schema\/logo\/image\/"},"sameAs":["https:\/\/www.facebook.com\/DiscoverGilbertAZ","https:\/\/www.instagram.com\/discovergilbert"]}]}},"_links":{"self":[{"href":"https:\/\/www.discovergilbert.com\/es\/wp-json\/wp\/v2\/pages\/8335","targetHints":{"allow":["GET"]}}],"collection":[{"href":"https:\/\/www.discovergilbert.com\/es\/wp-json\/wp\/v2\/pages"}],"about":[{"href":"https:\/\/www.discovergilbert.com\/es\/wp-json\/wp\/v2\/types\/page"}],"author":[{"embeddable":true,"href":"https:\/\/www.discovergilbert.com\/es\/wp-json\/wp\/v2\/users\/1"}],"replies":[{"embeddable":true,"href":"https:\/\/www.discovergilbert.com\/es\/wp-json\/wp\/v2\/comments?post=8335"}],"version-history":[{"count":3,"href":"https:\/\/www.discovergilbert.com\/es\/wp-json\/wp\/v2\/pages\/8335\/revisions"}],"predecessor-version":[{"id":8338,"href":"https:\/\/www.discovergilbert.com\/es\/wp-json\/wp\/v2\/pages\/8335\/revisions\/8338"}],"up":[{"embeddable":true,"href":"https:\/\/www.discovergilbert.com\/es\/wp-json\/wp\/v2\/pages\/8343"}],"wp:attachment":[{"href":"https:\/\/www.discovergilbert.com\/es\/wp-json\/wp\/v2\/media?parent=8335"}],"curies":[{"name":"wp","href":"https:\/\/api.w.org\/{rel}","templated":true}]}}