{"id":8278,"date":"2025-04-18T05:35:22","date_gmt":"2025-04-18T12:35:22","guid":{"rendered":"https:\/\/www.discovergilbert.com\/hazlo-y-llevatelo\/"},"modified":"2026-04-09T07:11:16","modified_gmt":"2026-04-09T14:11:16","slug":"hazlo-y-llevatelo","status":"publish","type":"page","link":"https:\/\/www.discovergilbert.com\/es\/hazlo-y-llevatelo\/","title":{"rendered":"Hazlo y ll\u00e9vatelo"},"content":{"rendered":"<p>[et_pb_section fb_built=&#8221;1&#8243; custom_padding_last_edited=&#8221;on|tablet&#8221; _builder_version=&#8221;4.27.4&#8243; _module_preset=&#8221;default&#8221; background_image=&#8221;https:\/\/www.discovergilbert.com\/wp-content\/uploads\/2025\/04\/Make-It-and-Take-It-Hero-bkg-1.jpg&#8221; background_size=&#8221;initial&#8221; background_position=&#8221;bottom_right&#8221; background_repeat=&#8221;repeat-x&#8221; custom_padding=&#8221;20px||100px||false|false&#8221; custom_padding_tablet=&#8221;0px||0px||true|false&#8221; custom_padding_phone=&#8221;80px||80px||true|false&#8221; global_colors_info=&#8221;{}&#8221;][et_pb_row _builder_version=&#8221;4.22.1&#8243; _module_preset=&#8221;default&#8221; global_colors_info=&#8221;{}&#8221;][et_pb_column type=&#8221;4_4&#8243; _builder_version=&#8221;4.22.1&#8243; _module_preset=&#8221;default&#8221; global_colors_info=&#8221;{}&#8221;][et_pb_image src=&#8221;https:\/\/www.discovergilbert.com\/wp-content\/uploads\/2025\/04\/Make-It-and-Take-It-Hero.gif&#8221; alt=&#8221;Hero Hazlo y ll\u00e9vatelo&#8221; title_text=&#8221;Hero Hazlo y ll\u00e9vatelo&#8221; _builder_version=&#8221;4.27.4&#8243; _module_preset=&#8221;default&#8221; width=&#8221;80%&#8221; module_alignment=&#8221;center&#8221; global_colors_info=&#8221;{}&#8221;][\/et_pb_image][\/et_pb_column][\/et_pb_row][\/et_pb_section][et_pb_section fb_built=&#8221;1&#8243; custom_padding_last_edited=&#8221;on|tablet&#8221; _builder_version=&#8221;4.27.4&#8243; _module_preset=&#8221;default&#8221; custom_padding_tablet=&#8221;20px||0px||false|false&#8221; custom_padding_phone=&#8221;20px||||false|false&#8221; locked=&#8221;off&#8221; global_colors_info=&#8221;{}&#8221;][et_pb_row custom_padding_last_edited=&#8221;on|tablet&#8221; _builder_version=&#8221;4.27.4&#8243; _module_preset=&#8221;default&#8221; custom_padding_tablet=&#8221;||0px||false|false&#8221; custom_padding_phone=&#8221;||0px||false|false&#8221; global_colors_info=&#8221;{}&#8221;][et_pb_column type=&#8221;4_4&#8243; _builder_version=&#8221;4.22.1&#8243; _module_preset=&#8221;default&#8221; global_colors_info=&#8221;{}&#8221;][et_pb_text admin_label=&#8221;Create. Explore. Discover.&#8221; module_class=&#8221;gopher&#8221; _builder_version=&#8221;4.27.4&#8243; _module_preset=&#8221;default&#8221; text_font=&#8221;|300|||||||&#8221; text_font_size=&#8221;17px&#8221; header_font_size=&#8221;50px&#8221; header_2_font_size=&#8221;40px&#8221; header_2_line_height=&#8221;1.1em&#8221; global_colors_info=&#8221;{}&#8221;]<\/p>\n<h2 style=\"text-align: center;\">Crea. Explora. Descubre.  <\/h2>\n<p style=\"text-align: left;\">Reg\u00edstrate en el <strong>Pase Hazlo y ll\u00e9vatelo<\/strong> de Discover Gilbert y accede a una lista seleccionada de experiencias que solo se pueden disfrutar en Gilbert, Arizona. Este divertido pase, que celebra la comunidad creativa, te guiar\u00e1 a todos los lugares donde puedes dar rienda suelta a tu creatividad y crear un nuevo recuerdo. Haz la pieza, ap\u00fantate a la clase, prueba el capricho\u2026 \u00a1y consigue recompensas!  <\/p>\n<p>[\/et_pb_text][et_pb_button button_url=&#8221;\/shop\/shop-directory&#8221; button_text=&#8221;Encontrar una tienda&#8221; disabled_on=&#8221;on|on|on&#8221; _builder_version=&#8221;4.27.4&#8243; _module_preset=&#8221;default&#8221; disabled=&#8221;on&#8221; global_colors_info=&#8221;{}&#8221;][\/et_pb_button][\/et_pb_column][\/et_pb_row][\/et_pb_section][et_pb_section fb_built=&#8221;1&#8243; disabled_on=&#8221;off|off|off&#8221; _builder_version=&#8221;4.27.4&#8243; _module_preset=&#8221;default&#8221; background_color=&#8221;#EBF8FE&#8221; custom_padding=&#8221;0px|0px|0px|0px|true|true&#8221; locked=&#8221;off&#8221; collapsed=&#8221;off&#8221; global_colors_info=&#8221;{}&#8221;][et_pb_row _builder_version=&#8221;4.27.4&#8243; _module_preset=&#8221;default&#8221; custom_padding=&#8221;80px||||false|false&#8221; global_colors_info=&#8221;{}&#8221;][et_pb_column type=&#8221;4_4&#8243; _builder_version=&#8221;4.27.4&#8243; _module_preset=&#8221;default&#8221; global_colors_info=&#8221;{}&#8221;][et_pb_code admin_label=&#8221;Tarjeta de producto Hazlo y ll\u00e9vatelo&#8221; _builder_version=&#8221;4.27.4&#8243; _module_preset=&#8221;default&#8221; global_colors_info=&#8221;{}&#8221;]<\/p>\n<div class=\"bwmodule\" data-bwmoduleid=\"100334\"><\/div>\n<p><!-- [et_pb_line_break_holder] --><!-- [et_pb_line_break_holder] -->[\/et_pb_code][\/et_pb_column][\/et_pb_row][et_pb_row custom_padding_last_edited=&#8221;on|tablet&#8221; _builder_version=&#8221;4.27.4&#8243; _module_preset=&#8221;default&#8221; width_tablet=&#8221;90%&#8221; width_phone=&#8221;90%&#8221; width_last_edited=&#8221;on|tablet&#8221; custom_padding=&#8221;||40px||false|false&#8221; custom_padding_tablet=&#8221;||0px||false|false&#8221; custom_padding_phone=&#8221;||0px||false|false&#8221; global_colors_info=&#8221;{}&#8221;][et_pb_column type=&#8221;4_4&#8243; _builder_version=&#8221;4.27.0&#8243; _module_preset=&#8221;default&#8221; global_colors_info=&#8221;{}&#8221;][et_pb_code admin_label=&#8221;Incrustar&#8221; _builder_version=&#8221;4.27.4&#8243; _module_preset=&#8221;default&#8221; custom_margin=&#8221;0px||0px||true|false&#8221; custom_padding=&#8221;0px||0px||true|false&#8221; global_colors_info=&#8221;{}&#8221;]<link rel=\"stylesheet\" type=\"text\/css\" href=\"https:\/\/passport.discovergilbert.com\/css\/checkout\/persistent-cart\/persistentCart.css?v=1.1\"><!-- [et_pb_line_break_holder] --><!-- [et_pb_line_break_holder] --><\/p>\n<style><!-- [et_pb_line_break_holder] -->    #open-cart { display: none; }<!-- [et_pb_line_break_holder] --><\/style>\n<p><!-- [et_pb_line_break_holder] --><!-- [et_pb_line_break_holder] --><!-- [et_pb_line_break_holder] --><script>window.bwvars = {offerId: 4623, partnerId: 972, checkoutUrl: \"https:\/\/passport.discovergilbert.com\"}; document.write('<script type=\"text\/javascript\" src=\"https:\/\/passport.discovergilbert.com\/js\/checkout\/persistent-cart\/persistentCart.js?v=1.1\" ><\\\/script>');<\/script><!-- [et_pb_line_break_holder] -->[\/et_pb_code][et_pb_text disabled_on=\"on|on|on\" admin_label=\"Shop Small, Win Big\" module_id=\"Shop Small, Win Big\" _builder_version=\"4.27.4\" _module_preset=\"default\" header_text_color=\"#00AEEF\" header_font_size=\"40px\" header_2_text_color=\"#90278F\" disabled=\"on\" global_colors_info=\"{}\"]<\/p>\n<h1>\u00a1Compra en peque\u00f1o, gana a lo grande!<\/h1>\n<h3><span data-contrast=\"auto\"><b>Gu\u00eda De Compras en Gilbert<\/b>: <\/span><b><span data-contrast=\"auto\">\u00a1Tu pase de bolsillo para todo lo local! <\/span><\/b> <span data-ccp-props=\"{}\"> <\/span><\/h3>\n<p><span data-contrast=\"auto\">Si te encanta apoyar a los peque\u00f1os negocios, este pase es para ti. Reg\u00edstrate en la Gu\u00eda De Compras en Gilbert, una gu\u00eda digital de bolsillo de algunas de las boutiques, tiendas y peque\u00f1os negocios m\u00e1s selectos de Gilbert. Haz check-in, gana puntos y recibe recompensas con regalos personalizados de creadores. <\/span><span data-ccp-props=\"{}\"> <\/span><\/p>\n<p><span data-contrast=\"auto\">Cuando compras en peque\u00f1o, todos ganamos a lo grande. <\/span><span data-contrast=\"auto\">\u00a1Tu gu\u00eda digital de bolsillo para saber d\u00f3nde comprar en peque\u00f1o en Gilbert, Arizona! <\/span><span data-ccp-props=\"{}\"> <\/span><br \/>\n[\/et_pb_text][et_pb_code admin_label=\"Hazlo y ll\u00e9vatelo: c\u00f3mo funciona\" _builder_version=\"4.27.4\" _module_preset=\"default\" global_colors_info=\"{}\"]<\/p>\n<div class=\"bwmodule\" data-bwmoduleid=\"100336\"><\/div>\n<p><!-- [et_pb_line_break_holder] --><!-- [et_pb_line_break_holder] -->[\/et_pb_code][\/et_pb_column][\/et_pb_row][\/et_pb_section][et_pb_section fb_built=\"1\" _builder_version=\"4.22.1\" _module_preset=\"default\" background_color=\"#D1E7A3\" global_colors_info=\"{}\"][et_pb_row _builder_version=\"4.22.0\" _module_preset=\"default\" global_colors_info=\"{}\"][et_pb_column type=\"4_4\" _builder_version=\"4.22.0\" _module_preset=\"default\" global_colors_info=\"{}\"][et_pb_text admin_label=\"Meet the Makers\" module_class=\"gopher\" _builder_version=\"4.27.4\" _module_preset=\"default\" text_font=\"|300|||||||\" header_2_font_size=\"40px\" text_orientation=\"center\" global_colors_info=\"{}\"]<\/p>\n<h2 style=\"text-align: center;\">Conoce a los creadores<\/h2>\n<p>[\/et_pb_text][\/et_pb_column][\/et_pb_row][et_pb_row column_structure=\"1_3,1_3,1_3\" use_custom_gutter=\"on\" gutter_width=\"2\" make_equal=\"on\" _builder_version=\"4.25.1\" _module_preset=\"default\" width_tablet=\"100%\" width_phone=\"80%\" width_last_edited=\"on|phone\" global_colors_info=\"{}\"][et_pb_column type=\"1_3\" _builder_version=\"4.22.0\" _module_preset=\"default\" global_colors_info=\"{}\"][et_pb_image src=\"https:\/\/www.discovergilbert.com\/wp-content\/uploads\/2025\/04\/Tile-1-600x600-1.png\" alt=\"Mosaico 1 600x600\" title_text=\"Mosaico 1 600x600\" url=\"https:\/\/www.discovergilbert.com\/experience-gilbert-winery-garage-east\/\" _builder_version=\"4.27.4\" _module_preset=\"default\" width_tablet=\"\" width_phone=\"95%\" width_last_edited=\"on|phone\" module_alignment=\"center\" animation_style=\"slide\" border_radii=\"on|41px|41px|41px|41px\" global_colors_info=\"{}\" transform_styles__hover_enabled=\"on|hover\" transform_scale__hover_enabled=\"on|hover\" transform_translate__hover_enabled=\"on|hover\" transform_rotate__hover_enabled=\"on|desktop\" transform_skew__hover_enabled=\"on|desktop\" transform_origin__hover_enabled=\"on|desktop\"][\/et_pb_image][et_pb_text admin_label=\"Garage East\" module_class=\"gopher\" _builder_version=\"4.27.4\" _module_preset=\"default\" header_3_font=\"|||on|||||\" link_option_url=\"https:\/\/www.discovergilbert.com\/experience-gilbert-winery-garage-east\/\" global_colors_info=\"{}\"]<\/p>\n<h3 style=\"text-align: center;\">Garage East<\/h3>\n<p>[\/et_pb_text][\/et_pb_column][et_pb_column type=\"1_3\" _builder_version=\"4.22.0\" _module_preset=\"default\" global_colors_info=\"{}\"][et_pb_image src=\"https:\/\/www.discovergilbert.com\/wp-content\/uploads\/2025\/05\/Web-Tile-Template-4.png\" alt=\"Plantilla de mosaico web (4)\" title_text=\"Plantilla de mosaico web (4)\" url=\"https:\/\/www.discovergilbert.com\/es\/conoce-a-los-artesanos-detras-de-desert-moon-traders\/\" _builder_version=\"4.27.4\" _module_preset=\"default\" width_tablet=\"\" width_phone=\"95%\" width_last_edited=\"on|phone\" module_alignment=\"center\" animation_style=\"slide\" hover_enabled=\"0\" border_radii=\"on|41px|41px|41px|41px\" global_colors_info=\"{}\" transform_styles__hover_enabled=\"on|hover\" transform_scale__hover_enabled=\"on|hover\" transform_translate__hover_enabled=\"on|hover\" transform_rotate__hover_enabled=\"on|desktop\" transform_skew__hover_enabled=\"on|desktop\" transform_origin__hover_enabled=\"on|desktop\" sticky_enabled=\"0\"][\/et_pb_image][et_pb_text admin_label=\"Desert Moon Traders\" module_class=\"gopher\" _builder_version=\"4.27.4\" _module_preset=\"default\" header_3_font=\"|||on|||||\" link_option_url=\"https:\/\/www.discovergilbert.com\/es\/conoce-a-los-artesanos-detras-de-desert-moon-traders\/\" global_colors_info=\"{}\"]<\/p>\n<h3 style=\"text-align: center;\">Desert Moon Traders<\/h3>\n<p>[\/et_pb_text][\/et_pb_column][et_pb_column type=\"1_3\" _builder_version=\"4.22.0\" _module_preset=\"default\" global_colors_info=\"{}\"][et_pb_image src=\"https:\/\/www.discovergilbert.com\/wp-content\/uploads\/2025\/05\/Web-Tile-Template-2.png\" alt=\"Plantilla de mosaico web (2)\" title_text=\"Plantilla de mosaico web (2)\" url=\"https:\/\/www.discovergilbert.com\/es\/conoce-al-artesano-barrio-bagel-slice\/\" _builder_version=\"4.27.4\" _module_preset=\"default\" width_tablet=\"\" width_phone=\"95%\" width_last_edited=\"on|phone\" module_alignment=\"center\" animation_style=\"slide\" hover_enabled=\"0\" border_radii=\"on|41px|41px|41px|41px\" global_colors_info=\"{}\" transform_styles__hover_enabled=\"on|hover\" transform_scale__hover_enabled=\"on|hover\" transform_translate__hover_enabled=\"on|hover\" transform_rotate__hover_enabled=\"on|desktop\" transform_skew__hover_enabled=\"on|desktop\" transform_origin__hover_enabled=\"on|desktop\" sticky_enabled=\"0\"][\/et_pb_image][et_pb_text admin_label=\"Barrio Bread & Slice\" module_class=\"gopher\" _builder_version=\"4.27.4\" _module_preset=\"default\" header_3_font=\"|||on|||||\" link_option_url=\"https:\/\/www.discovergilbert.com\/es\/conoce-al-artesano-barrio-bagel-slice\/\" global_colors_info=\"{}\"]<\/p>\n<h3 style=\"text-align: center;\">Barrio Bagel &amp; Slice<\/h3>\n<p>[\/et_pb_text][\/et_pb_column][\/et_pb_row][\/et_pb_section]<\/p>\n","protected":false},"excerpt":{"rendered":"<p>Crea. Explora. Descubre. Reg\u00edstrate en el Pase Hazlo y ll\u00e9vatelo de Discover Gilbert y accede a una lista seleccionada de experiencias que solo se pueden disfrutar en Gilbert, Arizona. Este divertido pase, que celebra la comunidad creativa, te guiar\u00e1 a todos los lugares donde puedes dar rienda suelta a tu creatividad y crear un nuevo [&hellip;]<\/p>\n","protected":false},"author":10,"featured_media":8281,"parent":0,"menu_order":0,"comment_status":"closed","ping_status":"closed","template":"","meta":{"_acf_changed":false,"_et_pb_use_builder":"on","_et_pb_old_content":"","_et_gb_content_width":"","footnotes":""},"class_list":["post-8278","page","type-page","status-publish","has-post-thumbnail","hentry"],"acf":[],"yoast_head":"<!-- This site is optimized with the Yoast SEO plugin v26.6 - https:\/\/yoast.com\/wordpress\/plugins\/seo\/ -->\n<title>Pase Hazlo y ll\u00e9vatelo<\/title>\n<meta name=\"description\" content=\"En Discover Gilbert, tenemos una gu\u00eda de compras para que los turistas encuentren las mejores tiendas de la zona de Phoenix. Visita nuestra web para echar un vistazo a nuestras gu\u00edas.\" \/>\n<meta name=\"robots\" content=\"index, follow, max-snippet:-1, max-image-preview:large, max-video-preview:-1\" \/>\n<link rel=\"canonical\" href=\"https:\/\/www.discovergilbert.com\/es\/hazlo-y-llevatelo\/\" \/>\n<meta property=\"og:locale\" content=\"es_MX\" \/>\n<meta property=\"og:type\" content=\"article\" \/>\n<meta property=\"og:title\" content=\"Pase Hazlo y ll\u00e9vatelo\" \/>\n<meta property=\"og:description\" content=\"En Discover Gilbert, tenemos una gu\u00eda de compras para que los turistas encuentren las mejores tiendas de la zona de Phoenix. Visita nuestra web para echar un vistazo a nuestras gu\u00edas.\" \/>\n<meta property=\"og:site_name\" content=\"Discover Gilbert\" \/>\n<meta property=\"article:publisher\" content=\"https:\/\/www.facebook.com\/DiscoverGilbertAZ\" \/>\n<meta property=\"article:modified_time\" content=\"2026-04-09T14:11:16+00:00\" \/>\n<meta property=\"og:image\" content=\"https:\/\/www.discovergilbert.com\/wp-content\/uploads\/2025\/04\/Make-It-and-Take-It-Hero.gif\" \/>\n\t<meta property=\"og:image:width\" content=\"1900\" \/>\n\t<meta property=\"og:image:height\" content=\"849\" \/>\n\t<meta property=\"og:image:type\" content=\"image\/gif\" \/>\n<meta name=\"twitter:card\" content=\"summary_large_image\" \/>\n<meta name=\"twitter:label1\" content=\"Tiempo de lectura\" \/>\n\t<meta name=\"twitter:data1\" content=\"6 minutos\" \/>\n<script type=\"application\/ld+json\" class=\"yoast-schema-graph\">{\"@context\":\"https:\/\/schema.org\",\"@graph\":[{\"@type\":\"WebPage\",\"@id\":\"https:\/\/www.discovergilbert.com\/es\/hazlo-y-llevatelo\/\",\"url\":\"https:\/\/www.discovergilbert.com\/es\/hazlo-y-llevatelo\/\",\"name\":\"Pase Hazlo y ll\u00e9vatelo\",\"isPartOf\":{\"@id\":\"https:\/\/www.discovergilbert.com\/es\/#website\"},\"primaryImageOfPage\":{\"@id\":\"https:\/\/www.discovergilbert.com\/es\/hazlo-y-llevatelo\/#primaryimage\"},\"image\":{\"@id\":\"https:\/\/www.discovergilbert.com\/es\/hazlo-y-llevatelo\/#primaryimage\"},\"thumbnailUrl\":\"https:\/\/www.discovergilbert.com\/wp-content\/uploads\/2025\/04\/Make-It-and-Take-It-Hero.gif\",\"datePublished\":\"2025-04-18T12:35:22+00:00\",\"dateModified\":\"2026-04-09T14:11:16+00:00\",\"description\":\"En Discover Gilbert, tenemos una gu\u00eda de compras para que los turistas encuentren las mejores tiendas de la zona de Phoenix. Visita nuestra web para echar un vistazo a nuestras gu\u00edas.\",\"breadcrumb\":{\"@id\":\"https:\/\/www.discovergilbert.com\/es\/hazlo-y-llevatelo\/#breadcrumb\"},\"inLanguage\":\"es\",\"potentialAction\":[{\"@type\":\"ReadAction\",\"target\":[\"https:\/\/www.discovergilbert.com\/es\/hazlo-y-llevatelo\/\"]}]},{\"@type\":\"ImageObject\",\"inLanguage\":\"es\",\"@id\":\"https:\/\/www.discovergilbert.com\/es\/hazlo-y-llevatelo\/#primaryimage\",\"url\":\"https:\/\/www.discovergilbert.com\/wp-content\/uploads\/2025\/04\/Make-It-and-Take-It-Hero.gif\",\"contentUrl\":\"https:\/\/www.discovergilbert.com\/wp-content\/uploads\/2025\/04\/Make-It-and-Take-It-Hero.gif\",\"width\":1900,\"height\":849,\"caption\":\"Hero Hazlo y ll\u00e9vatelo\"},{\"@type\":\"BreadcrumbList\",\"@id\":\"https:\/\/www.discovergilbert.com\/es\/hazlo-y-llevatelo\/#breadcrumb\",\"itemListElement\":[{\"@type\":\"ListItem\",\"position\":1,\"name\":\"Home\",\"item\":\"https:\/\/www.discovergilbert.com\/es\/\"},{\"@type\":\"ListItem\",\"position\":2,\"name\":\"Hazlo y ll\u00e9vatelo\"}]},{\"@type\":\"WebSite\",\"@id\":\"https:\/\/www.discovergilbert.com\/es\/#website\",\"url\":\"https:\/\/www.discovergilbert.com\/es\/\",\"name\":\"Discover Gilbert\",\"description\":\"Let us be your local guide\",\"publisher\":{\"@id\":\"https:\/\/www.discovergilbert.com\/es\/#organization\"},\"potentialAction\":[{\"@type\":\"SearchAction\",\"target\":{\"@type\":\"EntryPoint\",\"urlTemplate\":\"https:\/\/www.discovergilbert.com\/es\/?s={search_term_string}\"},\"query-input\":{\"@type\":\"PropertyValueSpecification\",\"valueRequired\":true,\"valueName\":\"search_term_string\"}}],\"inLanguage\":\"es\"},{\"@type\":\"Organization\",\"@id\":\"https:\/\/www.discovergilbert.com\/es\/#organization\",\"name\":\"Discover Gilbert\",\"url\":\"https:\/\/www.discovergilbert.com\/es\/\",\"logo\":{\"@type\":\"ImageObject\",\"inLanguage\":\"es\",\"@id\":\"https:\/\/www.discovergilbert.com\/es\/#\/schema\/logo\/image\/\",\"url\":\"https:\/\/www.discovergilbert.com\/wp-content\/uploads\/2025\/10\/discover-gilbert-logo-full-color-rgb-900px-w-72ppi.png\",\"contentUrl\":\"https:\/\/www.discovergilbert.com\/wp-content\/uploads\/2025\/10\/discover-gilbert-logo-full-color-rgb-900px-w-72ppi.png\",\"width\":600,\"height\":200,\"caption\":\"Discover Gilbert\"},\"image\":{\"@id\":\"https:\/\/www.discovergilbert.com\/es\/#\/schema\/logo\/image\/\"},\"sameAs\":[\"https:\/\/www.facebook.com\/DiscoverGilbertAZ\",\"https:\/\/www.instagram.com\/discovergilbert\"]}]}<\/script>\n<!-- \/ Yoast SEO plugin. -->","yoast_head_json":{"title":"Pase Hazlo y ll\u00e9vatelo","description":"En Discover Gilbert, tenemos una gu\u00eda de compras para que los turistas encuentren las mejores tiendas de la zona de Phoenix. Visita nuestra web para echar un vistazo a nuestras gu\u00edas.","robots":{"index":"index","follow":"follow","max-snippet":"max-snippet:-1","max-image-preview":"max-image-preview:large","max-video-preview":"max-video-preview:-1"},"canonical":"https:\/\/www.discovergilbert.com\/es\/hazlo-y-llevatelo\/","og_locale":"es_MX","og_type":"article","og_title":"Pase Hazlo y ll\u00e9vatelo","og_description":"En Discover Gilbert, tenemos una gu\u00eda de compras para que los turistas encuentren las mejores tiendas de la zona de Phoenix. Visita nuestra web para echar un vistazo a nuestras gu\u00edas.","og_site_name":"Discover Gilbert","article_publisher":"https:\/\/www.facebook.com\/DiscoverGilbertAZ","article_modified_time":"2026-04-09T14:11:16+00:00","og_image":[{"width":1900,"height":849,"url":"https:\/\/www.discovergilbert.com\/wp-content\/uploads\/2025\/04\/Make-It-and-Take-It-Hero.gif","type":"image\/gif"}],"twitter_card":"summary_large_image","twitter_misc":{"Tiempo de lectura":"6 minutos"},"schema":{"@context":"https:\/\/schema.org","@graph":[{"@type":"WebPage","@id":"https:\/\/www.discovergilbert.com\/es\/hazlo-y-llevatelo\/","url":"https:\/\/www.discovergilbert.com\/es\/hazlo-y-llevatelo\/","name":"Pase Hazlo y ll\u00e9vatelo","isPartOf":{"@id":"https:\/\/www.discovergilbert.com\/es\/#website"},"primaryImageOfPage":{"@id":"https:\/\/www.discovergilbert.com\/es\/hazlo-y-llevatelo\/#primaryimage"},"image":{"@id":"https:\/\/www.discovergilbert.com\/es\/hazlo-y-llevatelo\/#primaryimage"},"thumbnailUrl":"https:\/\/www.discovergilbert.com\/wp-content\/uploads\/2025\/04\/Make-It-and-Take-It-Hero.gif","datePublished":"2025-04-18T12:35:22+00:00","dateModified":"2026-04-09T14:11:16+00:00","description":"En Discover Gilbert, tenemos una gu\u00eda de compras para que los turistas encuentren las mejores tiendas de la zona de Phoenix. Visita nuestra web para echar un vistazo a nuestras gu\u00edas.","breadcrumb":{"@id":"https:\/\/www.discovergilbert.com\/es\/hazlo-y-llevatelo\/#breadcrumb"},"inLanguage":"es","potentialAction":[{"@type":"ReadAction","target":["https:\/\/www.discovergilbert.com\/es\/hazlo-y-llevatelo\/"]}]},{"@type":"ImageObject","inLanguage":"es","@id":"https:\/\/www.discovergilbert.com\/es\/hazlo-y-llevatelo\/#primaryimage","url":"https:\/\/www.discovergilbert.com\/wp-content\/uploads\/2025\/04\/Make-It-and-Take-It-Hero.gif","contentUrl":"https:\/\/www.discovergilbert.com\/wp-content\/uploads\/2025\/04\/Make-It-and-Take-It-Hero.gif","width":1900,"height":849,"caption":"Hero Hazlo y ll\u00e9vatelo"},{"@type":"BreadcrumbList","@id":"https:\/\/www.discovergilbert.com\/es\/hazlo-y-llevatelo\/#breadcrumb","itemListElement":[{"@type":"ListItem","position":1,"name":"Home","item":"https:\/\/www.discovergilbert.com\/es\/"},{"@type":"ListItem","position":2,"name":"Hazlo y ll\u00e9vatelo"}]},{"@type":"WebSite","@id":"https:\/\/www.discovergilbert.com\/es\/#website","url":"https:\/\/www.discovergilbert.com\/es\/","name":"Discover Gilbert","description":"Let us be your local guide","publisher":{"@id":"https:\/\/www.discovergilbert.com\/es\/#organization"},"potentialAction":[{"@type":"SearchAction","target":{"@type":"EntryPoint","urlTemplate":"https:\/\/www.discovergilbert.com\/es\/?s={search_term_string}"},"query-input":{"@type":"PropertyValueSpecification","valueRequired":true,"valueName":"search_term_string"}}],"inLanguage":"es"},{"@type":"Organization","@id":"https:\/\/www.discovergilbert.com\/es\/#organization","name":"Discover Gilbert","url":"https:\/\/www.discovergilbert.com\/es\/","logo":{"@type":"ImageObject","inLanguage":"es","@id":"https:\/\/www.discovergilbert.com\/es\/#\/schema\/logo\/image\/","url":"https:\/\/www.discovergilbert.com\/wp-content\/uploads\/2025\/10\/discover-gilbert-logo-full-color-rgb-900px-w-72ppi.png","contentUrl":"https:\/\/www.discovergilbert.com\/wp-content\/uploads\/2025\/10\/discover-gilbert-logo-full-color-rgb-900px-w-72ppi.png","width":600,"height":200,"caption":"Discover Gilbert"},"image":{"@id":"https:\/\/www.discovergilbert.com\/es\/#\/schema\/logo\/image\/"},"sameAs":["https:\/\/www.facebook.com\/DiscoverGilbertAZ","https:\/\/www.instagram.com\/discovergilbert"]}]}},"_links":{"self":[{"href":"https:\/\/www.discovergilbert.com\/es\/wp-json\/wp\/v2\/pages\/8278","targetHints":{"allow":["GET"]}}],"collection":[{"href":"https:\/\/www.discovergilbert.com\/es\/wp-json\/wp\/v2\/pages"}],"about":[{"href":"https:\/\/www.discovergilbert.com\/es\/wp-json\/wp\/v2\/types\/page"}],"author":[{"embeddable":true,"href":"https:\/\/www.discovergilbert.com\/es\/wp-json\/wp\/v2\/users\/10"}],"replies":[{"embeddable":true,"href":"https:\/\/www.discovergilbert.com\/es\/wp-json\/wp\/v2\/comments?post=8278"}],"version-history":[{"count":7,"href":"https:\/\/www.discovergilbert.com\/es\/wp-json\/wp\/v2\/pages\/8278\/revisions"}],"predecessor-version":[{"id":8296,"href":"https:\/\/www.discovergilbert.com\/es\/wp-json\/wp\/v2\/pages\/8278\/revisions\/8296"}],"wp:featuredmedia":[{"embeddable":true,"href":"https:\/\/www.discovergilbert.com\/es\/wp-json\/wp\/v2\/media\/8281"}],"wp:attachment":[{"href":"https:\/\/www.discovergilbert.com\/es\/wp-json\/wp\/v2\/media?parent=8278"}],"curies":[{"name":"wp","href":"https:\/\/api.w.org\/{rel}","templated":true}]}}