{"id":8273,"date":"2024-05-14T19:17:10","date_gmt":"2024-05-15T02:17:10","guid":{"rendered":"https:\/\/www.discovergilbert.com\/explorar\/recorre-gilbert-en-bici\/"},"modified":"2026-03-03T09:47:44","modified_gmt":"2026-03-03T16:47:44","slug":"ciclismo","status":"publish","type":"page","link":"https:\/\/www.discovergilbert.com\/es\/explora\/ciclismo\/","title":{"rendered":"Ciclismo"},"content":{"rendered":"<p>[et_pb_section fb_built=&#8221;1&#8243; custom_padding_last_edited=&#8221;on|phone&#8221; _builder_version=&#8221;4.25.1&#8243; _module_preset=&#8221;default&#8221; use_background_color_gradient=&#8221;on&#8221; background_color_gradient_direction=&#8221;1deg&#8221; background_color_gradient_stops=&#8221;rgba(0,0,0,0.3) 0%|rgba(0,0,0,0.4) 100%&#8221; background_color_gradient_overlays_image=&#8221;on&#8221; background_image=&#8221;https:\/\/www.discovergilbert.com\/wp-content\/uploads\/2024\/05\/bike-hero.jpg&#8221; custom_padding=&#8221;140px||140px||true|false&#8221; custom_padding_tablet=&#8221;80px||80px||true|false&#8221; custom_padding_phone=&#8221;80px||80px||true|false&#8221; global_colors_info=&#8221;{}&#8221;][et_pb_row _builder_version=&#8221;4.22.1&#8243; _module_preset=&#8221;default&#8221; global_colors_info=&#8221;{}&#8221;][et_pb_column type=&#8221;4_4&#8243; _builder_version=&#8221;4.22.1&#8243; _module_preset=&#8221;default&#8221; global_colors_info=&#8221;{}&#8221;][et_pb_text admin_label=&#8221;Bike Gilbert&#8221; module_class=&#8221;gopher&#8221; _builder_version=&#8221;4.25.1&#8243; _module_preset=&#8221;default&#8221; header_text_align=&#8221;center&#8221; header_text_color=&#8221;#BFD730&#8243; header_font_size=&#8221;80px&#8221; header_line_height=&#8221;1.2em&#8221; text_orientation=&#8221;center&#8221; background_layout=&#8221;dark&#8221; custom_padding=&#8221;0px||||false|false&#8221; global_colors_info=&#8221;{}&#8221;]<\/p>\n<div class=\"et_pb_column et_pb_column_4_4 et_pb_column_0 et_pb_css_mix_blend_mode_passthrough et-last-child\">\n<div class=\"et_pb_module et_pb_text et_pb_text_0 et_pb_text_align_left et_pb_bg_layout_light\">\n<div class=\"et_pb_text_inner\">\n<h1>Ciclismo<\/h1>\n<\/div>\n<\/div>\n<\/div>\n<p>[\/et_pb_text][\/et_pb_column][\/et_pb_row][\/et_pb_section][et_pb_section fb_built=&#8221;1&#8243; _builder_version=&#8221;4.22.1&#8243; _module_preset=&#8221;default&#8221; locked=&#8221;off&#8221; global_colors_info=&#8221;{}&#8221;][et_pb_row column_structure=&#8221;1_2,1_4,1_4&#8243; _builder_version=&#8221;4.22.1&#8243; _module_preset=&#8221;default&#8221; global_colors_info=&#8221;{}&#8221;][et_pb_column type=&#8221;1_2&#8243; _builder_version=&#8221;4.22.1&#8243; _module_preset=&#8221;default&#8221; global_colors_info=&#8221;{}&#8221;][et_pb_text admin_label=&#8221;Discover Bicycling in Gilbert&#8221; module_class=&#8221;gopher&#8221; _builder_version=&#8221;4.25.1&#8243; _module_preset=&#8221;default&#8221; text_font=&#8221;|300|||||||&#8221; text_font_size=&#8221;17px&#8221; header_font_size=&#8221;50px&#8221; header_2_font_size=&#8221;40px&#8221; header_2_line_height=&#8221;1.1em&#8221; global_colors_info=&#8221;{}&#8221;]<\/p>\n<h2>Descubre el ciclismo en Gilbert<\/h2>\n<p>Arizona se ha ganado la reputaci\u00f3n de ser un destino excepcional para el ciclismo. La combinaci\u00f3n de comunidades amigables para los ciclistas, senderos en la monta\u00f1a, paisajes impresionantes y un clima privilegiado durante gran parte del a\u00f1o convierte al estado en el escenario perfecto para explorar sobre dos ruedas.   En Gilbert, todo invita a un paseo sin prisas: desde parques pintorescos y senderos bien conectados hasta acogedores lugares para el brunch, encantadoras tiendas locales y rincones ideales para detenerse, disfrutar del momento y crear recuerdos inolvidables.[\/et_pb_text][\/et_pb_column][et_pb_column type=&#8221;1_4&#8243; _builder_version=&#8221;4.22.1&#8243; _module_preset=&#8221;default&#8221; global_colors_info=&#8221;{}&#8221;][et_pb_image src=&#8221;https:\/\/www.discovergilbert.com\/wp-content\/uploads\/2024\/05\/53735345894_7f01037e24_c.jpg&#8221; alt=&#8221;Ciclismo en familia&#8221; title_text=&#8221;53735345894_7f01037e24_c&#8221; _builder_version=&#8221;4.25.1&#8243; _module_preset=&#8221;default&#8221; transform_scale=&#8221;162%|162%&#8221; transform_scale_tablet=&#8221;100%|100%&#8221; transform_scale_phone=&#8221;100%|100%&#8221; transform_scale_last_edited=&#8221;on|phone&#8221; transform_translate=&#8221;32px|35px&#8221; transform_translate_tablet=&#8221;-3px|0px&#8221; transform_translate_phone=&#8221;0px|0px&#8221; transform_translate_last_edited=&#8221;on|tablet&#8221; transform_translate_linked_phone=&#8221;off&#8221; transform_rotate_tablet=&#8221;&#8221; transform_rotate_phone=&#8221;&#8221; transform_rotate_last_edited=&#8221;on|phone&#8221; transform_skew_tablet=&#8221;&#8221; transform_skew_phone=&#8221;&#8221; transform_skew_last_edited=&#8221;on|phone&#8221; transform_origin_tablet=&#8221;&#8221; transform_origin_phone=&#8221;&#8221; transform_origin_last_edited=&#8221;on|phone&#8221; transform_styles_last_edited=&#8221;on|phone&#8221; transform_styles_tablet=&#8221;&#8221; transform_styles_phone=&#8221;&#8221; border_radii=&#8221;on|20px|20px|20px|20px&#8221; global_colors_info=&#8221;{}&#8221;][\/et_pb_image][\/et_pb_column][et_pb_column type=&#8221;1_4&#8243; _builder_version=&#8221;4.22.1&#8243; _module_preset=&#8221;default&#8221; global_colors_info=&#8221;{}&#8221;][et_pb_image src=&#8221;https:\/\/www.discovergilbert.com\/wp-content\/uploads\/2024\/05\/supstuart-Instagram-1650-ig-17849019737757057-medium.jpg&#8221; alt=&#8221;bicicleta con perro en cesta&#8221; title_text=&#8221;supstuart Instagram 1650-ig-17849019737757057-medium&#8221; disabled_on=&#8221;on|on|off&#8221; _builder_version=&#8221;4.25.1&#8243; _module_preset=&#8221;default&#8221; scroll_vertical_motion_enable=&#8221;on&#8221; scroll_vertical_motion=&#8221;0|50|50|100|-1|0|1&#8243; border_radii=&#8221;on|20px|20px|20px|20px&#8221; box_shadow_style=&#8221;preset1&#8243; global_colors_info=&#8221;{}&#8221;][\/et_pb_image][\/et_pb_column][\/et_pb_row][\/et_pb_section][et_pb_section fb_built=&#8221;1&#8243; _builder_version=&#8221;4.25.1&#8243; _module_preset=&#8221;default&#8221; background_color=&#8221;#F8F2F8&#8243; locked=&#8221;off&#8221; global_colors_info=&#8221;{}&#8221;][et_pb_row column_structure=&#8221;1_4,1_4,1_2&#8243; _builder_version=&#8221;4.25.1&#8243; _module_preset=&#8221;default&#8221; global_colors_info=&#8221;{}&#8221;][et_pb_column type=&#8221;1_4&#8243; _builder_version=&#8221;4.22.1&#8243; _module_preset=&#8221;default&#8221; global_colors_info=&#8221;{}&#8221;][et_pb_image src=&#8221;https:\/\/www.discovergilbert.com\/wp-content\/uploads\/2024\/05\/Trails-1-hero.jpg&#8221; alt=&#8221;chicas en bicicleta en el parque&#8221; title_text=&#8221;Senderos-1-hero&#8221; _builder_version=&#8221;4.25.1&#8243; _module_preset=&#8221;default&#8221; transform_scale=&#8221;162%|162%&#8221; transform_scale_tablet=&#8221;100%|100%&#8221; transform_scale_phone=&#8221;100%|100%&#8221; transform_scale_last_edited=&#8221;on|phone&#8221; transform_translate=&#8221;32px|35px&#8221; transform_translate_tablet=&#8221;-3px|0px&#8221; transform_translate_phone=&#8221;0px|0px&#8221; transform_translate_last_edited=&#8221;on|tablet&#8221; transform_translate_linked_phone=&#8221;off&#8221; transform_rotate_tablet=&#8221;&#8221; transform_rotate_phone=&#8221;&#8221; transform_rotate_last_edited=&#8221;on|phone&#8221; transform_skew_tablet=&#8221;&#8221; transform_skew_phone=&#8221;&#8221; transform_skew_last_edited=&#8221;on|phone&#8221; transform_origin_tablet=&#8221;&#8221; transform_origin_phone=&#8221;&#8221; transform_origin_last_edited=&#8221;on|phone&#8221; transform_styles_last_edited=&#8221;on|phone&#8221; transform_styles_tablet=&#8221;&#8221; transform_styles_phone=&#8221;&#8221; border_radii=&#8221;on|20px|20px|20px|20px&#8221; global_colors_info=&#8221;{}&#8221;][\/et_pb_image][\/et_pb_column][et_pb_column type=&#8221;1_4&#8243; _builder_version=&#8221;4.22.1&#8243; _module_preset=&#8221;default&#8221; global_colors_info=&#8221;{}&#8221;][et_pb_image src=&#8221;https:\/\/www.discovergilbert.com\/wp-content\/uploads\/2024\/05\/Foskett-Creative-5207-medium.jpg&#8221; alt=&#8221;ciclistas de monta\u00f1a&#8221; title_text=&#8221;Foskett Creative-5207-medium&#8221; disabled_on=&#8221;on|on|off&#8221; _builder_version=&#8221;4.25.1&#8243; _module_preset=&#8221;default&#8221; scroll_vertical_motion_enable=&#8221;on&#8221; scroll_vertical_motion=&#8221;0|50|50|100|-1|0|1&#8243; border_radii=&#8221;on|20px|20px|20px|20px&#8221; box_shadow_style=&#8221;preset1&#8243; global_colors_info=&#8221;{}&#8221;][\/et_pb_image][\/et_pb_column][et_pb_column type=&#8221;1_2&#8243; _builder_version=&#8221;4.22.1&#8243; _module_preset=&#8221;default&#8221; global_colors_info=&#8221;{}&#8221;][et_pb_text admin_label=&#8221;Rides and Bike Maps&#8221; module_class=&#8221;gopher&#8221; _builder_version=&#8221;4.25.1&#8243; _module_preset=&#8221;default&#8221; text_font=&#8221;|300|||||||&#8221; text_font_size=&#8221;17px&#8221; header_font_size=&#8221;50px&#8221; header_2_font_size=&#8221;40px&#8221; header_2_line_height=&#8221;1.1em&#8221; global_colors_info=&#8221;{}&#8221;]<\/p>\n<h2>Paseos y mapas de rutas en bicicleta<\/h2>\n<p>\u00a1D\u00e9janos acompa\u00f1arte en tu paseo! Descubre nuestras rutas en bicicleta, que incluyen dos excelentes opciones y una lista de reproducci\u00f3n dise\u00f1ada para mantenerte en movimiento y disfrutar cada momento.<br \/>\u00bfPrefieres explorar por tu cuenta? Contamos con mapas detallados que te ayudar\u00e1n a planificar tu recorrido con facilidad.   <\/p>\n<p>[\/et_pb_text][et_pb_button button_url=&#8221;https:\/\/www.discovergilbert.com\/wp-content\/uploads\/2024\/05\/Gilbert_Bike_Rides_Final_updated_4.22.pdf&#8221; url_new_window=&#8221;on&#8221; button_text=&#8221;Ver rutas en bicicleta&#8221; admin_label=&#8221;View Bike Rides&#8221; _builder_version=&#8221;4.25.1&#8243; _module_preset=&#8221;default&#8221; global_colors_info=&#8221;{}&#8221;][\/et_pb_button][et_pb_button button_url=&#8221;https:\/\/www.discovergilbert.com\/es\/planea\/mapas\/&#8221; button_text=&#8221;Ver mapas de rutas en bicicleta&#8221; admin_label=&#8221;View Bike Maps&#8221; _builder_version=&#8221;4.25.1&#8243; _module_preset=&#8221;default&#8221; global_colors_info=&#8221;{}&#8221;][\/et_pb_button][\/et_pb_column][\/et_pb_row][\/et_pb_section][et_pb_section fb_built=&#8221;1&#8243; _builder_version=&#8221;4.25.1&#8243; _module_preset=&#8221;default&#8221; global_colors_info=&#8221;{}&#8221;][et_pb_row column_structure=&#8221;1_2,1_2&#8243; _builder_version=&#8221;4.25.1&#8243; _module_preset=&#8221;default&#8221; global_colors_info=&#8221;{}&#8221;][et_pb_column type=&#8221;1_2&#8243; _builder_version=&#8221;4.25.1&#8243; _module_preset=&#8221;default&#8221; global_colors_info=&#8221;{}&#8221;][et_pb_text admin_label=&#8221;Discover Bicycling in Gilbert&#8221; module_class=&#8221;gopher&#8221; _builder_version=&#8221;4.25.1&#8243; _module_preset=&#8221;default&#8221; text_font=&#8221;|300|||||||&#8221; text_font_size=&#8221;17px&#8221; header_font_size=&#8221;50px&#8221; header_2_font_size=&#8221;40px&#8221; header_2_line_height=&#8221;1.1em&#8221; global_colors_info=&#8221;{}&#8221;]<\/p>\n<h2>De la bicicleta al restaurantes<\/h2>\n<p>\u00a1Despu\u00e9s de recorrer la ciudad en bicicleta, abrir el apetito est\u00e1 garantizado! Cuando llegue el momento de recargar energ\u00edas, d\u00e9jate sorprender por la variada y deliciosa oferta de restaurantes locales.<br \/>Encontrar\u00e1s c\u00f3modos estacionamientos para bicicletas y amplias terrazas perfectas para relajarte, ya sea que prefieras un bocadillo r\u00e1pido, un caf\u00e9 para seguir la ruta o una comida completa para disfrutar sin prisas.  <\/p>\n<p>[\/et_pb_text][et_pb_button button_url=&#8221;\/play\/bike-to-restaurants&#8221; button_text=&#8221;Ver restaurantes accesibles en bicicleta&#8221; _builder_version=&#8221;4.25.1&#8243; _module_preset=&#8221;default&#8221; global_colors_info=&#8221;{}&#8221;][\/et_pb_button][\/et_pb_column][et_pb_column type=&#8221;1_2&#8243; _builder_version=&#8221;4.25.1&#8243; _module_preset=&#8221;default&#8221; global_colors_info=&#8221;{}&#8221;][et_pb_image src=&#8221;https:\/\/www.discovergilbert.com\/wp-content\/uploads\/2024\/05\/HeritageDistrict-02_3383-medium.jpg&#8221; alt=&#8221;Exterior de restaurante en el distrito hist\u00f3rico&#8221; title_text=&#8221;HeritageDistrict-02_3383-medium&#8221; _builder_version=&#8221;4.25.1&#8243; _module_preset=&#8221;default&#8221; border_radii=&#8221;on|30px|30px|30px|30px&#8221; global_colors_info=&#8221;{}&#8221;][\/et_pb_image][\/et_pb_column][\/et_pb_row][\/et_pb_section][et_pb_section fb_built=&#8221;1&#8243; _builder_version=&#8221;4.25.1&#8243; _module_preset=&#8221;default&#8221; background_color=&#8221;#D1E7A3&#8243; global_colors_info=&#8221;{}&#8221;][et_pb_row _builder_version=&#8221;4.22.0&#8243; _module_preset=&#8221;default&#8221; global_colors_info=&#8221;{}&#8221;][et_pb_column type=&#8221;4_4&#8243; _builder_version=&#8221;4.22.0&#8243; _module_preset=&#8221;default&#8221; global_colors_info=&#8221;{}&#8221;][et_pb_text admin_label=&#8221;Bike Shops and Rentals&#8221; module_class=&#8221;gopher&#8221; _builder_version=&#8221;4.25.1&#8243; _module_preset=&#8221;default&#8221; text_font=&#8221;|300|||||||&#8221; header_2_font_size=&#8221;40px&#8221; text_orientation=&#8221;center&#8221; global_colors_info=&#8221;{}&#8221;]<\/p>\n<h2 style=\"text-align: center;\">Tiendas y renta de bicicletas<\/h2>\n<p style=\"text-align: center;\">\u00bfBuscas una bicicleta nueva o los accesorios perfectos para tu pr\u00f3xima ruta? En Gilbert encontrar\u00e1s una amplia selecci\u00f3n de tiendas especializadas con opciones para todos los tama\u00f1os, estilos y niveles de experiencia.<br \/>Si est\u00e1s de visita y necesitas rentar, tambi\u00e9n hay excelentes alternativas disponibles. \u00bfPrefieres recorrer m\u00e1s distancia con menos esfuerzo? Descubre las opciones de bicicletas el\u00e9ctricas y dale un impulso extra a tu paseo mientras disfrutas al m\u00e1ximo del paisaje.     <\/p>\n<p>[\/et_pb_text][\/et_pb_column][\/et_pb_row][et_pb_row _builder_version=&#8221;4.22.1&#8243; _module_preset=&#8221;default&#8221; global_colors_info=&#8221;{}&#8221;][et_pb_column type=&#8221;4_4&#8243; _builder_version=&#8221;4.22.1&#8243; _module_preset=&#8221;default&#8221; global_colors_info=&#8221;{}&#8221;][et_pb_de_mach_archive_loop post_type_choose=&#8221;store&#8221; loop_layout=&#8221;993&#8243; posts_number=&#8221;24&#8243; include_cats=&#8221;bicycles&#8221; sort_order=&#8221;title&#8221; enable_loadmore=&#8221;on&#8221; equal_height=&#8221;on&#8221; align_last_bottom=&#8221;on&#8221; columns=&#8221;3&#8243; custom_gutter_width=&#8221;on&#8221; gutter_row_gap=&#8221;20px&#8221; gutter_row_column=&#8221;20px&#8221; _builder_version=&#8221;4.25.1&#8243; _module_preset=&#8221;default&#8221; global_colors_info=&#8221;{}&#8221;][\/et_pb_de_mach_archive_loop][\/et_pb_column][\/et_pb_row][et_pb_row _builder_version=&#8221;4.25.1&#8243; _module_preset=&#8221;default&#8221; width=&#8221;100%&#8221; max_width=&#8221;2560px&#8221; custom_margin=&#8221;0px||0px||false|false&#8221; custom_padding=&#8221;0px||0px||false|false&#8221; global_colors_info=&#8221;{}&#8221;][et_pb_column type=&#8221;4_4&#8243; _builder_version=&#8221;4.25.1&#8243; _module_preset=&#8221;default&#8221; global_colors_info=&#8221;{}&#8221;][et_pb_code admin_label=&#8221;CROWDRIFF &#8211; NO EDITAR&#8221; _builder_version=&#8221;4.25.1&#8243; _module_preset=&#8221;default&#8221; global_colors_info=&#8221;{}&#8221;]<script id=\"cr-init__63034f15e9554e59\" src=\"https:\/\/starling.crowdriff.com\/js\/crowdriff.js\" async><\/script>[\/et_pb_code][\/et_pb_column][\/et_pb_row][\/et_pb_section]<\/p>\n","protected":false},"excerpt":{"rendered":"<p>Ciclismo Descubre el ciclismo en Gilbert Arizona se ha ganado la reputaci\u00f3n de ser un destino excepcional para el ciclismo. La combinaci\u00f3n de comunidades amigables para los ciclistas, senderos en la monta\u00f1a, paisajes impresionantes y un clima privilegiado durante gran parte del a\u00f1o convierte al estado en el escenario perfecto para explorar sobre dos ruedas. [&hellip;]<\/p>\n","protected":false},"author":1,"featured_media":8274,"parent":7797,"menu_order":0,"comment_status":"closed","ping_status":"closed","template":"","meta":{"_acf_changed":false,"_et_pb_use_builder":"on","_et_pb_old_content":"","_et_gb_content_width":"","footnotes":""},"class_list":["post-8273","page","type-page","status-publish","has-post-thumbnail","hentry"],"acf":[],"yoast_head":"<!-- This site is optimized with the Yoast SEO plugin v26.6 - https:\/\/yoast.com\/wordpress\/plugins\/seo\/ -->\n<title>Ciclismo - Explora paseos divertidos y paradas locales - Discover Gilbert<\/title>\n<meta name=\"description\" content=\"Todo gira en torno al paseo tranquilo, desde parques pintorescos hasta los lugares perfectos para el brunch, tiendas locales y los escenarios ideales para crear recuerdos.\" \/>\n<meta name=\"robots\" content=\"index, follow, max-snippet:-1, max-image-preview:large, max-video-preview:-1\" \/>\n<link rel=\"canonical\" href=\"https:\/\/www.discovergilbert.com\/es\/explora\/ciclismo\/\" \/>\n<meta property=\"og:locale\" content=\"es_MX\" \/>\n<meta property=\"og:type\" content=\"article\" \/>\n<meta property=\"og:title\" content=\"Ciclismo - Explora paseos divertidos y paradas locales - Discover Gilbert\" \/>\n<meta property=\"og:description\" content=\"Todo gira en torno al paseo tranquilo, desde parques pintorescos hasta los lugares perfectos para el brunch, tiendas locales y los escenarios ideales para crear recuerdos.\" \/>\n<meta property=\"og:site_name\" content=\"Discover Gilbert\" \/>\n<meta property=\"article:publisher\" content=\"https:\/\/www.facebook.com\/DiscoverGilbertAZ\" \/>\n<meta property=\"article:modified_time\" content=\"2026-03-03T16:47:44+00:00\" \/>\n<meta property=\"og:image\" content=\"https:\/\/www.discovergilbert.com\/wp-content\/uploads\/2024\/06\/bicycling.jpg\" \/>\n\t<meta property=\"og:image:width\" content=\"1200\" \/>\n\t<meta property=\"og:image:height\" content=\"800\" \/>\n\t<meta property=\"og:image:type\" content=\"image\/jpeg\" \/>\n<meta name=\"twitter:card\" content=\"summary_large_image\" \/>\n<meta name=\"twitter:label1\" content=\"Tiempo de lectura\" \/>\n\t<meta name=\"twitter:data1\" content=\"3 minutos\" \/>\n<script type=\"application\/ld+json\" class=\"yoast-schema-graph\">{\"@context\":\"https:\/\/schema.org\",\"@graph\":[{\"@type\":\"WebPage\",\"@id\":\"https:\/\/www.discovergilbert.com\/es\/explora\/ciclismo\/\",\"url\":\"https:\/\/www.discovergilbert.com\/es\/explora\/ciclismo\/\",\"name\":\"Ciclismo - Explora paseos divertidos y paradas locales - Discover Gilbert\",\"isPartOf\":{\"@id\":\"https:\/\/www.discovergilbert.com\/es\/#website\"},\"primaryImageOfPage\":{\"@id\":\"https:\/\/www.discovergilbert.com\/es\/explora\/ciclismo\/#primaryimage\"},\"image\":{\"@id\":\"https:\/\/www.discovergilbert.com\/es\/explora\/ciclismo\/#primaryimage\"},\"thumbnailUrl\":\"https:\/\/www.discovergilbert.com\/wp-content\/uploads\/2024\/06\/bicycling.jpg\",\"datePublished\":\"2024-05-15T02:17:10+00:00\",\"dateModified\":\"2026-03-03T16:47:44+00:00\",\"description\":\"Todo gira en torno al paseo tranquilo, desde parques pintorescos hasta los lugares perfectos para el brunch, tiendas locales y los escenarios ideales para crear recuerdos.\",\"breadcrumb\":{\"@id\":\"https:\/\/www.discovergilbert.com\/es\/explora\/ciclismo\/#breadcrumb\"},\"inLanguage\":\"es\",\"potentialAction\":[{\"@type\":\"ReadAction\",\"target\":[\"https:\/\/www.discovergilbert.com\/es\/explora\/ciclismo\/\"]}]},{\"@type\":\"ImageObject\",\"inLanguage\":\"es\",\"@id\":\"https:\/\/www.discovergilbert.com\/es\/explora\/ciclismo\/#primaryimage\",\"url\":\"https:\/\/www.discovergilbert.com\/wp-content\/uploads\/2024\/06\/bicycling.jpg\",\"contentUrl\":\"https:\/\/www.discovergilbert.com\/wp-content\/uploads\/2024\/06\/bicycling.jpg\",\"width\":1200,\"height\":800,\"caption\":\"Ciclismo\"},{\"@type\":\"BreadcrumbList\",\"@id\":\"https:\/\/www.discovergilbert.com\/es\/explora\/ciclismo\/#breadcrumb\",\"itemListElement\":[{\"@type\":\"ListItem\",\"position\":1,\"name\":\"Home\",\"item\":\"https:\/\/www.discovergilbert.com\/es\/\"},{\"@type\":\"ListItem\",\"position\":2,\"name\":\"Explora\",\"item\":\"https:\/\/www.discovergilbert.com\/es\/explora\/\"},{\"@type\":\"ListItem\",\"position\":3,\"name\":\"Ciclismo\"}]},{\"@type\":\"WebSite\",\"@id\":\"https:\/\/www.discovergilbert.com\/es\/#website\",\"url\":\"https:\/\/www.discovergilbert.com\/es\/\",\"name\":\"Discover Gilbert\",\"description\":\"Let us be your local guide\",\"publisher\":{\"@id\":\"https:\/\/www.discovergilbert.com\/es\/#organization\"},\"potentialAction\":[{\"@type\":\"SearchAction\",\"target\":{\"@type\":\"EntryPoint\",\"urlTemplate\":\"https:\/\/www.discovergilbert.com\/es\/?s={search_term_string}\"},\"query-input\":{\"@type\":\"PropertyValueSpecification\",\"valueRequired\":true,\"valueName\":\"search_term_string\"}}],\"inLanguage\":\"es\"},{\"@type\":\"Organization\",\"@id\":\"https:\/\/www.discovergilbert.com\/es\/#organization\",\"name\":\"Discover Gilbert\",\"url\":\"https:\/\/www.discovergilbert.com\/es\/\",\"logo\":{\"@type\":\"ImageObject\",\"inLanguage\":\"es\",\"@id\":\"https:\/\/www.discovergilbert.com\/es\/#\/schema\/logo\/image\/\",\"url\":\"https:\/\/www.discovergilbert.com\/wp-content\/uploads\/2025\/10\/discover-gilbert-logo-full-color-rgb-900px-w-72ppi.png\",\"contentUrl\":\"https:\/\/www.discovergilbert.com\/wp-content\/uploads\/2025\/10\/discover-gilbert-logo-full-color-rgb-900px-w-72ppi.png\",\"width\":600,\"height\":200,\"caption\":\"Discover Gilbert\"},\"image\":{\"@id\":\"https:\/\/www.discovergilbert.com\/es\/#\/schema\/logo\/image\/\"},\"sameAs\":[\"https:\/\/www.facebook.com\/DiscoverGilbertAZ\",\"https:\/\/www.instagram.com\/discovergilbert\"]}]}<\/script>\n<!-- \/ Yoast SEO plugin. -->","yoast_head_json":{"title":"Ciclismo - Explora paseos divertidos y paradas locales - Discover Gilbert","description":"Todo gira en torno al paseo tranquilo, desde parques pintorescos hasta los lugares perfectos para el brunch, tiendas locales y los escenarios ideales para crear recuerdos.","robots":{"index":"index","follow":"follow","max-snippet":"max-snippet:-1","max-image-preview":"max-image-preview:large","max-video-preview":"max-video-preview:-1"},"canonical":"https:\/\/www.discovergilbert.com\/es\/explora\/ciclismo\/","og_locale":"es_MX","og_type":"article","og_title":"Ciclismo - Explora paseos divertidos y paradas locales - Discover Gilbert","og_description":"Todo gira en torno al paseo tranquilo, desde parques pintorescos hasta los lugares perfectos para el brunch, tiendas locales y los escenarios ideales para crear recuerdos.","og_site_name":"Discover Gilbert","article_publisher":"https:\/\/www.facebook.com\/DiscoverGilbertAZ","article_modified_time":"2026-03-03T16:47:44+00:00","og_image":[{"width":1200,"height":800,"url":"https:\/\/www.discovergilbert.com\/wp-content\/uploads\/2024\/06\/bicycling.jpg","type":"image\/jpeg"}],"twitter_card":"summary_large_image","twitter_misc":{"Tiempo de lectura":"3 minutos"},"schema":{"@context":"https:\/\/schema.org","@graph":[{"@type":"WebPage","@id":"https:\/\/www.discovergilbert.com\/es\/explora\/ciclismo\/","url":"https:\/\/www.discovergilbert.com\/es\/explora\/ciclismo\/","name":"Ciclismo - Explora paseos divertidos y paradas locales - Discover Gilbert","isPartOf":{"@id":"https:\/\/www.discovergilbert.com\/es\/#website"},"primaryImageOfPage":{"@id":"https:\/\/www.discovergilbert.com\/es\/explora\/ciclismo\/#primaryimage"},"image":{"@id":"https:\/\/www.discovergilbert.com\/es\/explora\/ciclismo\/#primaryimage"},"thumbnailUrl":"https:\/\/www.discovergilbert.com\/wp-content\/uploads\/2024\/06\/bicycling.jpg","datePublished":"2024-05-15T02:17:10+00:00","dateModified":"2026-03-03T16:47:44+00:00","description":"Todo gira en torno al paseo tranquilo, desde parques pintorescos hasta los lugares perfectos para el brunch, tiendas locales y los escenarios ideales para crear recuerdos.","breadcrumb":{"@id":"https:\/\/www.discovergilbert.com\/es\/explora\/ciclismo\/#breadcrumb"},"inLanguage":"es","potentialAction":[{"@type":"ReadAction","target":["https:\/\/www.discovergilbert.com\/es\/explora\/ciclismo\/"]}]},{"@type":"ImageObject","inLanguage":"es","@id":"https:\/\/www.discovergilbert.com\/es\/explora\/ciclismo\/#primaryimage","url":"https:\/\/www.discovergilbert.com\/wp-content\/uploads\/2024\/06\/bicycling.jpg","contentUrl":"https:\/\/www.discovergilbert.com\/wp-content\/uploads\/2024\/06\/bicycling.jpg","width":1200,"height":800,"caption":"Ciclismo"},{"@type":"BreadcrumbList","@id":"https:\/\/www.discovergilbert.com\/es\/explora\/ciclismo\/#breadcrumb","itemListElement":[{"@type":"ListItem","position":1,"name":"Home","item":"https:\/\/www.discovergilbert.com\/es\/"},{"@type":"ListItem","position":2,"name":"Explora","item":"https:\/\/www.discovergilbert.com\/es\/explora\/"},{"@type":"ListItem","position":3,"name":"Ciclismo"}]},{"@type":"WebSite","@id":"https:\/\/www.discovergilbert.com\/es\/#website","url":"https:\/\/www.discovergilbert.com\/es\/","name":"Discover Gilbert","description":"Let us be your local guide","publisher":{"@id":"https:\/\/www.discovergilbert.com\/es\/#organization"},"potentialAction":[{"@type":"SearchAction","target":{"@type":"EntryPoint","urlTemplate":"https:\/\/www.discovergilbert.com\/es\/?s={search_term_string}"},"query-input":{"@type":"PropertyValueSpecification","valueRequired":true,"valueName":"search_term_string"}}],"inLanguage":"es"},{"@type":"Organization","@id":"https:\/\/www.discovergilbert.com\/es\/#organization","name":"Discover Gilbert","url":"https:\/\/www.discovergilbert.com\/es\/","logo":{"@type":"ImageObject","inLanguage":"es","@id":"https:\/\/www.discovergilbert.com\/es\/#\/schema\/logo\/image\/","url":"https:\/\/www.discovergilbert.com\/wp-content\/uploads\/2025\/10\/discover-gilbert-logo-full-color-rgb-900px-w-72ppi.png","contentUrl":"https:\/\/www.discovergilbert.com\/wp-content\/uploads\/2025\/10\/discover-gilbert-logo-full-color-rgb-900px-w-72ppi.png","width":600,"height":200,"caption":"Discover Gilbert"},"image":{"@id":"https:\/\/www.discovergilbert.com\/es\/#\/schema\/logo\/image\/"},"sameAs":["https:\/\/www.facebook.com\/DiscoverGilbertAZ","https:\/\/www.instagram.com\/discovergilbert"]}]}},"_links":{"self":[{"href":"https:\/\/www.discovergilbert.com\/es\/wp-json\/wp\/v2\/pages\/8273","targetHints":{"allow":["GET"]}}],"collection":[{"href":"https:\/\/www.discovergilbert.com\/es\/wp-json\/wp\/v2\/pages"}],"about":[{"href":"https:\/\/www.discovergilbert.com\/es\/wp-json\/wp\/v2\/types\/page"}],"author":[{"embeddable":true,"href":"https:\/\/www.discovergilbert.com\/es\/wp-json\/wp\/v2\/users\/1"}],"replies":[{"embeddable":true,"href":"https:\/\/www.discovergilbert.com\/es\/wp-json\/wp\/v2\/comments?post=8273"}],"version-history":[{"count":24,"href":"https:\/\/www.discovergilbert.com\/es\/wp-json\/wp\/v2\/pages\/8273\/revisions"}],"predecessor-version":[{"id":10006,"href":"https:\/\/www.discovergilbert.com\/es\/wp-json\/wp\/v2\/pages\/8273\/revisions\/10006"}],"up":[{"embeddable":true,"href":"https:\/\/www.discovergilbert.com\/es\/wp-json\/wp\/v2\/pages\/7797"}],"wp:featuredmedia":[{"embeddable":true,"href":"https:\/\/www.discovergilbert.com\/es\/wp-json\/wp\/v2\/media\/8274"}],"wp:attachment":[{"href":"https:\/\/www.discovergilbert.com\/es\/wp-json\/wp\/v2\/media?parent=8273"}],"curies":[{"name":"wp","href":"https:\/\/api.w.org\/{rel}","templated":true}]}}