{"id":8152,"date":"2025-06-12T08:00:05","date_gmt":"2025-06-12T15:00:05","guid":{"rendered":"https:\/\/www.discovergilbert.com\/pases\/"},"modified":"2026-03-31T09:58:16","modified_gmt":"2026-03-31T16:58:16","slug":"pasaporte-de-experiencias","status":"publish","type":"page","link":"https:\/\/www.discovergilbert.com\/es\/pasaporte-de-experiencias\/","title":{"rendered":"Pasaporte de Experiencias"},"content":{"rendered":"<p>[et_pb_section fb_built=&#8221;1&#8243; custom_padding_last_edited=&#8221;on|tablet&#8221; _builder_version=&#8221;4.27.4&#8243; _module_preset=&#8221;default&#8221; background_color=&#8221;#ccdcea&#8221; background_image=&#8221;https:\/\/www.discovergilbert.com\/wp-content\/uploads\/2025\/06\/Downtown-WaterTowerNight2-large.jpg&#8221; parallax=&#8221;on&#8221; custom_padding=&#8221;180px||180px||true|false&#8221; custom_padding_tablet=&#8221;20px||20px||true|false&#8221; custom_padding_phone=&#8221;20px||20px||true|false&#8221; global_colors_info=&#8221;{}&#8221;][et_pb_row _builder_version=&#8221;4.27.0&#8243; _module_preset=&#8221;default&#8221; global_colors_info=&#8221;{}&#8221;][et_pb_column type=&#8221;4_4&#8243; _builder_version=&#8221;4.18.0&#8243; _module_preset=&#8221;default&#8221; global_colors_info=&#8221;{}&#8221;][et_pb_text admin_label=&#8221;Discover Agritopia&#8221; module_class=&#8221;gopher&#8221; _builder_version=&#8221;4.27.4&#8243; _module_preset=&#8221;default&#8221; header_text_align=&#8221;center&#8221; header_text_color=&#8221;#BFD730&#8243; header_font_size=&#8221;80px&#8221; header_line_height=&#8221;1.2em&#8221; text_orientation=&#8221;center&#8221; background_layout=&#8221;dark&#8221; custom_padding=&#8221;0px||||false|false&#8221; hover_enabled=&#8221;0&#8243; locked=&#8221;off&#8221; global_colors_info=&#8221;{}&#8221; text_text_color=&#8221;#BFD730&#8243; sticky_enabled=&#8221;0&#8243;]<\/p>\n<h1>Pasaporte de Experiencias<\/h1>\n<p>[\/et_pb_text][\/et_pb_column][\/et_pb_row][\/et_pb_section][et_pb_section fb_built=&#8221;1&#8243; custom_padding_last_edited=&#8221;on|tablet&#8221; _builder_version=&#8221;4.27.4&#8243; _module_preset=&#8221;default&#8221; custom_margin_tablet=&#8221;||||false|false&#8221; custom_margin_last_edited=&#8221;off|desktop&#8221; custom_padding=&#8221;||||false|false&#8221; custom_padding_tablet=&#8221;0px||||false|false&#8221; custom_padding_phone=&#8221;0px||||false|false&#8221; global_colors_info=&#8221;{}&#8221;][et_pb_row column_structure=&#8221;1_2,1_2&#8243; _builder_version=&#8221;4.27.4&#8243; _module_preset=&#8221;default&#8221; global_colors_info=&#8221;{}&#8221;][et_pb_column type=&#8221;1_2&#8243; _builder_version=&#8221;4.27.4&#8243; _module_preset=&#8221;default&#8221; global_colors_info=&#8221;{}&#8221;][et_pb_text admin_label=&#8221;Specials&#8221; _builder_version=&#8221;4.27.4&#8243; _module_preset=&#8221;default&#8221; text_font=&#8221;Poppins||||||||&#8221; text_text_color=&#8221;#000000&#8243; text_font_size=&#8221;19.8px&#8221; text_line_height=&#8221;1.6em&#8221; header_text_align=&#8221;center&#8221; header_2_text_align=&#8221;center&#8221; header_2_text_color=&#8221;#90268F&#8221; header_2_font_size=&#8221;34px&#8221; background_enable_color=&#8221;off&#8221; text_orientation=&#8221;center&#8221; custom_margin=&#8221;||||false|false&#8221; custom_margin_tablet=&#8221;40px||||false|false&#8221; custom_margin_phone=&#8221;40px||||false|false&#8221; custom_margin_last_edited=&#8221;on|tablet&#8221; custom_padding=&#8221;||||false|false&#8221; global_colors_info=&#8221;{}&#8221;]<\/p>\n<h2 style=\"text-align: left;\">Pasaportes de experiencias de Gilbert<\/h2>\n<p style=\"font-weight: 400; text-align: left;\">Explora Gilbert, Arizona, a tu manera con nuestro exclusivo pasaporte de experiencias de Gilbert. Descubre los rincones m\u00e1s ocultos de la ciudad, compra en las boutiques favoritas de los locales y disfruta de experiencias \u00fanicas que hacen que Gilbert sea realmente especial. Reg\u00edstrate abajo para acceder al instante a cada pase en tu m\u00f3vil y empieza a explorar y disfrutar mientras ganas incre\u00edbles premios.  <\/p>\n<p>[\/et_pb_text][\/et_pb_column][et_pb_column type=&#8221;1_2&#8243; _builder_version=&#8221;4.27.4&#8243; _module_preset=&#8221;default&#8221; global_colors_info=&#8221;{}&#8221;][et_pb_image src=&#8221;https:\/\/www.discovergilbert.com\/wp-content\/uploads\/2025\/07\/Gilbert-Unplugged-Webpage-Images.png&#8221; alt=&#8221;Bolsa tote de Gilbert&#8221; title_text=&#8221;Bolsa tote de Gilbert&#8221; _builder_version=&#8221;4.27.4&#8243; _module_preset=&#8221;default&#8221; border_radii=&#8221;on|30px|30px|30px|30px&#8221; global_colors_info=&#8221;{}&#8221;][\/et_pb_image][\/et_pb_column][\/et_pb_row][\/et_pb_section][et_pb_section fb_built=&#8221;1&#8243; disabled_on=&#8221;off|off|off&#8221; _builder_version=&#8221;4.27.4&#8243; _module_preset=&#8221;default&#8221; background_color=&#8221;#EBF8FE&#8221; custom_padding=&#8221;10px|0px|50px|0px|false|true&#8221; collapsed=&#8221;off&#8221; global_colors_info=&#8221;{}&#8221;][et_pb_row _builder_version=&#8221;4.27.4&#8243; _module_preset=&#8221;default&#8221; global_colors_info=&#8221;{}&#8221;][et_pb_column type=&#8221;4_4&#8243; _builder_version=&#8221;4.27.4&#8243; _module_preset=&#8221;default&#8221; global_colors_info=&#8221;{}&#8221;][et_pb_code admin_label=&#8221;Incrustaci\u00f3n principal de Bandwango&#8221; _builder_version=&#8221;4.27.4&#8243; _module_preset=&#8221;default&#8221; global_colors_info=&#8221;{}&#8221;]<link rel=\"stylesheet\" type=\"text\/css\" href=\"https:\/\/passport.discovergilbert.com\/css\/checkout\/persistent-cart\/persistentCart.css?v=1.1\"><!-- [et_pb_line_break_holder] --><!-- [et_pb_line_break_holder] --><\/p>\n<style><!-- [et_pb_line_break_holder] -->    #open-cart { display: none; }<!-- [et_pb_line_break_holder] --><\/style>\n<p><!-- [et_pb_line_break_holder] --><!-- [et_pb_line_break_holder] --><!-- [et_pb_line_break_holder] --><script>window.bwvars = {offerId: 4623, partnerId: 972, checkoutUrl: \"https:\/\/passport.discovergilbert.com\"}; document.write('<script type=\"text\/javascript\" src=\"https:\/\/passport.discovergilbert.com\/js\/checkout\/persistent-cart\/persistentCart.js?v=1.1\" ><\\\/script>');<\/script><!-- [et_pb_line_break_holder] -->[\/et_pb_code][et_pb_code _builder_version=\"4.27.4\" _module_preset=\"default\" global_colors_info=\"{}\"]<\/p>\n<div class=\"bwmodule\" data-bwmoduleid=\"100336\"><\/div>\n<p>[\/et_pb_code][\/et_pb_column][\/et_pb_row][et_pb_row column_structure=\"1_3,1_3,1_3\" custom_padding_last_edited=\"on|tablet\" _builder_version=\"4.27.4\" _module_preset=\"default\" width_tablet=\"90%\" width_phone=\"90%\" width_last_edited=\"on|tablet\" custom_padding=\"||40px||false|false\" custom_padding_tablet=\"||0px||false|false\" custom_padding_phone=\"||0px||false|false\" global_colors_info=\"{}\"][et_pb_column type=\"1_3\" _builder_version=\"4.27.0\" _module_preset=\"default\" global_colors_info=\"{}\"][et_pb_code _builder_version=\"4.27.4\" _module_preset=\"default\" global_colors_info=\"{}\"]<\/p>\n<div class=\"bwmodule\" data-bwmoduleid=\"97458\"><\/div>\n<p><!-- [et_pb_line_break_holder] --><!-- [et_pb_line_break_holder] -->[\/et_pb_code][\/et_pb_column][et_pb_column type=\"1_3\" _builder_version=\"4.27.0\" _module_preset=\"default\" global_colors_info=\"{}\"][et_pb_code _builder_version=\"4.27.4\" _module_preset=\"default\" global_colors_info=\"{}\"]<\/p>\n<div class=\"bwmodule\" data-bwmoduleid=\"100334\"><\/div>\n<p>[\/et_pb_code][\/et_pb_column][et_pb_column type=\"1_3\" _builder_version=\"4.27.0\" _module_preset=\"default\" global_colors_info=\"{}\"][et_pb_code _builder_version=\"4.27.4\" _module_preset=\"default\" global_colors_info=\"{}\"]<\/p>\n<div class=\"bwmodule\" data-bwmoduleid=\"101515\"><\/div>\n<p>[\/et_pb_code][\/et_pb_column][\/et_pb_row][\/et_pb_section]<\/p>\n","protected":false},"excerpt":{"rendered":"<p>Pasaporte de ExperienciasPasaportes de experiencias de Gilbert Explora Gilbert, Arizona, a tu manera con nuestro exclusivo pasaporte de experiencias de Gilbert. Descubre los rincones m\u00e1s ocultos de la ciudad, compra en las boutiques favoritas de los locales y disfruta de experiencias \u00fanicas que hacen que Gilbert sea realmente especial. Reg\u00edstrate abajo para acceder al instante [&hellip;]<\/p>\n","protected":false},"author":10,"featured_media":8157,"parent":0,"menu_order":0,"comment_status":"closed","ping_status":"closed","template":"","meta":{"_acf_changed":false,"_et_pb_use_builder":"on","_et_pb_old_content":"","_et_gb_content_width":"","footnotes":""},"class_list":["post-8152","page","type-page","status-publish","has-post-thumbnail","hentry"],"acf":[],"yoast_head":"<!-- This site is optimized with the Yoast SEO plugin v26.6 - https:\/\/yoast.com\/wordpress\/plugins\/seo\/ -->\n<title>Pasaporte de Experiencias - Discover Gilbert<\/title>\n<meta name=\"description\" content=\"Apoya a nuestra comunidad empresarial local y compra en Gilbert esta primavera.\" \/>\n<meta name=\"robots\" content=\"index, follow, max-snippet:-1, max-image-preview:large, max-video-preview:-1\" \/>\n<link rel=\"canonical\" href=\"https:\/\/www.discovergilbert.com\/es\/pasaporte-de-experiencias\/\" \/>\n<meta property=\"og:locale\" content=\"es_MX\" \/>\n<meta property=\"og:type\" content=\"article\" \/>\n<meta property=\"og:title\" content=\"Pasaporte de Experiencias - Discover Gilbert\" \/>\n<meta property=\"og:description\" content=\"Apoya a nuestra comunidad empresarial local y compra en Gilbert esta primavera.\" \/>\n<meta property=\"og:site_name\" content=\"Discover Gilbert\" \/>\n<meta property=\"article:publisher\" content=\"https:\/\/www.facebook.com\/DiscoverGilbertAZ\" \/>\n<meta property=\"article:modified_time\" content=\"2026-03-31T16:58:16+00:00\" \/>\n<meta property=\"og:image\" content=\"https:\/\/www.discovergilbert.com\/wp-content\/uploads\/2025\/02\/Untitled-300-x-300-px.png\" \/>\n\t<meta property=\"og:image:width\" content=\"300\" \/>\n\t<meta property=\"og:image:height\" content=\"300\" \/>\n\t<meta property=\"og:image:type\" content=\"image\/png\" \/>\n<meta name=\"twitter:card\" content=\"summary_large_image\" \/>\n<meta name=\"twitter:label1\" content=\"Tiempo de lectura\" \/>\n\t<meta name=\"twitter:data1\" content=\"1 minuto\" \/>\n<script type=\"application\/ld+json\" class=\"yoast-schema-graph\">{\"@context\":\"https:\/\/schema.org\",\"@graph\":[{\"@type\":\"WebPage\",\"@id\":\"https:\/\/www.discovergilbert.com\/es\/pasaporte-de-experiencias\/\",\"url\":\"https:\/\/www.discovergilbert.com\/es\/pasaporte-de-experiencias\/\",\"name\":\"Pasaporte de Experiencias - Discover Gilbert\",\"isPartOf\":{\"@id\":\"https:\/\/www.discovergilbert.com\/es\/#website\"},\"primaryImageOfPage\":{\"@id\":\"https:\/\/www.discovergilbert.com\/es\/pasaporte-de-experiencias\/#primaryimage\"},\"image\":{\"@id\":\"https:\/\/www.discovergilbert.com\/es\/pasaporte-de-experiencias\/#primaryimage\"},\"thumbnailUrl\":\"https:\/\/www.discovergilbert.com\/wp-content\/uploads\/2025\/02\/Untitled-300-x-300-px.png\",\"datePublished\":\"2025-06-12T15:00:05+00:00\",\"dateModified\":\"2026-03-31T16:58:16+00:00\",\"description\":\"Apoya a nuestra comunidad empresarial local y compra en Gilbert esta primavera.\",\"breadcrumb\":{\"@id\":\"https:\/\/www.discovergilbert.com\/es\/pasaporte-de-experiencias\/#breadcrumb\"},\"inLanguage\":\"es\",\"potentialAction\":[{\"@type\":\"ReadAction\",\"target\":[\"https:\/\/www.discovergilbert.com\/es\/pasaporte-de-experiencias\/\"]}]},{\"@type\":\"ImageObject\",\"inLanguage\":\"es\",\"@id\":\"https:\/\/www.discovergilbert.com\/es\/pasaporte-de-experiencias\/#primaryimage\",\"url\":\"https:\/\/www.discovergilbert.com\/wp-content\/uploads\/2025\/02\/Untitled-300-x-300-px.png\",\"contentUrl\":\"https:\/\/www.discovergilbert.com\/wp-content\/uploads\/2025\/02\/Untitled-300-x-300-px.png\",\"width\":300,\"height\":300,\"caption\":\"Sin t\u00edtulo (300 x 300 px)\"},{\"@type\":\"BreadcrumbList\",\"@id\":\"https:\/\/www.discovergilbert.com\/es\/pasaporte-de-experiencias\/#breadcrumb\",\"itemListElement\":[{\"@type\":\"ListItem\",\"position\":1,\"name\":\"Home\",\"item\":\"https:\/\/www.discovergilbert.com\/es\/\"},{\"@type\":\"ListItem\",\"position\":2,\"name\":\"Pasaporte de Experiencias\"}]},{\"@type\":\"WebSite\",\"@id\":\"https:\/\/www.discovergilbert.com\/es\/#website\",\"url\":\"https:\/\/www.discovergilbert.com\/es\/\",\"name\":\"Discover Gilbert\",\"description\":\"Let us be your local guide\",\"publisher\":{\"@id\":\"https:\/\/www.discovergilbert.com\/es\/#organization\"},\"potentialAction\":[{\"@type\":\"SearchAction\",\"target\":{\"@type\":\"EntryPoint\",\"urlTemplate\":\"https:\/\/www.discovergilbert.com\/es\/?s={search_term_string}\"},\"query-input\":{\"@type\":\"PropertyValueSpecification\",\"valueRequired\":true,\"valueName\":\"search_term_string\"}}],\"inLanguage\":\"es\"},{\"@type\":\"Organization\",\"@id\":\"https:\/\/www.discovergilbert.com\/es\/#organization\",\"name\":\"Discover Gilbert\",\"url\":\"https:\/\/www.discovergilbert.com\/es\/\",\"logo\":{\"@type\":\"ImageObject\",\"inLanguage\":\"es\",\"@id\":\"https:\/\/www.discovergilbert.com\/es\/#\/schema\/logo\/image\/\",\"url\":\"https:\/\/www.discovergilbert.com\/wp-content\/uploads\/2025\/10\/discover-gilbert-logo-full-color-rgb-900px-w-72ppi.png\",\"contentUrl\":\"https:\/\/www.discovergilbert.com\/wp-content\/uploads\/2025\/10\/discover-gilbert-logo-full-color-rgb-900px-w-72ppi.png\",\"width\":600,\"height\":200,\"caption\":\"Discover Gilbert\"},\"image\":{\"@id\":\"https:\/\/www.discovergilbert.com\/es\/#\/schema\/logo\/image\/\"},\"sameAs\":[\"https:\/\/www.facebook.com\/DiscoverGilbertAZ\",\"https:\/\/www.instagram.com\/discovergilbert\"]}]}<\/script>\n<!-- \/ Yoast SEO plugin. -->","yoast_head_json":{"title":"Pasaporte de Experiencias - Discover Gilbert","description":"Apoya a nuestra comunidad empresarial local y compra en Gilbert esta primavera.","robots":{"index":"index","follow":"follow","max-snippet":"max-snippet:-1","max-image-preview":"max-image-preview:large","max-video-preview":"max-video-preview:-1"},"canonical":"https:\/\/www.discovergilbert.com\/es\/pasaporte-de-experiencias\/","og_locale":"es_MX","og_type":"article","og_title":"Pasaporte de Experiencias - Discover Gilbert","og_description":"Apoya a nuestra comunidad empresarial local y compra en Gilbert esta primavera.","og_site_name":"Discover Gilbert","article_publisher":"https:\/\/www.facebook.com\/DiscoverGilbertAZ","article_modified_time":"2026-03-31T16:58:16+00:00","og_image":[{"width":300,"height":300,"url":"https:\/\/www.discovergilbert.com\/wp-content\/uploads\/2025\/02\/Untitled-300-x-300-px.png","type":"image\/png"}],"twitter_card":"summary_large_image","twitter_misc":{"Tiempo de lectura":"1 minuto"},"schema":{"@context":"https:\/\/schema.org","@graph":[{"@type":"WebPage","@id":"https:\/\/www.discovergilbert.com\/es\/pasaporte-de-experiencias\/","url":"https:\/\/www.discovergilbert.com\/es\/pasaporte-de-experiencias\/","name":"Pasaporte de Experiencias - Discover Gilbert","isPartOf":{"@id":"https:\/\/www.discovergilbert.com\/es\/#website"},"primaryImageOfPage":{"@id":"https:\/\/www.discovergilbert.com\/es\/pasaporte-de-experiencias\/#primaryimage"},"image":{"@id":"https:\/\/www.discovergilbert.com\/es\/pasaporte-de-experiencias\/#primaryimage"},"thumbnailUrl":"https:\/\/www.discovergilbert.com\/wp-content\/uploads\/2025\/02\/Untitled-300-x-300-px.png","datePublished":"2025-06-12T15:00:05+00:00","dateModified":"2026-03-31T16:58:16+00:00","description":"Apoya a nuestra comunidad empresarial local y compra en Gilbert esta primavera.","breadcrumb":{"@id":"https:\/\/www.discovergilbert.com\/es\/pasaporte-de-experiencias\/#breadcrumb"},"inLanguage":"es","potentialAction":[{"@type":"ReadAction","target":["https:\/\/www.discovergilbert.com\/es\/pasaporte-de-experiencias\/"]}]},{"@type":"ImageObject","inLanguage":"es","@id":"https:\/\/www.discovergilbert.com\/es\/pasaporte-de-experiencias\/#primaryimage","url":"https:\/\/www.discovergilbert.com\/wp-content\/uploads\/2025\/02\/Untitled-300-x-300-px.png","contentUrl":"https:\/\/www.discovergilbert.com\/wp-content\/uploads\/2025\/02\/Untitled-300-x-300-px.png","width":300,"height":300,"caption":"Sin t\u00edtulo (300 x 300 px)"},{"@type":"BreadcrumbList","@id":"https:\/\/www.discovergilbert.com\/es\/pasaporte-de-experiencias\/#breadcrumb","itemListElement":[{"@type":"ListItem","position":1,"name":"Home","item":"https:\/\/www.discovergilbert.com\/es\/"},{"@type":"ListItem","position":2,"name":"Pasaporte de Experiencias"}]},{"@type":"WebSite","@id":"https:\/\/www.discovergilbert.com\/es\/#website","url":"https:\/\/www.discovergilbert.com\/es\/","name":"Discover Gilbert","description":"Let us be your local guide","publisher":{"@id":"https:\/\/www.discovergilbert.com\/es\/#organization"},"potentialAction":[{"@type":"SearchAction","target":{"@type":"EntryPoint","urlTemplate":"https:\/\/www.discovergilbert.com\/es\/?s={search_term_string}"},"query-input":{"@type":"PropertyValueSpecification","valueRequired":true,"valueName":"search_term_string"}}],"inLanguage":"es"},{"@type":"Organization","@id":"https:\/\/www.discovergilbert.com\/es\/#organization","name":"Discover Gilbert","url":"https:\/\/www.discovergilbert.com\/es\/","logo":{"@type":"ImageObject","inLanguage":"es","@id":"https:\/\/www.discovergilbert.com\/es\/#\/schema\/logo\/image\/","url":"https:\/\/www.discovergilbert.com\/wp-content\/uploads\/2025\/10\/discover-gilbert-logo-full-color-rgb-900px-w-72ppi.png","contentUrl":"https:\/\/www.discovergilbert.com\/wp-content\/uploads\/2025\/10\/discover-gilbert-logo-full-color-rgb-900px-w-72ppi.png","width":600,"height":200,"caption":"Discover Gilbert"},"image":{"@id":"https:\/\/www.discovergilbert.com\/es\/#\/schema\/logo\/image\/"},"sameAs":["https:\/\/www.facebook.com\/DiscoverGilbertAZ","https:\/\/www.instagram.com\/discovergilbert"]}]}},"_links":{"self":[{"href":"https:\/\/www.discovergilbert.com\/es\/wp-json\/wp\/v2\/pages\/8152","targetHints":{"allow":["GET"]}}],"collection":[{"href":"https:\/\/www.discovergilbert.com\/es\/wp-json\/wp\/v2\/pages"}],"about":[{"href":"https:\/\/www.discovergilbert.com\/es\/wp-json\/wp\/v2\/types\/page"}],"author":[{"embeddable":true,"href":"https:\/\/www.discovergilbert.com\/es\/wp-json\/wp\/v2\/users\/10"}],"replies":[{"embeddable":true,"href":"https:\/\/www.discovergilbert.com\/es\/wp-json\/wp\/v2\/comments?post=8152"}],"version-history":[{"count":21,"href":"https:\/\/www.discovergilbert.com\/es\/wp-json\/wp\/v2\/pages\/8152\/revisions"}],"predecessor-version":[{"id":10517,"href":"https:\/\/www.discovergilbert.com\/es\/wp-json\/wp\/v2\/pages\/8152\/revisions\/10517"}],"wp:featuredmedia":[{"embeddable":true,"href":"https:\/\/www.discovergilbert.com\/es\/wp-json\/wp\/v2\/media\/8157"}],"wp:attachment":[{"href":"https:\/\/www.discovergilbert.com\/es\/wp-json\/wp\/v2\/media?parent=8152"}],"curies":[{"name":"wp","href":"https:\/\/api.w.org\/{rel}","templated":true}]}}