{"id":8096,"date":"2024-05-14T00:30:33","date_gmt":"2024-05-14T07:30:33","guid":{"rendered":"https:\/\/www.discovergilbert.com\/hoteles\/"},"modified":"2026-04-28T10:49:16","modified_gmt":"2026-04-28T17:49:16","slug":"hoteles","status":"publish","type":"page","link":"https:\/\/www.discovergilbert.com\/es\/hospedaje\/hoteles\/","title":{"rendered":"Hoteles"},"content":{"rendered":"<p>[et_pb_section fb_built=&#8221;1&#8243; custom_padding_last_edited=&#8221;on|phone&#8221; _builder_version=&#8221;4.25.1&#8243; _module_preset=&#8221;default&#8221; use_background_color_gradient=&#8221;on&#8221; background_color_gradient_direction=&#8221;1deg&#8221; background_color_gradient_stops=&#8221;rgba(0,0,0,0.3) 0%|rgba(0,0,0,0.4) 100%&#8221; background_color_gradient_overlays_image=&#8221;on&#8221; background_image=&#8221;https:\/\/www.discovergilbert.com\/wp-content\/uploads\/2024\/05\/DoubleTree-Night-Bar-Seating-Pool-Hotel-Dawn-large.jpg&#8221; custom_padding=&#8221;140px||140px||true|false&#8221; custom_padding_tablet=&#8221;80px||80px||true|false&#8221; custom_padding_phone=&#8221;80px||80px||true|false&#8221; global_colors_info=&#8221;{}&#8221;][et_pb_row _builder_version=&#8221;4.22.1&#8243; _module_preset=&#8221;default&#8221; global_colors_info=&#8221;{}&#8221;][et_pb_column type=&#8221;4_4&#8243; _builder_version=&#8221;4.22.1&#8243; _module_preset=&#8221;default&#8221; global_colors_info=&#8221;{}&#8221;][et_pb_text admin_label=&#8221;Lodging&#8221; module_class=&#8221;gopher&#8221; _builder_version=&#8221;4.27.0&#8243; _module_preset=&#8221;default&#8221; header_text_align=&#8221;center&#8221; header_text_color=&#8221;#BFD730&#8243; header_font_size=&#8221;80px&#8221; header_line_height=&#8221;1.2em&#8221; text_orientation=&#8221;center&#8221; background_layout=&#8221;dark&#8221; custom_padding=&#8221;0px||||false|false&#8221; global_colors_info=&#8221;{}&#8221;]<\/p>\n<h1>Hoteles<\/h1>\n<p>[\/et_pb_text][\/et_pb_column][\/et_pb_row][\/et_pb_section][et_pb_section fb_built=&#8221;1&#8243; disabled_on=&#8221;on|on|on&#8221; _builder_version=&#8221;4.27.0&#8243; _module_preset=&#8221;default&#8221; disabled=&#8221;on&#8221; locked=&#8221;off&#8221; global_colors_info=&#8221;{}&#8221;][et_pb_row column_structure=&#8221;1_2,1_4,1_4&#8243; _builder_version=&#8221;4.22.1&#8243; _module_preset=&#8221;default&#8221; global_colors_info=&#8221;{}&#8221;][et_pb_column type=&#8221;1_2&#8243; _builder_version=&#8221;4.22.1&#8243; _module_preset=&#8221;default&#8221; global_colors_info=&#8221;{}&#8221;][et_pb_text admin_label=&#8221;Where to Stay&#8221; module_class=&#8221;gopher&#8221; _builder_version=&#8221;4.27.0&#8243; _module_preset=&#8221;default&#8221; text_font=&#8221;|300|||||||&#8221; text_font_size=&#8221;17px&#8221; header_font_size=&#8221;50px&#8221; header_2_font_size=&#8221;40px&#8221; header_2_line_height=&#8221;1.1em&#8221; global_colors_info=&#8221;{}&#8221;]<\/p>\n<h2>D\u00f3nde Hospedarte<\/h2>\n<p class=\"p1\">Gilbert, Arizona, ofrece la combinaci\u00f3n perfecta de comodidad y conveniencia tanto para viajeros de negocios como de ocio. Rel\u00e1jate en nuestros lujosos alquileres vacacionales o hoteles recientemente renovados, donde podr\u00e1s disfrutar de comodidades como piscinas refrescantes y confort moderno. Nuestros alojamientos est\u00e1n convenientemente ubicados cerca de algunos de los centros de entretenimiento m\u00e1s populares de Gilbert, lo que facilita explorar la vibrante escena local. Desde encantadores restaurantes hasta actividades emocionantes, Gilbert tiene algo para todos. Ya sea que busques una estancia acogedora con todas las comodidades del hogar o un refugio lujoso, encontrar\u00e1s el alojamiento perfecto para tus necesidades.<\/p>\n<p>[\/et_pb_text][\/et_pb_column][et_pb_column type=&#8221;1_4&#8243; _builder_version=&#8221;4.22.1&#8243; _module_preset=&#8221;default&#8221; global_colors_info=&#8221;{}&#8221;][et_pb_image src=&#8221;https:\/\/www.discovergilbert.com\/wp-content\/uploads\/2024\/05\/DoubleTree-Night-Pool-and-Hotel-East-medium.jpg&#8221; alt=&#8221;Piscina nocturna del DoubleTree y hotel este&#8221; title_text=&#8221;Piscina nocturna del DoubleTree y hotel este-medium&#8221; _builder_version=&#8221;4.25.1&#8243; _module_preset=&#8221;default&#8221; transform_scale=&#8221;162%|162%&#8221; transform_scale_tablet=&#8221;100%|100%&#8221; transform_scale_phone=&#8221;100%|100%&#8221; transform_scale_last_edited=&#8221;on|phone&#8221; transform_translate=&#8221;32px|35px&#8221; transform_translate_tablet=&#8221;-3px|0px&#8221; transform_translate_phone=&#8221;0px|0px&#8221; transform_translate_last_edited=&#8221;on|tablet&#8221; transform_translate_linked_phone=&#8221;off&#8221; transform_rotate_tablet=&#8221;&#8221; transform_rotate_phone=&#8221;&#8221; transform_rotate_last_edited=&#8221;on|phone&#8221; transform_skew_tablet=&#8221;&#8221; transform_skew_phone=&#8221;&#8221; transform_skew_last_edited=&#8221;on|phone&#8221; transform_origin_tablet=&#8221;&#8221; transform_origin_phone=&#8221;&#8221; transform_origin_last_edited=&#8221;on|phone&#8221; transform_styles_last_edited=&#8221;on|phone&#8221; transform_styles_tablet=&#8221;&#8221; transform_styles_phone=&#8221;&#8221; border_radii=&#8221;on|20px|20px|20px|20px&#8221; global_colors_info=&#8221;{}&#8221;][\/et_pb_image][\/et_pb_column][et_pb_column type=&#8221;1_4&#8243; _builder_version=&#8221;4.22.1&#8243; _module_preset=&#8221;default&#8221; global_colors_info=&#8221;{}&#8221;][et_pb_image src=&#8221;https:\/\/www.discovergilbert.com\/wp-content\/uploads\/2024\/06\/residenceinn.png&#8221; alt=&#8221;Residence Inn &#8221; title_text=&#8221;residenceinn&#8221; disabled_on=&#8221;on|on|off&#8221; _builder_version=&#8221;4.25.1&#8243; _module_preset=&#8221;default&#8221; scroll_vertical_motion_enable=&#8221;on&#8221; scroll_vertical_motion=&#8221;0|50|50|100|-1|0|1&#8243; border_radii=&#8221;on|20px|20px|20px|20px&#8221; box_shadow_style=&#8221;preset1&#8243; global_colors_info=&#8221;{}&#8221;][\/et_pb_image][\/et_pb_column][\/et_pb_row][\/et_pb_section][et_pb_section fb_built=&#8221;1&#8243; _builder_version=&#8221;4.25.1&#8243; _module_preset=&#8221;default&#8221; global_colors_info=&#8221;{}&#8221;][et_pb_row _builder_version=&#8221;4.25.1&#8243; _module_preset=&#8221;default&#8221; global_colors_info=&#8221;{}&#8221;][et_pb_column type=&#8221;4_4&#8243; _builder_version=&#8221;4.25.1&#8243; _module_preset=&#8221;default&#8221; global_colors_info=&#8221;{}&#8221;][et_pb_text admin_label=&#8221;Hotels&#8221; module_class=&#8221;gopher&#8221; _builder_version=&#8221;4.27.0&#8243; _module_preset=&#8221;default&#8221; text_font=&#8221;|300|||||||&#8221; text_font_size=&#8221;17px&#8221; header_font_size=&#8221;50px&#8221; header_2_font_size=&#8221;40px&#8221; header_2_line_height=&#8221;1.1em&#8221; global_colors_info=&#8221;{}&#8221;]<\/p>\n<h2>Hoteles<\/h2>\n<p class=\"p1\">Disfruta de la reconocida hospitalidad de Gilbert en hoteles que combinan comodidad y estilo, ofreciendo un ambiente acogedor que refleja la calidez y el esp\u00edritu de nuestra vibrante comunidad. Ya sea que nos visites por negocios o por placer, estar\u00e1s estrat\u00e9gicamente ubicado cerca de las principales atracciones, zonas comerciales y centros de entretenimiento, lo que te permitir\u00e1 descubrir con facilidad todo lo que Gilbert tiene para ofrecer.<\/p>\n<p>\u200b<\/p>\n<p>[\/et_pb_text][et_pb_text disabled_on=&#8221;on|on|on&#8221; admin_label=&#8221;Hotel Accommodations in Gilbert&#8221; module_class=&#8221;gopher&#8221; _builder_version=&#8221;4.27.0&#8243; _module_preset=&#8221;default&#8221; text_font=&#8221;|300|||||||&#8221; header_2_font_size=&#8221;40px&#8221; text_orientation=&#8221;center&#8221; disabled=&#8221;on&#8221; global_colors_info=&#8221;{}&#8221;]<\/p>\n<h2>Alojamientos hoteleros en Gilbert<\/h2>\n<p>[\/et_pb_text][et_pb_de_mach_archive_loop post_type_choose=&#8221;hotels&#8221; loop_layout=&#8221;1489&#8243; posts_number=&#8221;24&#8243; sort_order=&#8221;title&#8221; enable_loadmore=&#8221;on&#8221; equal_height=&#8221;on&#8221; align_last_bottom=&#8221;on&#8221; columns=&#8221;3&#8243; custom_gutter_width=&#8221;on&#8221; gutter_row_gap=&#8221;20px&#8221; gutter_row_column=&#8221;20px&#8221; _builder_version=&#8221;4.27.4&#8243; _module_preset=&#8221;default&#8221; hover_enabled=&#8221;0&#8243; locked=&#8221;off&#8221; global_colors_info=&#8221;{}&#8221; sticky_enabled=&#8221;0&#8243;][\/et_pb_de_mach_archive_loop][\/et_pb_column][\/et_pb_row][\/et_pb_section][et_pb_section fb_built=&#8221;1&#8243; custom_padding_last_edited=&#8221;on|phone&#8221; disabled_on=&#8221;on|on|on&#8221; _builder_version=&#8221;4.27.0&#8243; _module_preset=&#8221;default&#8221; background_color=&#8221;#F8F2F8&#8243; custom_margin=&#8221;||||false|false&#8221; custom_margin_tablet=&#8221;||0px||false|false&#8221; custom_margin_phone=&#8221;||0px||false|false&#8221; custom_margin_last_edited=&#8221;on|tablet&#8221; custom_padding=&#8221;||||false|false&#8221; custom_padding_tablet=&#8221;||40px||false|false&#8221; custom_padding_phone=&#8221;||40px||false|false&#8221; disabled=&#8221;on&#8221; locked=&#8221;off&#8221; global_colors_info=&#8221;{}&#8221;][et_pb_row column_structure=&#8221;1_2,1_2&#8243; _builder_version=&#8221;4.27.0&#8243; _module_preset=&#8221;default&#8221; custom_margin=&#8221;||0px||false|false&#8221; custom_padding=&#8221;||0px||false|false&#8221; global_colors_info=&#8221;{}&#8221;][et_pb_column type=&#8221;1_2&#8243; _builder_version=&#8221;4.22.1&#8243; _module_preset=&#8221;default&#8221; global_colors_info=&#8221;{}&#8221;][et_pb_text admin_label=&#8221;Vacation Rentals&#8221; module_class=&#8221;gopher&#8221; _builder_version=&#8221;4.27.0&#8243; _module_preset=&#8221;default&#8221; text_font=&#8221;|300|||||||&#8221; text_font_size=&#8221;17px&#8221; header_font_size=&#8221;50px&#8221; header_2_font_size=&#8221;40px&#8221; header_2_line_height=&#8221;1.1em&#8221; global_colors_info=&#8221;{}&#8221;]<\/p>\n<h2>Alquileres vacacionales<\/h2>\n<p class=\"p1\">Descubre la c\u00faspide del confort y el estilo con los lujosos alquileres vacacionales de Gilbert, donde la sofisticaci\u00f3n se encuentra con el encanto \u00fanico del desierto. Nuestras propiedades de alta gama ofrecen la combinaci\u00f3n perfecta de comodidades modernas y el aut\u00e9ntico car\u00e1cter de Gilbert, proporcion\u00e1ndote una experiencia de hogar lejos del hogar que es insuperable.<\/p>\n<p>[\/et_pb_text][et_pb_button url_new_window=&#8221;on&#8221; button_text=&#8221;M\u00e1s informaci\u00f3n&#8221; disabled_on=&#8221;on|on|on&#8221; admin_label=&#8221;Learn More&#8221; _builder_version=&#8221;4.27.0&#8243; _module_preset=&#8221;default&#8221; disabled=&#8221;on&#8221; global_colors_info=&#8221;{}&#8221;][\/et_pb_button][\/et_pb_column][et_pb_column type=&#8221;1_2&#8243; _builder_version=&#8221;4.22.1&#8243; _module_preset=&#8221;default&#8221; global_colors_info=&#8221;{}&#8221;][et_pb_image src=&#8221;https:\/\/www.discovergilbert.com\/wp-content\/uploads\/2024\/10\/Case-de-Gilbert-1.jpg&#8221; alt=&#8221;Casa de Gilbert&#8221; title_text=&#8221;Casa de Gilbert&#8221; _builder_version=&#8221;4.27.0&#8243; _module_preset=&#8221;default&#8221; transform_scale_tablet=&#8221;78%|78%&#8221; transform_scale_phone=&#8221;100%|100%&#8221; transform_scale_last_edited=&#8221;on|phone&#8221; transform_translate_tablet=&#8221;-49px|-66px&#8221; transform_translate_phone=&#8221;0px|0px&#8221; transform_translate_last_edited=&#8221;on|phone&#8221; transform_translate_linked_phone=&#8221;off&#8221; transform_rotate_tablet=&#8221;&#8221; transform_rotate_phone=&#8221;&#8221; transform_rotate_last_edited=&#8221;on|phone&#8221; transform_skew_tablet=&#8221;&#8221; transform_skew_phone=&#8221;&#8221; transform_skew_last_edited=&#8221;on|phone&#8221; transform_origin_tablet=&#8221;&#8221; transform_origin_phone=&#8221;&#8221; transform_origin_last_edited=&#8221;on|phone&#8221; transform_styles_last_edited=&#8221;on|phone&#8221; transform_styles_tablet=&#8221;&#8221; transform_styles_phone=&#8221;&#8221; border_radii=&#8221;on|20px|20px|20px|20px&#8221; global_colors_info=&#8221;{}&#8221;][\/et_pb_image][\/et_pb_column][\/et_pb_row][\/et_pb_section]<\/p>\n","protected":false},"excerpt":{"rendered":"<p>HotelesD\u00f3nde Hospedarte Gilbert, Arizona, ofrece la combinaci\u00f3n perfecta de comodidad y conveniencia tanto para viajeros de negocios como de ocio. Rel\u00e1jate en nuestros lujosos alquileres vacacionales o hoteles recientemente renovados, donde podr\u00e1s disfrutar de comodidades como piscinas refrescantes y confort moderno. Nuestros alojamientos est\u00e1n convenientemente ubicados cerca de algunos de los centros de entretenimiento m\u00e1s [&hellip;]<\/p>\n","protected":false},"author":1,"featured_media":8098,"parent":8294,"menu_order":0,"comment_status":"closed","ping_status":"closed","template":"","meta":{"_acf_changed":false,"_et_pb_use_builder":"on","_et_pb_old_content":"","_et_gb_content_width":"","footnotes":""},"class_list":["post-8096","page","type-page","status-publish","has-post-thumbnail","hentry"],"acf":[],"yoast_head":"<!-- This site is optimized with the Yoast SEO plugin v26.6 - https:\/\/yoast.com\/wordpress\/plugins\/seo\/ -->\n<title>Hoteles - Habitaciones de hotel en Gilbert, Arizona - Discover Gilbert<\/title>\n<meta name=\"description\" content=\"Al\u00f3jate en una comunidad segura, limpia y vibrante situada cerca de Phoenix y las atracciones de Arizona. Descubre los alojamientos nuevos y asequibles.\" \/>\n<meta name=\"robots\" content=\"index, follow, max-snippet:-1, max-image-preview:large, max-video-preview:-1\" \/>\n<link rel=\"canonical\" href=\"https:\/\/www.discovergilbert.com\/es\/hospedaje\/hoteles\/\" \/>\n<meta property=\"og:locale\" content=\"es_MX\" \/>\n<meta property=\"og:type\" content=\"article\" \/>\n<meta property=\"og:title\" content=\"Hoteles - Habitaciones de hotel en Gilbert, Arizona - Discover Gilbert\" \/>\n<meta property=\"og:description\" content=\"Al\u00f3jate en una comunidad segura, limpia y vibrante situada cerca de Phoenix y las atracciones de Arizona. Descubre los alojamientos nuevos y asequibles.\" \/>\n<meta property=\"og:site_name\" content=\"Discover Gilbert\" \/>\n<meta property=\"article:publisher\" content=\"https:\/\/www.facebook.com\/DiscoverGilbertAZ\" \/>\n<meta property=\"article:modified_time\" content=\"2026-04-28T17:49:16+00:00\" \/>\n<meta property=\"og:image\" content=\"https:\/\/www.discovergilbert.com\/wp-content\/uploads\/2024\/05\/lodging.jpg\" \/>\n\t<meta property=\"og:image:width\" content=\"800\" \/>\n\t<meta property=\"og:image:height\" content=\"800\" \/>\n\t<meta property=\"og:image:type\" content=\"image\/jpeg\" \/>\n<meta name=\"twitter:card\" content=\"summary_large_image\" \/>\n<meta name=\"twitter:label1\" content=\"Tiempo de lectura\" \/>\n\t<meta name=\"twitter:data1\" content=\"6 minutos\" \/>\n<script type=\"application\/ld+json\" class=\"yoast-schema-graph\">{\"@context\":\"https:\/\/schema.org\",\"@graph\":[{\"@type\":\"WebPage\",\"@id\":\"https:\/\/www.discovergilbert.com\/es\/hospedaje\/hoteles\/\",\"url\":\"https:\/\/www.discovergilbert.com\/es\/hospedaje\/hoteles\/\",\"name\":\"Hoteles - Habitaciones de hotel en Gilbert, Arizona - Discover Gilbert\",\"isPartOf\":{\"@id\":\"https:\/\/www.discovergilbert.com\/es\/#website\"},\"primaryImageOfPage\":{\"@id\":\"https:\/\/www.discovergilbert.com\/es\/hospedaje\/hoteles\/#primaryimage\"},\"image\":{\"@id\":\"https:\/\/www.discovergilbert.com\/es\/hospedaje\/hoteles\/#primaryimage\"},\"thumbnailUrl\":\"https:\/\/www.discovergilbert.com\/wp-content\/uploads\/2024\/05\/lodging.jpg\",\"datePublished\":\"2024-05-14T07:30:33+00:00\",\"dateModified\":\"2026-04-28T17:49:16+00:00\",\"description\":\"Al\u00f3jate en una comunidad segura, limpia y vibrante situada cerca de Phoenix y las atracciones de Arizona. Descubre los alojamientos nuevos y asequibles.\",\"breadcrumb\":{\"@id\":\"https:\/\/www.discovergilbert.com\/es\/hospedaje\/hoteles\/#breadcrumb\"},\"inLanguage\":\"es\",\"potentialAction\":[{\"@type\":\"ReadAction\",\"target\":[\"https:\/\/www.discovergilbert.com\/es\/hospedaje\/hoteles\/\"]}]},{\"@type\":\"ImageObject\",\"inLanguage\":\"es\",\"@id\":\"https:\/\/www.discovergilbert.com\/es\/hospedaje\/hoteles\/#primaryimage\",\"url\":\"https:\/\/www.discovergilbert.com\/wp-content\/uploads\/2024\/05\/lodging.jpg\",\"contentUrl\":\"https:\/\/www.discovergilbert.com\/wp-content\/uploads\/2024\/05\/lodging.jpg\",\"width\":800,\"height\":800,\"caption\":\"Exterior del alojamiento\"},{\"@type\":\"BreadcrumbList\",\"@id\":\"https:\/\/www.discovergilbert.com\/es\/hospedaje\/hoteles\/#breadcrumb\",\"itemListElement\":[{\"@type\":\"ListItem\",\"position\":1,\"name\":\"Home\",\"item\":\"https:\/\/www.discovergilbert.com\/es\/\"},{\"@type\":\"ListItem\",\"position\":2,\"name\":\"Hosp\u00e9date\",\"item\":\"https:\/\/www.discovergilbert.com\/es\/hospedaje\/\"},{\"@type\":\"ListItem\",\"position\":3,\"name\":\"Hoteles\"}]},{\"@type\":\"WebSite\",\"@id\":\"https:\/\/www.discovergilbert.com\/es\/#website\",\"url\":\"https:\/\/www.discovergilbert.com\/es\/\",\"name\":\"Discover Gilbert\",\"description\":\"Let us be your local guide\",\"publisher\":{\"@id\":\"https:\/\/www.discovergilbert.com\/es\/#organization\"},\"potentialAction\":[{\"@type\":\"SearchAction\",\"target\":{\"@type\":\"EntryPoint\",\"urlTemplate\":\"https:\/\/www.discovergilbert.com\/es\/?s={search_term_string}\"},\"query-input\":{\"@type\":\"PropertyValueSpecification\",\"valueRequired\":true,\"valueName\":\"search_term_string\"}}],\"inLanguage\":\"es\"},{\"@type\":\"Organization\",\"@id\":\"https:\/\/www.discovergilbert.com\/es\/#organization\",\"name\":\"Discover Gilbert\",\"url\":\"https:\/\/www.discovergilbert.com\/es\/\",\"logo\":{\"@type\":\"ImageObject\",\"inLanguage\":\"es\",\"@id\":\"https:\/\/www.discovergilbert.com\/es\/#\/schema\/logo\/image\/\",\"url\":\"https:\/\/www.discovergilbert.com\/wp-content\/uploads\/2025\/10\/discover-gilbert-logo-full-color-rgb-900px-w-72ppi.png\",\"contentUrl\":\"https:\/\/www.discovergilbert.com\/wp-content\/uploads\/2025\/10\/discover-gilbert-logo-full-color-rgb-900px-w-72ppi.png\",\"width\":600,\"height\":200,\"caption\":\"Discover Gilbert\"},\"image\":{\"@id\":\"https:\/\/www.discovergilbert.com\/es\/#\/schema\/logo\/image\/\"},\"sameAs\":[\"https:\/\/www.facebook.com\/DiscoverGilbertAZ\",\"https:\/\/www.instagram.com\/discovergilbert\"]}]}<\/script>\n<!-- \/ Yoast SEO plugin. -->","yoast_head_json":{"title":"Hoteles - Habitaciones de hotel en Gilbert, Arizona - Discover Gilbert","description":"Al\u00f3jate en una comunidad segura, limpia y vibrante situada cerca de Phoenix y las atracciones de Arizona. Descubre los alojamientos nuevos y asequibles.","robots":{"index":"index","follow":"follow","max-snippet":"max-snippet:-1","max-image-preview":"max-image-preview:large","max-video-preview":"max-video-preview:-1"},"canonical":"https:\/\/www.discovergilbert.com\/es\/hospedaje\/hoteles\/","og_locale":"es_MX","og_type":"article","og_title":"Hoteles - Habitaciones de hotel en Gilbert, Arizona - Discover Gilbert","og_description":"Al\u00f3jate en una comunidad segura, limpia y vibrante situada cerca de Phoenix y las atracciones de Arizona. Descubre los alojamientos nuevos y asequibles.","og_site_name":"Discover Gilbert","article_publisher":"https:\/\/www.facebook.com\/DiscoverGilbertAZ","article_modified_time":"2026-04-28T17:49:16+00:00","og_image":[{"width":800,"height":800,"url":"https:\/\/www.discovergilbert.com\/wp-content\/uploads\/2024\/05\/lodging.jpg","type":"image\/jpeg"}],"twitter_card":"summary_large_image","twitter_misc":{"Tiempo de lectura":"6 minutos"},"schema":{"@context":"https:\/\/schema.org","@graph":[{"@type":"WebPage","@id":"https:\/\/www.discovergilbert.com\/es\/hospedaje\/hoteles\/","url":"https:\/\/www.discovergilbert.com\/es\/hospedaje\/hoteles\/","name":"Hoteles - Habitaciones de hotel en Gilbert, Arizona - Discover Gilbert","isPartOf":{"@id":"https:\/\/www.discovergilbert.com\/es\/#website"},"primaryImageOfPage":{"@id":"https:\/\/www.discovergilbert.com\/es\/hospedaje\/hoteles\/#primaryimage"},"image":{"@id":"https:\/\/www.discovergilbert.com\/es\/hospedaje\/hoteles\/#primaryimage"},"thumbnailUrl":"https:\/\/www.discovergilbert.com\/wp-content\/uploads\/2024\/05\/lodging.jpg","datePublished":"2024-05-14T07:30:33+00:00","dateModified":"2026-04-28T17:49:16+00:00","description":"Al\u00f3jate en una comunidad segura, limpia y vibrante situada cerca de Phoenix y las atracciones de Arizona. Descubre los alojamientos nuevos y asequibles.","breadcrumb":{"@id":"https:\/\/www.discovergilbert.com\/es\/hospedaje\/hoteles\/#breadcrumb"},"inLanguage":"es","potentialAction":[{"@type":"ReadAction","target":["https:\/\/www.discovergilbert.com\/es\/hospedaje\/hoteles\/"]}]},{"@type":"ImageObject","inLanguage":"es","@id":"https:\/\/www.discovergilbert.com\/es\/hospedaje\/hoteles\/#primaryimage","url":"https:\/\/www.discovergilbert.com\/wp-content\/uploads\/2024\/05\/lodging.jpg","contentUrl":"https:\/\/www.discovergilbert.com\/wp-content\/uploads\/2024\/05\/lodging.jpg","width":800,"height":800,"caption":"Exterior del alojamiento"},{"@type":"BreadcrumbList","@id":"https:\/\/www.discovergilbert.com\/es\/hospedaje\/hoteles\/#breadcrumb","itemListElement":[{"@type":"ListItem","position":1,"name":"Home","item":"https:\/\/www.discovergilbert.com\/es\/"},{"@type":"ListItem","position":2,"name":"Hosp\u00e9date","item":"https:\/\/www.discovergilbert.com\/es\/hospedaje\/"},{"@type":"ListItem","position":3,"name":"Hoteles"}]},{"@type":"WebSite","@id":"https:\/\/www.discovergilbert.com\/es\/#website","url":"https:\/\/www.discovergilbert.com\/es\/","name":"Discover Gilbert","description":"Let us be your local guide","publisher":{"@id":"https:\/\/www.discovergilbert.com\/es\/#organization"},"potentialAction":[{"@type":"SearchAction","target":{"@type":"EntryPoint","urlTemplate":"https:\/\/www.discovergilbert.com\/es\/?s={search_term_string}"},"query-input":{"@type":"PropertyValueSpecification","valueRequired":true,"valueName":"search_term_string"}}],"inLanguage":"es"},{"@type":"Organization","@id":"https:\/\/www.discovergilbert.com\/es\/#organization","name":"Discover Gilbert","url":"https:\/\/www.discovergilbert.com\/es\/","logo":{"@type":"ImageObject","inLanguage":"es","@id":"https:\/\/www.discovergilbert.com\/es\/#\/schema\/logo\/image\/","url":"https:\/\/www.discovergilbert.com\/wp-content\/uploads\/2025\/10\/discover-gilbert-logo-full-color-rgb-900px-w-72ppi.png","contentUrl":"https:\/\/www.discovergilbert.com\/wp-content\/uploads\/2025\/10\/discover-gilbert-logo-full-color-rgb-900px-w-72ppi.png","width":600,"height":200,"caption":"Discover Gilbert"},"image":{"@id":"https:\/\/www.discovergilbert.com\/es\/#\/schema\/logo\/image\/"},"sameAs":["https:\/\/www.facebook.com\/DiscoverGilbertAZ","https:\/\/www.instagram.com\/discovergilbert"]}]}},"_links":{"self":[{"href":"https:\/\/www.discovergilbert.com\/es\/wp-json\/wp\/v2\/pages\/8096","targetHints":{"allow":["GET"]}}],"collection":[{"href":"https:\/\/www.discovergilbert.com\/es\/wp-json\/wp\/v2\/pages"}],"about":[{"href":"https:\/\/www.discovergilbert.com\/es\/wp-json\/wp\/v2\/types\/page"}],"author":[{"embeddable":true,"href":"https:\/\/www.discovergilbert.com\/es\/wp-json\/wp\/v2\/users\/1"}],"replies":[{"embeddable":true,"href":"https:\/\/www.discovergilbert.com\/es\/wp-json\/wp\/v2\/comments?post=8096"}],"version-history":[{"count":6,"href":"https:\/\/www.discovergilbert.com\/es\/wp-json\/wp\/v2\/pages\/8096\/revisions"}],"predecessor-version":[{"id":10215,"href":"https:\/\/www.discovergilbert.com\/es\/wp-json\/wp\/v2\/pages\/8096\/revisions\/10215"}],"up":[{"embeddable":true,"href":"https:\/\/www.discovergilbert.com\/es\/wp-json\/wp\/v2\/pages\/8294"}],"wp:featuredmedia":[{"embeddable":true,"href":"https:\/\/www.discovergilbert.com\/es\/wp-json\/wp\/v2\/media\/8098"}],"wp:attachment":[{"href":"https:\/\/www.discovergilbert.com\/es\/wp-json\/wp\/v2\/media?parent=8096"}],"curies":[{"name":"wp","href":"https:\/\/api.w.org\/{rel}","templated":true}]}}