{"id":8019,"date":"2024-06-03T16:41:57","date_gmt":"2024-06-03T23:41:57","guid":{"rendered":"https:\/\/www.discovergilbert.com\/mapa-interactivo-de-rutas-ciclistas\/"},"modified":"2026-02-24T13:34:02","modified_gmt":"2026-02-24T20:34:02","slug":"mapa-interactivo-de-rutas-ciclistas","status":"publish","type":"page","link":"https:\/\/www.discovergilbert.com\/es\/mapa-interactivo-de-rutas-ciclistas\/","title":{"rendered":"Mapa interactivo de rutas ciclistas"},"content":{"rendered":"<p>[et_pb_section fb_built=&#8221;1&#8243; custom_padding_last_edited=&#8221;on|phone&#8221; _builder_version=&#8221;4.25.1&#8243; _module_preset=&#8221;default&#8221; use_background_color_gradient=&#8221;on&#8221; background_color_gradient_direction=&#8221;1deg&#8221; background_color_gradient_stops=&#8221;rgba(0,0,0,0.3) 0%|rgba(0,0,0,0.4) 100%&#8221; background_color_gradient_overlays_image=&#8221;on&#8221; background_image=&#8221;https:\/\/www.discovergilbert.com\/wp-content\/uploads\/2024\/05\/bike-hero.jpg&#8221; custom_padding=&#8221;140px||140px||true|false&#8221; custom_padding_tablet=&#8221;80px||80px||true|false&#8221; custom_padding_phone=&#8221;80px||80px||true|false&#8221; hover_enabled=&#8221;0&#8243; global_colors_info=&#8221;{}&#8221; sticky_enabled=&#8221;0&#8243;][et_pb_row _builder_version=&#8221;4.22.1&#8243; _module_preset=&#8221;default&#8221; global_colors_info=&#8221;{}&#8221;][et_pb_column type=&#8221;4_4&#8243; _builder_version=&#8221;4.22.1&#8243; _module_preset=&#8221;default&#8221; global_colors_info=&#8221;{}&#8221;][et_pb_text admin_label=&#8221;Interactive Bicycle Trail Map&#8221; module_class=&#8221;gopher&#8221; _builder_version=&#8221;4.25.1&#8243; _module_preset=&#8221;default&#8221; header_text_align=&#8221;center&#8221; header_text_color=&#8221;#BFD730&#8243; header_font_size=&#8221;80px&#8221; header_line_height=&#8221;1.2em&#8221; text_orientation=&#8221;center&#8221; background_layout=&#8221;dark&#8221; custom_padding=&#8221;0px||||false|false&#8221; global_colors_info=&#8221;{}&#8221;]<\/p>\n<h1>Mapa interactivo de rutas ciclistas<\/h1>\n<p>[\/et_pb_text][\/et_pb_column][\/et_pb_row][\/et_pb_section][et_pb_section fb_built=&#8221;1&#8243; _builder_version=&#8221;4.25.1&#8243; _module_preset=&#8221;default&#8221; hover_enabled=&#8221;0&#8243; locked=&#8221;off&#8221; global_colors_info=&#8221;{}&#8221; background_color=&#8221;#D1E7A3&#8243; sticky_enabled=&#8221;0&#8243;][et_pb_row _builder_version=&#8221;4.22.0&#8243; _module_preset=&#8221;default&#8221; global_colors_info=&#8221;{}&#8221;][et_pb_column type=&#8221;4_4&#8243; _builder_version=&#8221;4.22.0&#8243; _module_preset=&#8221;default&#8221; global_colors_info=&#8221;{}&#8221;][et_pb_text admin_label=&#8221;Bicycle Friendly Community&#8221; module_id=&#8221;unforgettable&#8221; module_class=&#8221;gopher&#8221; _builder_version=&#8221;4.25.1&#8243; _module_preset=&#8221;default&#8221; text_font=&#8221;|300|||||||&#8221; header_2_font_size=&#8221;40px&#8221; text_orientation=&#8221;center&#8221; global_colors_info=&#8221;{}&#8221;]<\/p>\n<h2 style=\"text-align: center;\">Comunidad amiga de la bicicleta <\/h2>\n<p>Gilbert, nombrada <i>Comunidad amiga de la bicicleta,<\/i> es muy conocida por su Sistema Central de Senderos, que ofrece aproximadamente 135 millas de disfrute para los amantes de las actividades al aire libre. Adem\u00e1s de pistas ecuestres, hay m\u00e1s de 54 millas de rutas ciclistas se\u00f1alizadas por las que puedes pedalear junto a los canales.[\/et_pb_text][\/et_pb_column][\/et_pb_row][\/et_pb_section][et_pb_section fb_built=&#8221;1&#8243; _builder_version=&#8221;4.16&#8243; global_colors_info=&#8221;{}&#8221;][et_pb_row _builder_version=&#8221;4.16&#8243; background_size=&#8221;initial&#8221; background_position=&#8221;top_left&#8221; background_repeat=&#8221;repeat&#8221; global_colors_info=&#8221;{}&#8221;][et_pb_column type=&#8221;4_4&#8243; _builder_version=&#8221;4.16&#8243; custom_padding=&#8221;|||&#8221; global_colors_info=&#8221;{}&#8221; custom_padding__hover=&#8221;|||&#8221;][et_pb_text _builder_version=&#8221;4.17.4&#8243; global_colors_info=&#8221;{}&#8221;]<\/p>\n<p>Hay tres sistemas de senderos que recorren de norte a sur \u2014Heritage Trail, Santan Vista Trail y Marathon Trail\u2014 y uno que va de este a oeste (Western Powerline Trail). Conectan con la mayor\u00eda de los parques de Gilbert y discurren en paralelo al sistema de canales del Valle, mantenido por el Salt River Project. La experiencia en los senderos se mejora con peque\u00f1os parques que ofrecen sombra, fuentes de agua, ramadas y otros elementos recreativos. Una ramada, que limita con el Riparian Preserve at Water Ranch, representa la famosa M\u00e1quina Voladora de Da Vinci e incluye citas de los maestros de la astronom\u00eda.   <\/p>\n<p>Utiliza el mapa interactivo de rutas ciclistas que aparece a continuaci\u00f3n para descubrir los numerosos senderos de Gilbert. Usa el cursor para acercar el zoom y arrastra el mapa para ver m\u00e1s detalle. Pasa el rat\u00f3n por encima del mapa para mostrar las zonas resaltadas y haz clic en estos puntos destacados para ver m\u00e1s informaci\u00f3n.  <\/p>\n<p>[\/et_pb_text][et_pb_code _builder_version=&#8221;4.17.4&#8243; _module_preset=&#8221;default&#8221; global_colors_info=&#8221;{}&#8221;]<iframe loading=\"lazy\" src=\"https:\/\/www.discovergilbert.com\/bicycle\/index.html\" width=\"100%\" height=\"1000\"><\/iframe>[\/et_pb_code][\/et_pb_column][\/et_pb_row][\/et_pb_section][et_pb_section fb_built=&#8221;1&#8243; module_id=&#8221;gu\u00eda&#8221; _builder_version=&#8221;4.16&#8243; background_image=&#8221;https:\/\/www.discovergilbert.com\/wp-content\/uploads\/2024\/05\/purplebg.jpg&#8221; custom_margin=&#8221;0px|||&#8221; global_module=&#8221;1511&#8243; locked=&#8221;off&#8221; global_colors_info=&#8221;{}&#8221;][et_pb_row column_structure=&#8221;1_3,1_3,1_3&#8243; make_equal=&#8221;on&#8221; _builder_version=&#8221;4.25.1&#8243; width=&#8221;89%&#8221; width_tablet=&#8221;80%&#8221; width_phone=&#8221;&#8221; width_last_edited=&#8221;on|desktop&#8221; max_width=&#8221;89%&#8221; max_width_tablet=&#8221;80%&#8221; max_width_phone=&#8221;&#8221; max_width_last_edited=&#8221;on|desktop&#8221; z_index_tablet=&#8221;500&#8243; box_shadow_horizontal_tablet=&#8221;0px&#8221; box_shadow_vertical_tablet=&#8221;0px&#8221; box_shadow_blur_tablet=&#8221;40px&#8221; box_shadow_spread_tablet=&#8221;0px&#8221; make_fullwidth=&#8221;on&#8221; global_colors_info=&#8221;{}&#8221;][et_pb_column type=&#8221;1_3&#8243; _builder_version=&#8221;4.25.1&#8243; custom_padding=&#8221;|50px||&#8221; custom_css_main_element=&#8221;border-right: solid #ffffff 1px;&#8221; global_colors_info=&#8221;{}&#8221; custom_padding__hover=&#8221;|||&#8221; custom_css_main_element_last_edited=&#8221;on|phone&#8221; custom_css_main_element_phone=&#8221;border-right:none;&#8221; custom_css_main_element_tablet=&#8221;border-right: solid #ffffff 1px;&#8221;][et_pb_text admin_label=&#8221;There are many great events&#8230;&#8221; module_class=&#8221;gopher&#8221; _builder_version=&#8221;4.25.1&#8243; header_2_text_color=&#8221;#F8F2F8&#8243; background_layout=&#8221;dark&#8221; custom_margin=&#8221;||20px|&#8221; custom_padding=&#8221;||0px|&#8221; global_colors_info=&#8221;{}&#8221;]<\/p>\n<h2>PR\u00d3XIMOS EVENTOS<\/h2>\n<p>Hay muchos eventos estupendos que se celebran semanal y anualmente. Por favor, <a href=\"https:\/\/www.discovergilbert.com\/plan\/events-calendar\/\">visita nuestro calendario<\/a> para obtener informaci\u00f3n actualizada sobre los eventos en Gilbert.<\/p>\n<p>[\/et_pb_text][et_pb_button button_url=&#8221;https:\/\/www.discovergilbert.com\/plan\/events-calendar\/&#8221; button_text=&#8221;Ver eventos&#8221; _builder_version=&#8221;4.25.1&#8243; _module_preset=&#8221;default&#8221; global_colors_info=&#8221;{}&#8221;][\/et_pb_button][\/et_pb_column][et_pb_column type=&#8221;1_3&#8243; _builder_version=&#8221;4.25.1&#8243; custom_padding=&#8221;|50px||&#8221; custom_css_main_element=&#8221;border-right: solid #ffffff 1px;&#8221; global_colors_info=&#8221;{}&#8221; custom_padding__hover=&#8221;|||&#8221; custom_css_main_element_last_edited=&#8221;on|phone&#8221; custom_css_main_element_phone=&#8221;border-right: none;&#8221; custom_css_main_element_tablet=&#8221;border-right: solid #ffffff 1px;&#8221;][et_pb_text admin_label=&#8221;SIGN UP TO RECEIVE UPDATES&#8221; module_class=&#8221;gopher&#8221; _builder_version=&#8221;4.25.1&#8243; header_2_text_color=&#8221;#F8F2F8&#8243; background_layout=&#8221;dark&#8221; custom_margin=&#8221;||20px|&#8221; custom_padding=&#8221;||0px|&#8221; z_index_tablet=&#8221;500&#8243; text_text_shadow_horizontal_length_tablet=&#8221;0px&#8221; text_text_shadow_vertical_length_tablet=&#8221;0px&#8221; text_text_shadow_blur_strength_tablet=&#8221;1px&#8221; link_text_shadow_horizontal_length_tablet=&#8221;0px&#8221; link_text_shadow_vertical_length_tablet=&#8221;0px&#8221; link_text_shadow_blur_strength_tablet=&#8221;1px&#8221; ul_text_shadow_horizontal_length_tablet=&#8221;0px&#8221; ul_text_shadow_vertical_length_tablet=&#8221;0px&#8221; ul_text_shadow_blur_strength_tablet=&#8221;1px&#8221; ol_text_shadow_horizontal_length_tablet=&#8221;0px&#8221; ol_text_shadow_vertical_length_tablet=&#8221;0px&#8221; ol_text_shadow_blur_strength_tablet=&#8221;1px&#8221; quote_text_shadow_horizontal_length_tablet=&#8221;0px&#8221; quote_text_shadow_vertical_length_tablet=&#8221;0px&#8221; quote_text_shadow_blur_strength_tablet=&#8221;1px&#8221; header_text_shadow_horizontal_length_tablet=&#8221;0px&#8221; header_text_shadow_vertical_length_tablet=&#8221;0px&#8221; header_text_shadow_blur_strength_tablet=&#8221;1px&#8221; header_2_text_shadow_horizontal_length_tablet=&#8221;0px&#8221; header_2_text_shadow_vertical_length_tablet=&#8221;0px&#8221; header_2_text_shadow_blur_strength_tablet=&#8221;1px&#8221; header_3_text_shadow_horizontal_length_tablet=&#8221;0px&#8221; header_3_text_shadow_vertical_length_tablet=&#8221;0px&#8221; header_3_text_shadow_blur_strength_tablet=&#8221;1px&#8221; header_4_text_shadow_horizontal_length_tablet=&#8221;0px&#8221; header_4_text_shadow_vertical_length_tablet=&#8221;0px&#8221; header_4_text_shadow_blur_strength_tablet=&#8221;1px&#8221; header_5_text_shadow_horizontal_length_tablet=&#8221;0px&#8221; header_5_text_shadow_vertical_length_tablet=&#8221;0px&#8221; header_5_text_shadow_blur_strength_tablet=&#8221;1px&#8221; header_6_text_shadow_horizontal_length_tablet=&#8221;0px&#8221; header_6_text_shadow_vertical_length_tablet=&#8221;0px&#8221; header_6_text_shadow_blur_strength_tablet=&#8221;1px&#8221; box_shadow_horizontal_tablet=&#8221;0px&#8221; box_shadow_vertical_tablet=&#8221;0px&#8221; box_shadow_blur_tablet=&#8221;40px&#8221; box_shadow_spread_tablet=&#8221;0px&#8221; global_colors_info=&#8221;{}&#8221;]<\/p>\n<h2>REG\u00cdSTRATE PARA RECIBIR ACTUALIZACIONES<\/h2>\n<p>\u00a1Es f\u00e1cil! Solo tienes que facilitarnos tu nombre y tu correo electr\u00f3nico, y pronto recibir\u00e1s ofertas actuales, consejos de viaje y pr\u00f3ximos eventos para tu visita a Gilbert.<\/p>\n<p>[\/et_pb_text][et_pb_button button_url=&#8221;https:\/\/www.discovergilbert.com\/es\/boletin-informativo\/&#8221; button_text=&#8221;Reg\u00edstrate aqu\u00ed&#8221; _builder_version=&#8221;4.25.1&#8243; _module_preset=&#8221;default&#8221; global_colors_info=&#8221;{}&#8221;][\/et_pb_button][\/et_pb_column][et_pb_column type=&#8221;1_3&#8243; _builder_version=&#8221;4.16&#8243; custom_padding=&#8221;|||&#8221; custom_padding_tablet=&#8221;|||&#8221; custom_padding_phone=&#8221;|||&#8221; background_color_gradient_direction_tablet=&#8221;180deg&#8221; background_color_gradient_direction_phone=&#8221;180deg&#8221; background_color_gradient_stops_tablet=&#8221;#2b87da 0%|#29c4a9 100%&#8221; background_color_gradient_stops_phone=&#8221;#2b87da 0%|#29c4a9 100%&#8221; background_color_gradient_start_position_tablet=&#8221;0%&#8221; background_color_gradient_start_position_phone=&#8221;0%&#8221; background_color_gradient_end_position_tablet=&#8221;100%&#8221; background_color_gradient_end_position_phone=&#8221;100%&#8221; z_index_tablet=&#8221;9&#8243; z_index_phone=&#8221;9&#8243; hover_transition_duration_tablet=&#8221;300ms&#8221; hover_transition_duration_phone=&#8221;300ms&#8221; hover_transition_delay_tablet=&#8221;0ms&#8221; hover_transition_delay_phone=&#8221;0ms&#8221; box_shadow_horizontal_tablet=&#8221;0px&#8221; box_shadow_horizontal_phone=&#8221;0px&#8221; box_shadow_vertical_tablet=&#8221;0px&#8221; box_shadow_vertical_phone=&#8221;0px&#8221; box_shadow_blur_tablet=&#8221;40px&#8221; box_shadow_blur_phone=&#8221;40px&#8221; box_shadow_spread_tablet=&#8221;0px&#8221; box_shadow_spread_phone=&#8221;0px&#8221; disabled=&#8221;%91object HTMLInputElement%93&#8243; global_colors_info=&#8221;{}&#8221; custom_padding__hover=&#8221;|||&#8221;][et_pb_text admin_label=&#8221;GET YOUR FREE TRAVEL GUIDE&#8221; module_id=&#8221;guide&#8221; module_class=&#8221;gopher&#8221; _builder_version=&#8221;4.25.1&#8243; header_2_text_color=&#8221;#F8F2F8&#8243; background_layout=&#8221;dark&#8221; z_index_tablet=&#8221;500&#8243; text_text_shadow_horizontal_length_tablet=&#8221;0px&#8221; text_text_shadow_vertical_length_tablet=&#8221;0px&#8221; text_text_shadow_blur_strength_tablet=&#8221;1px&#8221; link_text_shadow_horizontal_length_tablet=&#8221;0px&#8221; link_text_shadow_vertical_length_tablet=&#8221;0px&#8221; link_text_shadow_blur_strength_tablet=&#8221;1px&#8221; ul_text_shadow_horizontal_length_tablet=&#8221;0px&#8221; ul_text_shadow_vertical_length_tablet=&#8221;0px&#8221; ul_text_shadow_blur_strength_tablet=&#8221;1px&#8221; ol_text_shadow_horizontal_length_tablet=&#8221;0px&#8221; ol_text_shadow_vertical_length_tablet=&#8221;0px&#8221; ol_text_shadow_blur_strength_tablet=&#8221;1px&#8221; quote_text_shadow_horizontal_length_tablet=&#8221;0px&#8221; quote_text_shadow_vertical_length_tablet=&#8221;0px&#8221; quote_text_shadow_blur_strength_tablet=&#8221;1px&#8221; header_text_shadow_horizontal_length_tablet=&#8221;0px&#8221; header_text_shadow_vertical_length_tablet=&#8221;0px&#8221; header_text_shadow_blur_strength_tablet=&#8221;1px&#8221; header_2_text_shadow_horizontal_length_tablet=&#8221;0px&#8221; header_2_text_shadow_vertical_length_tablet=&#8221;0px&#8221; header_2_text_shadow_blur_strength_tablet=&#8221;1px&#8221; header_3_text_shadow_horizontal_length_tablet=&#8221;0px&#8221; header_3_text_shadow_vertical_length_tablet=&#8221;0px&#8221; header_3_text_shadow_blur_strength_tablet=&#8221;1px&#8221; header_4_text_shadow_horizontal_length_tablet=&#8221;0px&#8221; header_4_text_shadow_vertical_length_tablet=&#8221;0px&#8221; header_4_text_shadow_blur_strength_tablet=&#8221;1px&#8221; header_5_text_shadow_horizontal_length_tablet=&#8221;0px&#8221; header_5_text_shadow_vertical_length_tablet=&#8221;0px&#8221; header_5_text_shadow_blur_strength_tablet=&#8221;1px&#8221; header_6_text_shadow_horizontal_length_tablet=&#8221;0px&#8221; header_6_text_shadow_vertical_length_tablet=&#8221;0px&#8221; header_6_text_shadow_blur_strength_tablet=&#8221;1px&#8221; box_shadow_horizontal_tablet=&#8221;0px&#8221; box_shadow_vertical_tablet=&#8221;0px&#8221; box_shadow_blur_tablet=&#8221;40px&#8221; box_shadow_spread_tablet=&#8221;0px&#8221; global_colors_info=&#8221;{}&#8221;]<\/p>\n<h2><a href=\"https:\/\/www.discovergilbert.com\/plan\/travel-guide\/\"><img decoding=\"async\" title=\"Gilbertmag2024\" class=\"wp-image-12078 alignright size-medium\" src=\"https:\/\/www.discovergilbert.com\/wp-content\/uploads\/2024\/05\/gilbertmag2024.jpg\" alt=\"gu\u00eda de viaje\" width=\"30%\"><\/a>CONSIGUE TU GU\u00cdA DE VIAJE GRATUITA<\/h2>\n<p>Puedes descargarla o te enviaremos por correo una gu\u00eda GRATUITA para ayudarte a planificar tu pr\u00f3ximo viaje a Gilbert.<\/p>\n<p><a class=\"et_pb_promo_button et_pb_button\" href=\"https:\/\/www.discovergilbert.com\/plan\/travel-guide\/\">M\u00e1s informaci\u00f3n<\/a>[\/et_pb_text][\/et_pb_column][\/et_pb_row][\/et_pb_section]<\/p>\n","protected":false},"excerpt":{"rendered":"<p>Mapa interactivo de rutas ciclistasComunidad amiga de la bicicleta Gilbert, nombrada Comunidad amiga de la bicicleta, es muy conocida por su Sistema Central de Senderos, que ofrece aproximadamente 135 millas de disfrute para los amantes de las actividades al aire libre. Adem\u00e1s de pistas ecuestres, hay m\u00e1s de 54 millas de rutas ciclistas se\u00f1alizadas por [&hellip;]<\/p>\n","protected":false},"author":1,"featured_media":0,"parent":0,"menu_order":0,"comment_status":"closed","ping_status":"closed","template":"","meta":{"_acf_changed":false,"_et_pb_use_builder":"on","_et_pb_old_content":"","_et_gb_content_width":"","footnotes":""},"class_list":["post-8019","page","type-page","status-publish","hentry"],"acf":[],"yoast_head":"<!-- This site is optimized with the Yoast SEO plugin v26.6 - https:\/\/yoast.com\/wordpress\/plugins\/seo\/ -->\n<title>Mapa interactivo de rutas ciclistas - Discover Gilbert<\/title>\n<meta name=\"robots\" content=\"index, follow, max-snippet:-1, max-image-preview:large, max-video-preview:-1\" \/>\n<link rel=\"canonical\" href=\"https:\/\/www.discovergilbert.com\/es\/mapa-interactivo-de-rutas-ciclistas\/\" \/>\n<meta property=\"og:locale\" content=\"es_MX\" \/>\n<meta property=\"og:type\" content=\"article\" \/>\n<meta property=\"og:title\" content=\"Mapa interactivo de rutas ciclistas - Discover Gilbert\" \/>\n<meta property=\"og:description\" content=\"Mapa interactivo de rutas ciclistasComunidad amiga de la bicicleta Gilbert, nombrada Comunidad amiga de la bicicleta, es muy conocida por su Sistema Central de Senderos, que ofrece aproximadamente 135 millas de disfrute para los amantes de las actividades al aire libre. Adem\u00e1s de pistas ecuestres, hay m\u00e1s de 54 millas de rutas ciclistas se\u00f1alizadas por [&hellip;]\" \/>\n<meta property=\"og:site_name\" content=\"Discover Gilbert\" \/>\n<meta property=\"article:publisher\" content=\"https:\/\/www.facebook.com\/DiscoverGilbertAZ\" \/>\n<meta property=\"article:modified_time\" content=\"2026-02-24T20:34:02+00:00\" \/>\n<meta name=\"twitter:card\" content=\"summary_large_image\" \/>\n<meta name=\"twitter:label1\" content=\"Tiempo de lectura\" \/>\n\t<meta name=\"twitter:data1\" content=\"8 minutos\" \/>\n<script type=\"application\/ld+json\" class=\"yoast-schema-graph\">{\"@context\":\"https:\/\/schema.org\",\"@graph\":[{\"@type\":\"WebPage\",\"@id\":\"https:\/\/www.discovergilbert.com\/es\/mapa-interactivo-de-rutas-ciclistas\/\",\"url\":\"https:\/\/www.discovergilbert.com\/es\/mapa-interactivo-de-rutas-ciclistas\/\",\"name\":\"Mapa interactivo de rutas ciclistas - Discover Gilbert\",\"isPartOf\":{\"@id\":\"https:\/\/www.discovergilbert.com\/es\/#website\"},\"primaryImageOfPage\":{\"@id\":\"https:\/\/www.discovergilbert.com\/es\/mapa-interactivo-de-rutas-ciclistas\/#primaryimage\"},\"image\":{\"@id\":\"https:\/\/www.discovergilbert.com\/es\/mapa-interactivo-de-rutas-ciclistas\/#primaryimage\"},\"thumbnailUrl\":\"https:\/\/www.discovergilbert.com\/wp-content\/uploads\/2024\/05\/gilbertmag2024.jpg\",\"datePublished\":\"2024-06-03T23:41:57+00:00\",\"dateModified\":\"2026-02-24T20:34:02+00:00\",\"breadcrumb\":{\"@id\":\"https:\/\/www.discovergilbert.com\/es\/mapa-interactivo-de-rutas-ciclistas\/#breadcrumb\"},\"inLanguage\":\"es\",\"potentialAction\":[{\"@type\":\"ReadAction\",\"target\":[\"https:\/\/www.discovergilbert.com\/es\/mapa-interactivo-de-rutas-ciclistas\/\"]}]},{\"@type\":\"ImageObject\",\"inLanguage\":\"es\",\"@id\":\"https:\/\/www.discovergilbert.com\/es\/mapa-interactivo-de-rutas-ciclistas\/#primaryimage\",\"url\":\"https:\/\/www.discovergilbert.com\/wp-content\/uploads\/2024\/05\/gilbertmag2024.jpg\",\"contentUrl\":\"https:\/\/www.discovergilbert.com\/wp-content\/uploads\/2024\/05\/gilbertmag2024.jpg\"},{\"@type\":\"BreadcrumbList\",\"@id\":\"https:\/\/www.discovergilbert.com\/es\/mapa-interactivo-de-rutas-ciclistas\/#breadcrumb\",\"itemListElement\":[{\"@type\":\"ListItem\",\"position\":1,\"name\":\"Home\",\"item\":\"https:\/\/www.discovergilbert.com\/es\/\"},{\"@type\":\"ListItem\",\"position\":2,\"name\":\"Mapa interactivo de rutas ciclistas\"}]},{\"@type\":\"WebSite\",\"@id\":\"https:\/\/www.discovergilbert.com\/es\/#website\",\"url\":\"https:\/\/www.discovergilbert.com\/es\/\",\"name\":\"Discover Gilbert\",\"description\":\"Let us be your local guide\",\"publisher\":{\"@id\":\"https:\/\/www.discovergilbert.com\/es\/#organization\"},\"potentialAction\":[{\"@type\":\"SearchAction\",\"target\":{\"@type\":\"EntryPoint\",\"urlTemplate\":\"https:\/\/www.discovergilbert.com\/es\/?s={search_term_string}\"},\"query-input\":{\"@type\":\"PropertyValueSpecification\",\"valueRequired\":true,\"valueName\":\"search_term_string\"}}],\"inLanguage\":\"es\"},{\"@type\":\"Organization\",\"@id\":\"https:\/\/www.discovergilbert.com\/es\/#organization\",\"name\":\"Discover Gilbert\",\"url\":\"https:\/\/www.discovergilbert.com\/es\/\",\"logo\":{\"@type\":\"ImageObject\",\"inLanguage\":\"es\",\"@id\":\"https:\/\/www.discovergilbert.com\/es\/#\/schema\/logo\/image\/\",\"url\":\"https:\/\/www.discovergilbert.com\/wp-content\/uploads\/2025\/10\/discover-gilbert-logo-full-color-rgb-900px-w-72ppi.png\",\"contentUrl\":\"https:\/\/www.discovergilbert.com\/wp-content\/uploads\/2025\/10\/discover-gilbert-logo-full-color-rgb-900px-w-72ppi.png\",\"width\":600,\"height\":200,\"caption\":\"Discover Gilbert\"},\"image\":{\"@id\":\"https:\/\/www.discovergilbert.com\/es\/#\/schema\/logo\/image\/\"},\"sameAs\":[\"https:\/\/www.facebook.com\/DiscoverGilbertAZ\",\"https:\/\/www.instagram.com\/discovergilbert\"]}]}<\/script>\n<!-- \/ Yoast SEO plugin. -->","yoast_head_json":{"title":"Mapa interactivo de rutas ciclistas - Discover Gilbert","robots":{"index":"index","follow":"follow","max-snippet":"max-snippet:-1","max-image-preview":"max-image-preview:large","max-video-preview":"max-video-preview:-1"},"canonical":"https:\/\/www.discovergilbert.com\/es\/mapa-interactivo-de-rutas-ciclistas\/","og_locale":"es_MX","og_type":"article","og_title":"Mapa interactivo de rutas ciclistas - Discover Gilbert","og_description":"Mapa interactivo de rutas ciclistasComunidad amiga de la bicicleta Gilbert, nombrada Comunidad amiga de la bicicleta, es muy conocida por su Sistema Central de Senderos, que ofrece aproximadamente 135 millas de disfrute para los amantes de las actividades al aire libre. Adem\u00e1s de pistas ecuestres, hay m\u00e1s de 54 millas de rutas ciclistas se\u00f1alizadas por [&hellip;]","og_site_name":"Discover Gilbert","article_publisher":"https:\/\/www.facebook.com\/DiscoverGilbertAZ","article_modified_time":"2026-02-24T20:34:02+00:00","twitter_card":"summary_large_image","twitter_misc":{"Tiempo de lectura":"8 minutos"},"schema":{"@context":"https:\/\/schema.org","@graph":[{"@type":"WebPage","@id":"https:\/\/www.discovergilbert.com\/es\/mapa-interactivo-de-rutas-ciclistas\/","url":"https:\/\/www.discovergilbert.com\/es\/mapa-interactivo-de-rutas-ciclistas\/","name":"Mapa interactivo de rutas ciclistas - Discover Gilbert","isPartOf":{"@id":"https:\/\/www.discovergilbert.com\/es\/#website"},"primaryImageOfPage":{"@id":"https:\/\/www.discovergilbert.com\/es\/mapa-interactivo-de-rutas-ciclistas\/#primaryimage"},"image":{"@id":"https:\/\/www.discovergilbert.com\/es\/mapa-interactivo-de-rutas-ciclistas\/#primaryimage"},"thumbnailUrl":"https:\/\/www.discovergilbert.com\/wp-content\/uploads\/2024\/05\/gilbertmag2024.jpg","datePublished":"2024-06-03T23:41:57+00:00","dateModified":"2026-02-24T20:34:02+00:00","breadcrumb":{"@id":"https:\/\/www.discovergilbert.com\/es\/mapa-interactivo-de-rutas-ciclistas\/#breadcrumb"},"inLanguage":"es","potentialAction":[{"@type":"ReadAction","target":["https:\/\/www.discovergilbert.com\/es\/mapa-interactivo-de-rutas-ciclistas\/"]}]},{"@type":"ImageObject","inLanguage":"es","@id":"https:\/\/www.discovergilbert.com\/es\/mapa-interactivo-de-rutas-ciclistas\/#primaryimage","url":"https:\/\/www.discovergilbert.com\/wp-content\/uploads\/2024\/05\/gilbertmag2024.jpg","contentUrl":"https:\/\/www.discovergilbert.com\/wp-content\/uploads\/2024\/05\/gilbertmag2024.jpg"},{"@type":"BreadcrumbList","@id":"https:\/\/www.discovergilbert.com\/es\/mapa-interactivo-de-rutas-ciclistas\/#breadcrumb","itemListElement":[{"@type":"ListItem","position":1,"name":"Home","item":"https:\/\/www.discovergilbert.com\/es\/"},{"@type":"ListItem","position":2,"name":"Mapa interactivo de rutas ciclistas"}]},{"@type":"WebSite","@id":"https:\/\/www.discovergilbert.com\/es\/#website","url":"https:\/\/www.discovergilbert.com\/es\/","name":"Discover Gilbert","description":"Let us be your local guide","publisher":{"@id":"https:\/\/www.discovergilbert.com\/es\/#organization"},"potentialAction":[{"@type":"SearchAction","target":{"@type":"EntryPoint","urlTemplate":"https:\/\/www.discovergilbert.com\/es\/?s={search_term_string}"},"query-input":{"@type":"PropertyValueSpecification","valueRequired":true,"valueName":"search_term_string"}}],"inLanguage":"es"},{"@type":"Organization","@id":"https:\/\/www.discovergilbert.com\/es\/#organization","name":"Discover Gilbert","url":"https:\/\/www.discovergilbert.com\/es\/","logo":{"@type":"ImageObject","inLanguage":"es","@id":"https:\/\/www.discovergilbert.com\/es\/#\/schema\/logo\/image\/","url":"https:\/\/www.discovergilbert.com\/wp-content\/uploads\/2025\/10\/discover-gilbert-logo-full-color-rgb-900px-w-72ppi.png","contentUrl":"https:\/\/www.discovergilbert.com\/wp-content\/uploads\/2025\/10\/discover-gilbert-logo-full-color-rgb-900px-w-72ppi.png","width":600,"height":200,"caption":"Discover Gilbert"},"image":{"@id":"https:\/\/www.discovergilbert.com\/es\/#\/schema\/logo\/image\/"},"sameAs":["https:\/\/www.facebook.com\/DiscoverGilbertAZ","https:\/\/www.instagram.com\/discovergilbert"]}]}},"_links":{"self":[{"href":"https:\/\/www.discovergilbert.com\/es\/wp-json\/wp\/v2\/pages\/8019","targetHints":{"allow":["GET"]}}],"collection":[{"href":"https:\/\/www.discovergilbert.com\/es\/wp-json\/wp\/v2\/pages"}],"about":[{"href":"https:\/\/www.discovergilbert.com\/es\/wp-json\/wp\/v2\/types\/page"}],"author":[{"embeddable":true,"href":"https:\/\/www.discovergilbert.com\/es\/wp-json\/wp\/v2\/users\/1"}],"replies":[{"embeddable":true,"href":"https:\/\/www.discovergilbert.com\/es\/wp-json\/wp\/v2\/comments?post=8019"}],"version-history":[{"count":7,"href":"https:\/\/www.discovergilbert.com\/es\/wp-json\/wp\/v2\/pages\/8019\/revisions"}],"predecessor-version":[{"id":8029,"href":"https:\/\/www.discovergilbert.com\/es\/wp-json\/wp\/v2\/pages\/8019\/revisions\/8029"}],"wp:attachment":[{"href":"https:\/\/www.discovergilbert.com\/es\/wp-json\/wp\/v2\/media?parent=8019"}],"curies":[{"name":"wp","href":"https:\/\/api.w.org\/{rel}","templated":true}]}}