{"id":7836,"date":"2024-05-15T21:30:34","date_gmt":"2024-05-16T04:30:34","guid":{"rendered":"https:\/\/www.discovergilbert.com\/explorar\/golf\/"},"modified":"2026-03-31T08:11:28","modified_gmt":"2026-03-31T15:11:28","slug":"golf","status":"publish","type":"page","link":"https:\/\/www.discovergilbert.com\/es\/explora\/golf\/","title":{"rendered":"Golf"},"content":{"rendered":"<p>[et_pb_section fb_built=&#8221;1&#8243; custom_padding_last_edited=&#8221;on|phone&#8221; _builder_version=&#8221;4.25.1&#8243; _module_preset=&#8221;default&#8221; use_background_color_gradient=&#8221;on&#8221; background_color_gradient_direction=&#8221;1deg&#8221; background_color_gradient_stops=&#8221;rgba(0,0,0,0.3) 0%|rgba(0,0,0,0.4) 100%&#8221; background_color_gradient_overlays_image=&#8221;on&#8221; background_image=&#8221;https:\/\/www.discovergilbert.com\/wp-content\/uploads\/2024\/05\/AerialHole17_c_full.jpg&#8221; custom_padding=&#8221;140px||140px||true|false&#8221; custom_padding_tablet=&#8221;80px||80px||true|false&#8221; custom_padding_phone=&#8221;80px||80px||true|false&#8221; global_colors_info=&#8221;{}&#8221;][et_pb_row _builder_version=&#8221;4.22.1&#8243; _module_preset=&#8221;default&#8221; global_colors_info=&#8221;{}&#8221;][et_pb_column type=&#8221;4_4&#8243; _builder_version=&#8221;4.22.1&#8243; _module_preset=&#8221;default&#8221; global_colors_info=&#8221;{}&#8221;][et_pb_text admin_label=&#8221;Golf&#8221; module_class=&#8221;gopher&#8221; _builder_version=&#8221;4.25.1&#8243; _module_preset=&#8221;default&#8221; header_text_align=&#8221;center&#8221; header_text_color=&#8221;#BFD730&#8243; header_font_size=&#8221;80px&#8221; header_line_height=&#8221;1.2em&#8221; text_orientation=&#8221;center&#8221; background_layout=&#8221;dark&#8221; custom_padding=&#8221;0px||||false|false&#8221; global_colors_info=&#8221;{}&#8221;]<\/p>\n<div class=\"et_pb_column et_pb_column_4_4 et_pb_column_0 et_pb_css_mix_blend_mode_passthrough et-last-child\">\n<div class=\"et_pb_module et_pb_text et_pb_text_0 et_pb_text_align_left et_pb_bg_layout_light\">\n<div class=\"et_pb_text_inner\">\n<h1>Golf<\/h1>\n<\/div>\n<\/div>\n<\/div>\n<p>[\/et_pb_text][\/et_pb_column][\/et_pb_row][\/et_pb_section][et_pb_section fb_built=&#8221;1&#8243; _builder_version=&#8221;4.22.1&#8243; _module_preset=&#8221;default&#8221; locked=&#8221;off&#8221; global_colors_info=&#8221;{}&#8221;][et_pb_row column_structure=&#8221;1_2,1_4,1_4&#8243; _builder_version=&#8221;4.22.1&#8243; _module_preset=&#8221;default&#8221; global_colors_info=&#8221;{}&#8221;][et_pb_column type=&#8221;1_2&#8243; _builder_version=&#8221;4.22.1&#8243; _module_preset=&#8221;default&#8221; global_colors_info=&#8221;{}&#8221;][et_pb_text admin_label=&#8221;Discover Our Desert Greens&#8221; module_class=&#8221;gopher&#8221; _builder_version=&#8221;4.25.1&#8243; _module_preset=&#8221;default&#8221; text_font=&#8221;|300|||||||&#8221; text_font_size=&#8221;17px&#8221; header_font_size=&#8221;50px&#8221; header_2_font_size=&#8221;40px&#8221; header_2_line_height=&#8221;1.1em&#8221; global_colors_info=&#8221;{}&#8221;]<\/p>\n<h2>Descubre nuestros campos en el desierto<\/h2>\n<p>Emb\u00e1rcate en una experiencia de golf donde cada golpe se acompa\u00f1a de imponentes vistas a las monta\u00f1as y del encanto del amplio cielo des\u00e9rtico. En Gilbert, los campos ofrecen un verdadero santuario para el esp\u00edritu del juego, invitando tanto a golfistas de fin de semana como a quienes buscan una jornada de relax a disfrutar de una ronda tan relajante como espectacular. Ubicados en este entorno sereno, encontrar\u00e1s dos campos de campeonato, cada uno dise\u00f1ado para poner a prueba la destreza de los golfistas m\u00e1s experimentados. Descubre por qu\u00e9 el golf en el desierto es considerado uno de los grandes placeres de Arizona. Ven y deja que los amplios paisajes, el clima soleado y la c\u00e1lida hospitalidad local te acompa\u00f1en en una experiencia inolvidable sobre el green.<\/p>\n<p>[\/et_pb_text][et_pb_button button_text=&#8221;Ver campos de golf &#8221; _builder_version=&#8221;4.25.1&#8243; _module_preset=&#8221;default&#8221; button_url=&#8221;#courses&#8221; hover_enabled=&#8221;0&#8243; sticky_enabled=&#8221;0&#8243;][\/et_pb_button][\/et_pb_column][et_pb_column type=&#8221;1_4&#8243; _builder_version=&#8221;4.22.1&#8243; _module_preset=&#8221;default&#8221; global_colors_info=&#8221;{}&#8221;][et_pb_image alt=&#8221;Golfista del club Seville haciendo un drive 032&#8243; src=&#8221;https:\/\/www.discovergilbert.com\/wp-content\/uploads\/2024\/05\/seville-club_golfer-driving__032.webp&#8221; title_text=&#8221;seville-club_golfer-driving__032&#8243; _builder_version=&#8221;4.25.1&#8243; _module_preset=&#8221;default&#8221; transform_scale=&#8221;162%|162%&#8221; transform_scale_tablet=&#8221;100%|100%&#8221; transform_scale_phone=&#8221;100%|100%&#8221; transform_scale_last_edited=&#8221;on|phone&#8221; transform_translate=&#8221;32px|35px&#8221; transform_translate_tablet=&#8221;-3px|0px&#8221; transform_translate_phone=&#8221;0px|0px&#8221; transform_translate_last_edited=&#8221;on|tablet&#8221; transform_translate_linked_phone=&#8221;off&#8221; transform_rotate_tablet=&#8221;&#8221; transform_rotate_phone=&#8221;&#8221; transform_rotate_last_edited=&#8221;on|phone&#8221; transform_skew_tablet=&#8221;&#8221; transform_skew_phone=&#8221;&#8221; transform_skew_last_edited=&#8221;on|phone&#8221; transform_origin_tablet=&#8221;&#8221; transform_origin_phone=&#8221;&#8221; transform_origin_last_edited=&#8221;on|phone&#8221; transform_styles_last_edited=&#8221;on|phone&#8221; transform_styles_tablet=&#8221;&#8221; transform_styles_phone=&#8221;&#8221; border_radii=&#8221;on|20px|20px|20px|20px&#8221; global_colors_info=&#8221;{}&#8221;][\/et_pb_image][\/et_pb_column][et_pb_column type=&#8221;1_4&#8243; _builder_version=&#8221;4.22.1&#8243; _module_preset=&#8221;default&#8221; global_colors_info=&#8221;{}&#8221;][et_pb_image alt=&#8221;Trilogygolfclubpowerranch instagram 1650 ig 1781397296445959395 3908319372&#8243; src=&#8221;https:\/\/www.discovergilbert.com\/wp-content\/uploads\/2024\/05\/trilogygolfclubpowerranch-Instagram-1650-ig-1781397296445959395_3908319372.jpg&#8221; title_text=&#8221;trilogygolfclubpowerranch Instagram 1650-ig-1781397296445959395_3908319372&#8243; disabled_on=&#8221;on|on|off&#8221; _builder_version=&#8221;4.25.1&#8243; _module_preset=&#8221;default&#8221; scroll_vertical_motion_enable=&#8221;on&#8221; scroll_vertical_motion=&#8221;0|50|50|100|-1|0|1&#8243; border_radii=&#8221;on|20px|20px|20px|20px&#8221; box_shadow_style=&#8221;preset1&#8243; global_colors_info=&#8221;{}&#8221;][\/et_pb_image][\/et_pb_column][\/et_pb_row][\/et_pb_section][et_pb_section fb_built=&#8221;1&#8243; custom_padding_last_edited=&#8221;on|phone&#8221; _builder_version=&#8221;4.22.1&#8243; _module_preset=&#8221;default&#8221; background_color=&#8221;#F8F2F8&#8243; custom_margin=&#8221;||-100px||false|false&#8221; custom_margin_tablet=&#8221;||0px||false|false&#8221; custom_margin_phone=&#8221;||0px||false|false&#8221; custom_margin_last_edited=&#8221;on|tablet&#8221; custom_padding=&#8221;||0px||false|false&#8221; custom_padding_tablet=&#8221;||40px||false|false&#8221; custom_padding_phone=&#8221;||40px||false|false&#8221; locked=&#8221;off&#8221; global_colors_info=&#8221;{}&#8221;][et_pb_row column_structure=&#8221;1_2,1_2&#8243; _builder_version=&#8221;4.22.1&#8243; _module_preset=&#8221;default&#8221; custom_margin=&#8221;||0px||false|false&#8221; custom_padding=&#8221;||0px||false|false&#8221; global_colors_info=&#8221;{}&#8221;][et_pb_column type=&#8221;1_2&#8243; _builder_version=&#8221;4.22.1&#8243; _module_preset=&#8221;default&#8221; global_colors_info=&#8221;{}&#8221;][et_pb_image alt=&#8221;Selecciones 12 medio&#8221; src=&#8221;https:\/\/www.discovergilbert.com\/wp-content\/uploads\/2024\/05\/Selections-12-medium.jpg&#8221; title_text=&#8221;Selections-12-medium&#8221; show_bottom_space=&#8221;off&#8221; _builder_version=&#8221;4.25.1&#8243; _module_preset=&#8221;default&#8221; transform_scale=&#8221;96%|96%&#8221; transform_scale_tablet=&#8221;78%|78%&#8221; transform_scale_phone=&#8221;100%|100%&#8221; transform_scale_last_edited=&#8221;on|phone&#8221; transform_translate=&#8221;-7px|-12px&#8221; transform_translate_tablet=&#8221;-49px|-66px&#8221; transform_translate_phone=&#8221;0px|0px&#8221; transform_translate_last_edited=&#8221;on|phone&#8221; transform_translate_linked_phone=&#8221;off&#8221; transform_rotate_tablet=&#8221;&#8221; transform_rotate_phone=&#8221;&#8221; transform_rotate_last_edited=&#8221;on|phone&#8221; transform_skew_tablet=&#8221;&#8221; transform_skew_phone=&#8221;&#8221; transform_skew_last_edited=&#8221;on|phone&#8221; transform_origin_tablet=&#8221;&#8221; transform_origin_phone=&#8221;&#8221; transform_origin_last_edited=&#8221;on|phone&#8221; transform_styles_last_edited=&#8221;on|phone&#8221; transform_styles_tablet=&#8221;&#8221; transform_styles_phone=&#8221;&#8221; border_radii=&#8221;on|20px|20px|20px|20px&#8221; global_colors_info=&#8221;{}&#8221;][\/et_pb_image][et_pb_image alt=&#8221;Topgolf&#8221; src=&#8221;https:\/\/www.discovergilbert.com\/wp-content\/uploads\/2024\/05\/topgolf.jpg&#8221; title_text=&#8221;topgolf&#8221; disabled_on=&#8221;on|on|off&#8221; _builder_version=&#8221;4.25.1&#8243; _module_preset=&#8221;default&#8221; transform_scale=&#8221;64%|64%&#8221; transform_scale_tablet=&#8221;88%|88%&#8221; transform_scale_phone=&#8221;100%|100%&#8221; transform_scale_last_edited=&#8221;on|phone&#8221; transform_translate_tablet=&#8221;&#8221; transform_translate_phone=&#8221;&#8221; transform_translate_last_edited=&#8221;on|phone&#8221; transform_rotate_tablet=&#8221;&#8221; transform_rotate_phone=&#8221;&#8221; transform_rotate_last_edited=&#8221;on|phone&#8221; transform_skew_tablet=&#8221;&#8221; transform_skew_phone=&#8221;&#8221; transform_skew_last_edited=&#8221;on|phone&#8221; transform_origin_tablet=&#8221;&#8221; transform_origin_phone=&#8221;&#8221; transform_origin_last_edited=&#8221;on|phone&#8221; transform_styles_last_edited=&#8221;on|phone&#8221; scroll_vertical_motion_enable=&#8221;on&#8221; scroll_vertical_motion=&#8221;0|50|50|100|-2|-1.7|-1.5&#8243; transform_styles_tablet=&#8221;&#8221; transform_styles_phone=&#8221;&#8221; border_radii=&#8221;on|20px|20px|20px|20px&#8221; box_shadow_style=&#8221;preset1&#8243; global_colors_info=&#8221;{}&#8221;][\/et_pb_image][\/et_pb_column][et_pb_column type=&#8221;1_2&#8243; _builder_version=&#8221;4.22.1&#8243; _module_preset=&#8221;default&#8221; global_colors_info=&#8221;{}&#8221;][et_pb_text admin_label=&#8221;Swing into Fun&#8221; module_class=&#8221;gopher&#8221; _builder_version=&#8221;4.25.1&#8243; _module_preset=&#8221;default&#8221; text_font=&#8221;|300|||||||&#8221; text_font_size=&#8221;17px&#8221; header_font_size=&#8221;50px&#8221; header_2_font_size=&#8221;40px&#8221; header_2_line_height=&#8221;1.1em&#8221; hover_enabled=&#8221;0&#8243; global_colors_info=&#8221;{}&#8221; sticky_enabled=&#8221;0&#8243;]<\/p>\n<h2>L\u00e1nzate a la diversi\u00f3n<\/h2>\n<p>La emoci\u00f3n del golf en Gilbert va mucho m\u00e1s all\u00e1 de las calles. P\u00e1sate por nuestros vibrantes centros de ocio de golf, donde cada putt se combina con una diversi\u00f3n trepidante. Ya sea que busques un hoyo en uno en <a href=\"https:\/\/topgolf.com\/us\/gilbert\/?gad_source=1&amp;gclid=EAIaIQobChMI7c-g-uaBhgMVaBStBh1PaAryEAAYASAAEgJObfD_BwE&amp;gclsrc=aw.ds\" target=\"_blank\" rel=\"noopener\">Top Golf<\/a>, trabajes tu precisi\u00f3n en <a href=\"https:\/\/thebackninegolf.com\/gilbertaz\/?gad_source=1&amp;gclid=EAIaIQobChMIvYSPiOeBhgMVeC6tBh1oeQaJEAAYASAAEgI5u_D_BwE\" target=\"_blank\" rel=\"noopener\">The Back Nine Golf<\/a> o recorras las fant\u00e1sticas maravillas de <a href=\"https:\/\/imagine3dminigolf.com\/\" target=\"_blank\" rel=\"noopener\">Imagine 3D Mini Golf,<\/a> estos lugares prometen un rato fant\u00e1stico para todas las edades.<\/p>\n<p>[\/et_pb_text][\/et_pb_column][\/et_pb_row][\/et_pb_section][et_pb_section fb_built=&#8221;1&#8243; _builder_version=&#8221;4.25.1&#8243; _module_preset=&#8221;default&#8221; background_color=&#8221;#D1E7A3&#8243; hover_enabled=&#8221;0&#8243; global_colors_info=&#8221;{}&#8221; module_id=&#8221;campos&#8221; sticky_enabled=&#8221;0&#8243;][et_pb_row _builder_version=&#8221;4.22.0&#8243; _module_preset=&#8221;default&#8221; global_colors_info=&#8221;{}&#8221;][et_pb_column type=&#8221;4_4&#8243; _builder_version=&#8221;4.22.0&#8243; _module_preset=&#8221;default&#8221; global_colors_info=&#8221;{}&#8221;][et_pb_text admin_label=&#8221;Golf Courses&#8221; module_class=&#8221;gopher&#8221; _builder_version=&#8221;4.25.1&#8243; _module_preset=&#8221;default&#8221; text_font=&#8221;|300|||||||&#8221; header_2_font_size=&#8221;40px&#8221; text_orientation=&#8221;center&#8221; global_colors_info=&#8221;{}&#8221;]<\/p>\n<h2 style=\"text-align: center;\">Campos de golf<\/h2>\n<p>[\/et_pb_text][\/et_pb_column][\/et_pb_row][et_pb_row _builder_version=&#8221;4.22.1&#8243; _module_preset=&#8221;default&#8221; global_colors_info=&#8221;{}&#8221;][et_pb_column type=&#8221;4_4&#8243; _builder_version=&#8221;4.22.1&#8243; _module_preset=&#8221;default&#8221; global_colors_info=&#8221;{}&#8221;][et_pb_de_mach_archive_loop post_type_choose=&#8221;entertainment-outdoo&#8221; loop_layout=&#8221;993&#8243; posts_number=&#8221;24&#8243; include_cats=&#8221;golf&#8221; sort_order=&#8221;title&#8221; enable_loadmore=&#8221;on&#8221; equal_height=&#8221;on&#8221; align_last_bottom=&#8221;on&#8221; columns=&#8221;3&#8243; custom_gutter_width=&#8221;on&#8221; gutter_row_gap=&#8221;20px&#8221; gutter_row_column=&#8221;20px&#8221; _builder_version=&#8221;4.25.1&#8243; _module_preset=&#8221;default&#8221; hover_enabled=&#8221;0&#8243; global_colors_info=&#8221;{}&#8221; sticky_enabled=&#8221;0&#8243;][\/et_pb_de_mach_archive_loop][\/et_pb_column][\/et_pb_row][\/et_pb_section]<\/p>\n","protected":false},"excerpt":{"rendered":"<p>Golf Descubre nuestros campos en el desierto Emb\u00e1rcate en una experiencia de golf donde cada golpe se acompa\u00f1a de imponentes vistas a las monta\u00f1as y del encanto del amplio cielo des\u00e9rtico. En Gilbert, los campos ofrecen un verdadero santuario para el esp\u00edritu del juego, invitando tanto a golfistas de fin de semana como a quienes [&hellip;]<\/p>\n","protected":false},"author":1,"featured_media":0,"parent":7797,"menu_order":0,"comment_status":"closed","ping_status":"closed","template":"","meta":{"_acf_changed":false,"_et_pb_use_builder":"on","_et_pb_old_content":"","_et_gb_content_width":"","footnotes":""},"class_list":["post-7836","page","type-page","status-publish","hentry"],"acf":[],"yoast_head":"<!-- This site is optimized with the Yoast SEO plugin v26.6 - https:\/\/yoast.com\/wordpress\/plugins\/seo\/ -->\n<title>Golf - Discover Gilbert<\/title>\n<meta name=\"robots\" content=\"index, follow, max-snippet:-1, max-image-preview:large, max-video-preview:-1\" \/>\n<link rel=\"canonical\" href=\"https:\/\/www.discovergilbert.com\/es\/explora\/golf\/\" \/>\n<meta property=\"og:locale\" content=\"es_MX\" \/>\n<meta property=\"og:type\" content=\"article\" \/>\n<meta property=\"og:title\" content=\"Golf - Discover Gilbert\" \/>\n<meta property=\"og:description\" content=\"Golf Descubre nuestros campos en el desierto Emb\u00e1rcate en una experiencia de golf donde cada golpe se acompa\u00f1a de imponentes vistas a las monta\u00f1as y del encanto del amplio cielo des\u00e9rtico. En Gilbert, los campos ofrecen un verdadero santuario para el esp\u00edritu del juego, invitando tanto a golfistas de fin de semana como a quienes [&hellip;]\" \/>\n<meta property=\"og:site_name\" content=\"Discover Gilbert\" \/>\n<meta property=\"article:publisher\" content=\"https:\/\/www.facebook.com\/DiscoverGilbertAZ\" \/>\n<meta property=\"article:modified_time\" content=\"2026-03-31T15:11:28+00:00\" \/>\n<meta name=\"twitter:card\" content=\"summary_large_image\" \/>\n<meta name=\"twitter:label1\" content=\"Tiempo de lectura\" \/>\n\t<meta name=\"twitter:data1\" content=\"7 minutos\" \/>\n<script type=\"application\/ld+json\" class=\"yoast-schema-graph\">{\"@context\":\"https:\/\/schema.org\",\"@graph\":[{\"@type\":\"WebPage\",\"@id\":\"https:\/\/www.discovergilbert.com\/es\/explora\/golf\/\",\"url\":\"https:\/\/www.discovergilbert.com\/es\/explora\/golf\/\",\"name\":\"Golf - Discover Gilbert\",\"isPartOf\":{\"@id\":\"https:\/\/www.discovergilbert.com\/es\/#website\"},\"datePublished\":\"2024-05-16T04:30:34+00:00\",\"dateModified\":\"2026-03-31T15:11:28+00:00\",\"breadcrumb\":{\"@id\":\"https:\/\/www.discovergilbert.com\/es\/explora\/golf\/#breadcrumb\"},\"inLanguage\":\"es\",\"potentialAction\":[{\"@type\":\"ReadAction\",\"target\":[\"https:\/\/www.discovergilbert.com\/es\/explora\/golf\/\"]}]},{\"@type\":\"BreadcrumbList\",\"@id\":\"https:\/\/www.discovergilbert.com\/es\/explora\/golf\/#breadcrumb\",\"itemListElement\":[{\"@type\":\"ListItem\",\"position\":1,\"name\":\"Home\",\"item\":\"https:\/\/www.discovergilbert.com\/es\/\"},{\"@type\":\"ListItem\",\"position\":2,\"name\":\"Explora\",\"item\":\"https:\/\/www.discovergilbert.com\/es\/explora\/\"},{\"@type\":\"ListItem\",\"position\":3,\"name\":\"Golf\"}]},{\"@type\":\"WebSite\",\"@id\":\"https:\/\/www.discovergilbert.com\/es\/#website\",\"url\":\"https:\/\/www.discovergilbert.com\/es\/\",\"name\":\"Discover Gilbert\",\"description\":\"Let us be your local guide\",\"publisher\":{\"@id\":\"https:\/\/www.discovergilbert.com\/es\/#organization\"},\"potentialAction\":[{\"@type\":\"SearchAction\",\"target\":{\"@type\":\"EntryPoint\",\"urlTemplate\":\"https:\/\/www.discovergilbert.com\/es\/?s={search_term_string}\"},\"query-input\":{\"@type\":\"PropertyValueSpecification\",\"valueRequired\":true,\"valueName\":\"search_term_string\"}}],\"inLanguage\":\"es\"},{\"@type\":\"Organization\",\"@id\":\"https:\/\/www.discovergilbert.com\/es\/#organization\",\"name\":\"Discover Gilbert\",\"url\":\"https:\/\/www.discovergilbert.com\/es\/\",\"logo\":{\"@type\":\"ImageObject\",\"inLanguage\":\"es\",\"@id\":\"https:\/\/www.discovergilbert.com\/es\/#\/schema\/logo\/image\/\",\"url\":\"https:\/\/www.discovergilbert.com\/wp-content\/uploads\/2025\/10\/discover-gilbert-logo-full-color-rgb-900px-w-72ppi.png\",\"contentUrl\":\"https:\/\/www.discovergilbert.com\/wp-content\/uploads\/2025\/10\/discover-gilbert-logo-full-color-rgb-900px-w-72ppi.png\",\"width\":600,\"height\":200,\"caption\":\"Discover Gilbert\"},\"image\":{\"@id\":\"https:\/\/www.discovergilbert.com\/es\/#\/schema\/logo\/image\/\"},\"sameAs\":[\"https:\/\/www.facebook.com\/DiscoverGilbertAZ\",\"https:\/\/www.instagram.com\/discovergilbert\"]}]}<\/script>\n<!-- \/ Yoast SEO plugin. -->","yoast_head_json":{"title":"Golf - Discover Gilbert","robots":{"index":"index","follow":"follow","max-snippet":"max-snippet:-1","max-image-preview":"max-image-preview:large","max-video-preview":"max-video-preview:-1"},"canonical":"https:\/\/www.discovergilbert.com\/es\/explora\/golf\/","og_locale":"es_MX","og_type":"article","og_title":"Golf - Discover Gilbert","og_description":"Golf Descubre nuestros campos en el desierto Emb\u00e1rcate en una experiencia de golf donde cada golpe se acompa\u00f1a de imponentes vistas a las monta\u00f1as y del encanto del amplio cielo des\u00e9rtico. En Gilbert, los campos ofrecen un verdadero santuario para el esp\u00edritu del juego, invitando tanto a golfistas de fin de semana como a quienes [&hellip;]","og_site_name":"Discover Gilbert","article_publisher":"https:\/\/www.facebook.com\/DiscoverGilbertAZ","article_modified_time":"2026-03-31T15:11:28+00:00","twitter_card":"summary_large_image","twitter_misc":{"Tiempo de lectura":"7 minutos"},"schema":{"@context":"https:\/\/schema.org","@graph":[{"@type":"WebPage","@id":"https:\/\/www.discovergilbert.com\/es\/explora\/golf\/","url":"https:\/\/www.discovergilbert.com\/es\/explora\/golf\/","name":"Golf - Discover Gilbert","isPartOf":{"@id":"https:\/\/www.discovergilbert.com\/es\/#website"},"datePublished":"2024-05-16T04:30:34+00:00","dateModified":"2026-03-31T15:11:28+00:00","breadcrumb":{"@id":"https:\/\/www.discovergilbert.com\/es\/explora\/golf\/#breadcrumb"},"inLanguage":"es","potentialAction":[{"@type":"ReadAction","target":["https:\/\/www.discovergilbert.com\/es\/explora\/golf\/"]}]},{"@type":"BreadcrumbList","@id":"https:\/\/www.discovergilbert.com\/es\/explora\/golf\/#breadcrumb","itemListElement":[{"@type":"ListItem","position":1,"name":"Home","item":"https:\/\/www.discovergilbert.com\/es\/"},{"@type":"ListItem","position":2,"name":"Explora","item":"https:\/\/www.discovergilbert.com\/es\/explora\/"},{"@type":"ListItem","position":3,"name":"Golf"}]},{"@type":"WebSite","@id":"https:\/\/www.discovergilbert.com\/es\/#website","url":"https:\/\/www.discovergilbert.com\/es\/","name":"Discover Gilbert","description":"Let us be your local guide","publisher":{"@id":"https:\/\/www.discovergilbert.com\/es\/#organization"},"potentialAction":[{"@type":"SearchAction","target":{"@type":"EntryPoint","urlTemplate":"https:\/\/www.discovergilbert.com\/es\/?s={search_term_string}"},"query-input":{"@type":"PropertyValueSpecification","valueRequired":true,"valueName":"search_term_string"}}],"inLanguage":"es"},{"@type":"Organization","@id":"https:\/\/www.discovergilbert.com\/es\/#organization","name":"Discover Gilbert","url":"https:\/\/www.discovergilbert.com\/es\/","logo":{"@type":"ImageObject","inLanguage":"es","@id":"https:\/\/www.discovergilbert.com\/es\/#\/schema\/logo\/image\/","url":"https:\/\/www.discovergilbert.com\/wp-content\/uploads\/2025\/10\/discover-gilbert-logo-full-color-rgb-900px-w-72ppi.png","contentUrl":"https:\/\/www.discovergilbert.com\/wp-content\/uploads\/2025\/10\/discover-gilbert-logo-full-color-rgb-900px-w-72ppi.png","width":600,"height":200,"caption":"Discover Gilbert"},"image":{"@id":"https:\/\/www.discovergilbert.com\/es\/#\/schema\/logo\/image\/"},"sameAs":["https:\/\/www.facebook.com\/DiscoverGilbertAZ","https:\/\/www.instagram.com\/discovergilbert"]}]}},"_links":{"self":[{"href":"https:\/\/www.discovergilbert.com\/es\/wp-json\/wp\/v2\/pages\/7836","targetHints":{"allow":["GET"]}}],"collection":[{"href":"https:\/\/www.discovergilbert.com\/es\/wp-json\/wp\/v2\/pages"}],"about":[{"href":"https:\/\/www.discovergilbert.com\/es\/wp-json\/wp\/v2\/types\/page"}],"author":[{"embeddable":true,"href":"https:\/\/www.discovergilbert.com\/es\/wp-json\/wp\/v2\/users\/1"}],"replies":[{"embeddable":true,"href":"https:\/\/www.discovergilbert.com\/es\/wp-json\/wp\/v2\/comments?post=7836"}],"version-history":[{"count":14,"href":"https:\/\/www.discovergilbert.com\/es\/wp-json\/wp\/v2\/pages\/7836\/revisions"}],"predecessor-version":[{"id":9989,"href":"https:\/\/www.discovergilbert.com\/es\/wp-json\/wp\/v2\/pages\/7836\/revisions\/9989"}],"up":[{"embeddable":true,"href":"https:\/\/www.discovergilbert.com\/es\/wp-json\/wp\/v2\/pages\/7797"}],"wp:attachment":[{"href":"https:\/\/www.discovergilbert.com\/es\/wp-json\/wp\/v2\/media?parent=7836"}],"curies":[{"name":"wp","href":"https:\/\/api.w.org\/{rel}","templated":true}]}}